{"id":527,"date":"2018-03-31T22:13:34","date_gmt":"2018-03-31T21:13:34","guid":{"rendered":"https:\/\/tradisom.com\/\/?post_type=product&#038;p=527"},"modified":"2025-11-18T17:55:20","modified_gmt":"2025-11-18T16:55:20","slug":"lieder-schubert-wolf","status":"publish","type":"product","link":"https:\/\/tradisom.com\/en\/product\/lieder-schubert-wolf\/","title":{"rendered":"Lieder &#8211; Schubert &#038; Wolf"},"content":{"rendered":"<p>NUNO VIEIRA DE ALMEIDA \u2013 piano<\/p>\n<p>IN\u00caS CALAZANS \u2013 voz<\/p>\n<p>canto e piano<\/p>\n<p>In\u00eas Calazans concluiu o curso da Escola Superior de M\u00fasica de Lisboa com a classifica\u00e7\u00e3o m\u00e1xima e concluiu o mestrado na Alemanha.<\/p>\n<p>Recebeu o primeiro pr\u00e9mio em v\u00e1rios concursos de Portugal e Alemanha (em 1995, 1998 e 2001) e tem desenvolvido uma carreira internacional que tamb\u00e9m se estende a Fran\u00e7a, \u00c1ustria, Su\u00ed\u00e7a, Gr\u00e9cia, B\u00f3snia, Macau, Brasil e Argentina, entre outros.<\/p>\n<p>A soprano disse sentir-se acarinhada em Portugal, mas admitiu ser mais f\u00e1cil trabalhar na Alemanha, onde &#8220;a tradi\u00e7\u00e3o musical est\u00e1 completamente enraizada e mesmo uma pessoa comum que trabalha oito horas num escrit\u00f3rio&#8221; assiste frequentemente a concertos.<\/p>\n<p>Nuno Vieira de Almeida \u00e9 professor na Escola Superior de M\u00fasica de Lisboa, tendo sido pianista, actor e consultor musical no filme &#8220;Vale Abra\u00e3o&#8221;, de Manoel de Oliveira.<\/p>\n<p>Nuno Vieira de Almeida,\u00a0 bolseiro da Funda\u00e7\u00e3o Gulbenkian, trabalhou em Viena com Leonid Brumberg e em Londres com Geoffrey Parsons.<\/p>\n<p>Em Portugal j\u00e1 participou em diversas primeiras audi\u00e7\u00f5es de obras de Wolf, Zemlinsky, Berio, Von Einem, Schreker, Korngold, Ives, Weill, Bernstein, Britten,Webern, Sch\u00f6nberg, com os mais importantes cantores portugueses.<\/p>\n<p>Trabalha regularmente com cantores como Elsa Saque, Gundula Janowitz, Ulla Gustafsson, Elisabete Matos, Liliana Bizineche, Jennifer Smith, Carol Smith, Alison Browner, Peter Weber, entre outros.<\/p>\n<p>Embora pertencendo a diferentes gera\u00e7\u00f5es, os universos po\u00e9ticos de Schubert e Wolf partilham uma tem\u00e1tica id\u00eantica, pois reencontramos nas can\u00e7\u00f5es deste \u00faltimo, gravadas neste disco, os grandes temas da l\u00edrica rom\u00e2ntica j\u00e1 abordados na parte do disco consagrada ao compositor mais velho, sobretudo os que correspondem \u00e0 evoca\u00e7\u00e3o do canto como portador privilegiado dos afectos e \u00e0 identifica\u00e7\u00e3o multifacetada mas sempre intensa entre a express\u00e3o desses afectos e as for\u00e7as da Natureza envolvente.<br \/>\nDepois de Wolf teremos ainda grandes momentos de gra\u00e7a do Lied, \u00e0s m\u00e3os de um Richard Strauss ou de um Berg, quando n\u00e3o mesmo \u00e0s de um Zemlinsky ou de um Korngold, do mesmo modo que antes de Schubert os t\u00ednhamos tido \u00e0s m\u00e3os de um Mozart ou de um Beethoven, ou at\u00e9 \u00e0s de um Loewe ou de um Reichardt. Mas n\u00e3o h\u00e1 d\u00favida que o percurso fundamental do g\u00e9nero no seio do Romantismo germ\u00e2nico se delimita entre estes dois gigantes \u2013 Schubert e Wolf \u2013 que balizam o s\u00e9culo XIX, aqui notavelmente interpretados pela voz de In\u00eas Calazans, acompanhada ao piano por Nuno Vieira de Almeida.<\/p>\n","protected":false},"excerpt":{"rendered":"<p><iframe loading=\"lazy\" src=\"https:\/\/w.soundcloud.com\/player\/?url=https%3A\/\/api.soundcloud.com\/playlists\/1456371160&amp;color=%23ff5500&amp;auto_play=false&amp;hide_related=false&amp;show_comments=true&amp;show_user=false&amp;show_reposts=false&amp;show_teaser=true\" width=\"100%\" height=\"450\" frameborder=\"no\" scrolling=\"no\"><\/iframe><\/p>\n<div style=\"font-size: 10px; color: #cccccc; line-break: anywhere; word-break: normal; overflow: hidden; white-space: nowrap; text-overflow: ellipsis; font-family: Interstate,Lucida Grande,Lucida Sans Unicode,Lucida Sans,Garuda,Verdana,Tahoma,sans-serif; font-weight: 100;\"><a style=\"color: #cccccc; text-decoration: none;\" title=\"Tradisom\" href=\"https:\/\/soundcloud.com\/tradisom\" target=\"_blank\" rel=\"noopener\">Tradisom<\/a> \u00b7 <a style=\"color: #cccccc; text-decoration: none;\" title=\"Lieder \u2013 Schubert &amp; Wolf\" href=\"https:\/\/soundcloud.com\/tradisom\/sets\/lieder-schubert-wolf\" target=\"_blank\" rel=\"noopener\">Lieder \u2013 Schubert &amp; Wolf<\/a><\/div>\n","protected":false},"featured_media":16579,"template":"","meta":[],"product_brand":[],"product_cat":[319,316,315],"product_tag":[],"class_list":{"0":"post-527","1":"product","2":"type-product","3":"status-publish","4":"has-post-thumbnail","6":"product_cat-classica-discos-tradisom","7":"product_cat-discos-tradisom","8":"product_cat-tradisom","10":"first","11":"instock","12":"shipping-taxable","13":"purchasable","14":"product-type-simple"},"_links":{"self":[{"href":"https:\/\/tradisom.com\/en\/wp-json\/wp\/v2\/product\/527","targetHints":{"allow":["GET"]}}],"collection":[{"href":"https:\/\/tradisom.com\/en\/wp-json\/wp\/v2\/product"}],"about":[{"href":"https:\/\/tradisom.com\/en\/wp-json\/wp\/v2\/types\/product"}],"wp:featuredmedia":[{"embeddable":true,"href":"https:\/\/tradisom.com\/en\/wp-json\/wp\/v2\/media\/16579"}],"wp:attachment":[{"href":"https:\/\/tradisom.com\/en\/wp-json\/wp\/v2\/media?parent=527"}],"wp:term":[{"taxonomy":"product_brand","embeddable":true,"href":"https:\/\/tradisom.com\/en\/wp-json\/wp\/v2\/product_brand?post=527"},{"taxonomy":"product_cat","embeddable":true,"href":"https:\/\/tradisom.com\/en\/wp-json\/wp\/v2\/product_cat?post=527"},{"taxonomy":"product_tag","embeddable":true,"href":"https:\/\/tradisom.com\/en\/wp-json\/wp\/v2\/product_tag?post=527"}],"curies":[{"name":"wp","href":"https:\/\/api.w.org\/{rel}","templated":true}]}}