{"id":525,"date":"2018-03-31T22:11:52","date_gmt":"2018-03-31T21:11:52","guid":{"rendered":"https:\/\/tradisom.com\/\/?post_type=product&#038;p=525"},"modified":"2025-09-01T18:38:06","modified_gmt":"2025-09-01T17:38:06","slug":"orquestra-espoarte","status":"publish","type":"product","link":"https:\/\/tradisom.com\/en\/product\/orquestra-espoarte\/","title":{"rendered":"Astor Piazolla, Lindembergue Cardoso e Joseph Haydn"},"content":{"rendered":"<p>Obras de ASTOR PIAZOLLA, LINDEMBERGUE CARDOSO\u00a0 e\u00a0 JOSEPH HAYDN<\/p>\n<p>Sob a direc\u00e7\u00e3o do Maestro ROBERTO PEREZ<\/p>\n<p>N\u00e3o foi h\u00e1 muito tempo atr\u00e1s que no gabinete da direc\u00e7\u00e3o da Esproarte, o seu director art\u00edstico, o professor Gustavo Delgado, lan\u00e7ou o desafio de gravar um CD comemorando os dez anos da escola.<\/p>\n<p>Os primeiros problemas foram seleccionar o programa que ia ser gravado e encontrar datas para a grava\u00e7\u00e3o.<\/p>\n<p>Como era de esperar, no programa que se estava discutindo combin\u00e1mos n\u00e3o incorporar obras que fossem de grande difus\u00e3o, n\u00e3o s\u00f3 para evitar as sempre pouco confort\u00e1veis compara\u00e7\u00f5es, mas para oferecer ao mercado mais hip\u00f3teses de escolha.<\/p>\n<p>A Orquestra da Esproarte \u00e9 composta por jovens alunos e funciona dentro do \u00e2mbito de uma escola. Da\u00ed que o repert\u00f3rio gravado tivesse que ser consequ\u00eancia dum trabalho de aula, mais concretamente dum per\u00edodo escolar.<\/p>\n<p>Uma sinfonia cl\u00e1ssica.<\/p>\n<p>Uma obra contempor\u00e2nea.<\/p>\n<p>Uma obra com solista.<\/p>\n<p>A sinfonia tinha que ser escolhida entre as de Haydn ou Mozart.<\/p>\n<p>A obra contempor\u00e2nea coincidiu com a obra de acompanhamento a um solista.<\/p>\n<p>E para aproveitar o trabalho do per\u00edodo passado, uma pe\u00e7a de f\u00e1cil execu\u00e7\u00e3o, mas com problemas de \u201ccompenetra\u00e7\u00e3o estil\u00edstica\u201d.<\/p>\n<p>De entre 145 sinfonias escolhemos \u201cIl Distratto\u201d a n\u00famero 60 de F. J. Haydn.<\/p>\n<p>A obra contempor\u00e2nea com solista foi seleccionada entre variadas op\u00e7\u00f5es entre as quais estavam, \u201cImpresiones de la puna\u201d, de Alberto Ginastera. Mas a selec\u00e7\u00e3o calhou sobre as \u201cNove varia\u00e7\u00f5es para fagote e orquestra de cordas\u201d do compositor brasileiro Lindembergue Cardoso.<\/p>\n<p>A obra de Piazolla incorporada neste CD tem vindo a ganhar espa\u00e7o entre os grupos de cordas (e n\u00e3o s\u00f3) e com esta participa\u00e7\u00e3o esperamos contribuir para a difus\u00e3o do que dentro de n\u00e3o muito tempo ser\u00e1 um cl\u00e1ssico entre as orquestras de cordas.<\/p>\n<p>\u00c1 primeira vista poder\u00e1 parecer um programa breve, mas se tivermos em conta que se trata de jovens alunos do n\u00edvel m\u00e9dio e do pouco tempo que tivermos para a realiza\u00e7\u00e3o deste projecto, vamos apreciar duplamente este trabalho.<\/p>\n","protected":false},"excerpt":{"rendered":"<p>Obras de ASTOR PIAZOLLA, LINDEMBERGUE CARDOSO\u00a0 e\u00a0 JOSEPH HAYDN Sob a direc\u00e7\u00e3o do Maestro ROBERTO PEREZ N\u00e3o foi h\u00e1 muito tempo atr\u00e1s que no gabinete da direc\u00e7\u00e3o da Esproarte, o seu director art\u00edstico, o professor Gustavo Delgado, lan\u00e7ou o desafio de gravar um CD comemorando os dez anos da escola. Os primeiros problemas foram seleccionar [&#8230;]\n","protected":false},"featured_media":16577,"template":"","meta":[],"product_brand":[],"product_cat":[380,315],"product_tag":[],"class_list":{"0":"post-525","1":"product","2":"type-product","3":"status-publish","4":"has-post-thumbnail","6":"product_cat-mp3","7":"product_cat-tradisom","9":"first","10":"outofstock","11":"shipping-taxable","12":"purchasable","13":"product-type-variable"},"_links":{"self":[{"href":"https:\/\/tradisom.com\/en\/wp-json\/wp\/v2\/product\/525","targetHints":{"allow":["GET"]}}],"collection":[{"href":"https:\/\/tradisom.com\/en\/wp-json\/wp\/v2\/product"}],"about":[{"href":"https:\/\/tradisom.com\/en\/wp-json\/wp\/v2\/types\/product"}],"wp:featuredmedia":[{"embeddable":true,"href":"https:\/\/tradisom.com\/en\/wp-json\/wp\/v2\/media\/16577"}],"wp:attachment":[{"href":"https:\/\/tradisom.com\/en\/wp-json\/wp\/v2\/media?parent=525"}],"wp:term":[{"taxonomy":"product_brand","embeddable":true,"href":"https:\/\/tradisom.com\/en\/wp-json\/wp\/v2\/product_brand?post=525"},{"taxonomy":"product_cat","embeddable":true,"href":"https:\/\/tradisom.com\/en\/wp-json\/wp\/v2\/product_cat?post=525"},{"taxonomy":"product_tag","embeddable":true,"href":"https:\/\/tradisom.com\/en\/wp-json\/wp\/v2\/product_tag?post=525"}],"curies":[{"name":"wp","href":"https:\/\/api.w.org\/{rel}","templated":true}]}}