{"id":517,"date":"2018-03-31T21:59:23","date_gmt":"2018-03-31T20:59:23","guid":{"rendered":"https:\/\/tradisom.com\/\/?post_type=product&#038;p=517"},"modified":"2025-11-18T17:52:47","modified_gmt":"2025-11-18T16:52:47","slug":"memorias-do-fado-cantadeiras-de-lisboa","status":"publish","type":"product","link":"https:\/\/tradisom.com\/en\/product\/memorias-do-fado-cantadeiras-de-lisboa\/","title":{"rendered":"Mem\u00f3rias do Fado &#8211; Cantadeiras de Lisboa"},"content":{"rendered":"<p>\u00c9 sobretudo na d\u00e9cada de 30 que o Fado atinge grande popularidade, atrav\u00e9s do decisivo contributo de cantadores e cantadeiras que o souberam dignificar e t\u00e3o bem interpretar. As cantadeiras de Lisboa deixaram os seus nomes gravados na Hist\u00f3ria do Fado, muitas com brilhantes carreiras, aut\u00eanticos \u00eddolos para in\u00fameros admiradores, conseguindo aumentar substancialmente o n\u00famero dos apreciadores de Fado. Aqui retratamos alguma delas, destacando-se Dina Tereza, Maria Silva (Mariasinha), Ermelinda Vit\u00f3ria, Maria Em\u00edlia Ferreira, Maria do Carmo, Celestina Lu\u00edsa, Adelina Fernandes, Maria do Carmo Torres e Madalena de Melo.<\/p>\n<p>Cole\u00e7\u00e3o de seis livro-cds (livros de capa dura) contendo registos hist\u00f3ricos extra\u00eddos da cole\u00e7\u00e3o de discos de 78 rota\u00e7\u00f5es de Jos\u00e9 Mo\u00e7as, recentemente incorporada no patrim\u00f3nio da Universidade de Aveiro, por doa\u00e7\u00e3o deste.<\/p>\n<p>As grava\u00e7\u00f5es aqui documentadas foram todas registadas nas primeiras d\u00e9cadas do s\u00e9culo XX, transcritas e remasterizadas por um dos melhores t\u00e9cnicos do mundo, o galego Jos\u00e9 Navia.<\/p>\n","protected":false},"excerpt":{"rendered":"<p><iframe loading=\"lazy\" src=\"https:\/\/w.soundcloud.com\/player\/?url=https%3A\/\/api.soundcloud.com\/playlists\/1455924877&amp;color=%23ff5500&amp;auto_play=false&amp;hide_related=false&amp;show_comments=true&amp;show_user=false&amp;show_reposts=false&amp;show_teaser=true\" width=\"100%\" height=\"450\" frameborder=\"no\" scrolling=\"no\"><\/iframe><\/p>\n<div style=\"font-size: 10px; color: #cccccc; line-break: anywhere; word-break: normal; overflow: hidden; white-space: nowrap; text-overflow: ellipsis; font-family: Interstate,Lucida Grande,Lucida Sans Unicode,Lucida Sans,Garuda,Verdana,Tahoma,sans-serif; font-weight: 100;\"><a style=\"color: #cccccc; text-decoration: none;\" title=\"Tradisom\" href=\"https:\/\/soundcloud.com\/tradisom\" target=\"_blank\" rel=\"noopener\">Tradisom<\/a> \u00b7 <a style=\"color: #cccccc; text-decoration: none;\" title=\"Mem\u00f3rias do Fado \u2013 Cantadeiras de Lisboa\" href=\"https:\/\/soundcloud.com\/tradisom\/sets\/memorias-do-fado-cantadeiras-de-lisboa\" target=\"_blank\" rel=\"noopener\">Mem\u00f3rias do Fado \u2013 Cantadeiras de Lisboa<\/a><\/div>\n","protected":false},"featured_media":16571,"template":"","meta":[],"product_brand":[],"product_cat":[316,317,315],"product_tag":[],"class_list":{"0":"post-517","1":"product","2":"type-product","3":"status-publish","4":"has-post-thumbnail","6":"product_cat-discos-tradisom","7":"product_cat-fado-discos-tradisom","8":"product_cat-tradisom","10":"first","11":"instock","12":"shipping-taxable","13":"purchasable","14":"product-type-simple"},"_links":{"self":[{"href":"https:\/\/tradisom.com\/en\/wp-json\/wp\/v2\/product\/517","targetHints":{"allow":["GET"]}}],"collection":[{"href":"https:\/\/tradisom.com\/en\/wp-json\/wp\/v2\/product"}],"about":[{"href":"https:\/\/tradisom.com\/en\/wp-json\/wp\/v2\/types\/product"}],"wp:featuredmedia":[{"embeddable":true,"href":"https:\/\/tradisom.com\/en\/wp-json\/wp\/v2\/media\/16571"}],"wp:attachment":[{"href":"https:\/\/tradisom.com\/en\/wp-json\/wp\/v2\/media?parent=517"}],"wp:term":[{"taxonomy":"product_brand","embeddable":true,"href":"https:\/\/tradisom.com\/en\/wp-json\/wp\/v2\/product_brand?post=517"},{"taxonomy":"product_cat","embeddable":true,"href":"https:\/\/tradisom.com\/en\/wp-json\/wp\/v2\/product_cat?post=517"},{"taxonomy":"product_tag","embeddable":true,"href":"https:\/\/tradisom.com\/en\/wp-json\/wp\/v2\/product_tag?post=517"}],"curies":[{"name":"wp","href":"https:\/\/api.w.org\/{rel}","templated":true}]}}