{"id":511,"date":"2018-03-31T21:56:39","date_gmt":"2018-03-31T20:56:39","guid":{"rendered":"https:\/\/tradisom.com\/\/?post_type=product&#038;p=511"},"modified":"2025-11-18T17:52:02","modified_gmt":"2025-11-18T16:52:02","slug":"memorias-do-fado-fernando-farinha","status":"publish","type":"product","link":"https:\/\/tradisom.com\/en\/product\/memorias-do-fado-fernando-farinha\/","title":{"rendered":"Mem\u00f3rias do Fado &#8211; Fernando Farinha"},"content":{"rendered":"<p>\u00c9 uma das vozes mais emblem\u00e1ticas da hist\u00f3ria do fado. Come\u00e7ou a cantar muito jovem e ficou para sempre conhecido como \u201co mi\u00fado da Bica\u201d. Com apenas seis anos de idade, Fernando Farinha j\u00e1 cantava para os seus colegas da escola, e para os vizinhos, que se deliciavam a ouvi-lo, e gostava de imitar Filipe Pinto e Alfredo Marceneiro, no jeito e no gesto, dois grandes nomes do Fado daquela \u00e9poca. Gravou mesmo o primeiro disco com apenas 11 anos. Ao ouvirmos as suas grava\u00e7\u00f5es, editadas no primeiro quartel do s\u00e9culo XX, e inseridas neste CD, logo nos apercebemos das qualidades deste grande int\u00e9rprete de fado, cuja voz se manteve com o timbre e jeito muito pessoal que sempre o caracterizaram, qualidades que o povo portugu\u00eas sempre reconheceu com calorosos aplausos, estima e admira\u00e7\u00e3o.<\/p>\n","protected":false},"excerpt":{"rendered":"<p><iframe loading=\"lazy\" src=\"https:\/\/w.soundcloud.com\/player\/?url=https%3A\/\/api.soundcloud.com\/playlists\/1455904084&amp;color=%23ff5500&amp;auto_play=false&amp;hide_related=false&amp;show_comments=true&amp;show_user=false&amp;show_reposts=false&amp;show_teaser=true\" width=\"100%\" height=\"450\" frameborder=\"no\" scrolling=\"no\"><\/iframe><\/p>\n<div style=\"font-size: 10px; color: #cccccc; line-break: anywhere; word-break: normal; overflow: hidden; white-space: nowrap; text-overflow: ellipsis; font-family: Interstate,Lucida Grande,Lucida Sans Unicode,Lucida Sans,Garuda,Verdana,Tahoma,sans-serif; font-weight: 100;\"><a style=\"color: #cccccc; text-decoration: none;\" title=\"Tradisom\" href=\"https:\/\/soundcloud.com\/tradisom\" target=\"_blank\" rel=\"noopener\">Tradisom<\/a> \u00b7 <a style=\"color: #cccccc; text-decoration: none;\" title=\"Mem\u00f3rias do Fado \u2013 Fernando Farinha\" href=\"https:\/\/soundcloud.com\/tradisom\/sets\/memorias-do-fado-fernando-farinha\" target=\"_blank\" rel=\"noopener\">Mem\u00f3rias do Fado \u2013 Fernando Farinha<\/a><\/div>\n","protected":false},"featured_media":16565,"template":"","meta":[],"product_brand":[],"product_cat":[316,317,315],"product_tag":[280],"class_list":{"0":"post-511","1":"product","2":"type-product","3":"status-publish","4":"has-post-thumbnail","6":"product_cat-discos-tradisom","7":"product_cat-fado-discos-tradisom","8":"product_cat-tradisom","9":"product_tag-memorias-do-fado","11":"first","12":"instock","13":"shipping-taxable","14":"purchasable","15":"product-type-simple"},"_links":{"self":[{"href":"https:\/\/tradisom.com\/en\/wp-json\/wp\/v2\/product\/511","targetHints":{"allow":["GET"]}}],"collection":[{"href":"https:\/\/tradisom.com\/en\/wp-json\/wp\/v2\/product"}],"about":[{"href":"https:\/\/tradisom.com\/en\/wp-json\/wp\/v2\/types\/product"}],"wp:featuredmedia":[{"embeddable":true,"href":"https:\/\/tradisom.com\/en\/wp-json\/wp\/v2\/media\/16565"}],"wp:attachment":[{"href":"https:\/\/tradisom.com\/en\/wp-json\/wp\/v2\/media?parent=511"}],"wp:term":[{"taxonomy":"product_brand","embeddable":true,"href":"https:\/\/tradisom.com\/en\/wp-json\/wp\/v2\/product_brand?post=511"},{"taxonomy":"product_cat","embeddable":true,"href":"https:\/\/tradisom.com\/en\/wp-json\/wp\/v2\/product_cat?post=511"},{"taxonomy":"product_tag","embeddable":true,"href":"https:\/\/tradisom.com\/en\/wp-json\/wp\/v2\/product_tag?post=511"}],"curies":[{"name":"wp","href":"https:\/\/api.w.org\/{rel}","templated":true}]}}