{"id":501,"date":"2018-03-31T21:49:27","date_gmt":"2018-03-31T21:49:27","guid":{"rendered":"https:\/\/tradisom.com\/\/?post_type=product&#038;p=501"},"modified":"2025-09-01T18:39:10","modified_gmt":"2025-09-01T17:39:10","slug":"a-origem-do-fado-cd-3","status":"publish","type":"product","link":"https:\/\/tradisom.com\/en\/product\/a-origem-do-fado-cd-3\/","title":{"rendered":"A Origem do Fado 3"},"content":{"rendered":"<p>As origens do Fado andam envoltas em mist\u00e9rio. H\u00e1 quem acredite que o Fado nasceu no Brasil, em \u00c1frica, no mar ao sabor das ondas, ou que nos chegou trazido pelos \u00e1rabes!<\/p>\n<p>Afinal a sua origem \u00e9 simplesmente portuguesa, verdadeiramente portuguesa, essa convic\u00e7\u00e3o e a tese do autor.<\/p>\n<p>Atrav\u00e9s de uma investiga\u00e7\u00e3o s\u00e9ria, rigorosa, profunda e consistente junto das comunidades rurais de todas as prov\u00edncias, o autor descobriu os resqu\u00edcios de uma antiqu\u00edssima tradi\u00e7\u00e3o po\u00e9tico-musical comum a todo o pa\u00eds (aldeias, vilas e cidades, incluindo Lisboa), que constitui a g\u00e9nese do Fado: o canto narrativo, que vem desde o s\u00e9c.XVI representado pelo romanceiro novelesco tradicional e que chegou aos nossos dias atrav\u00e9s dos m\u00fasicos ambulantes entre ao quais os ceguinhos da tradi\u00e7\u00e3o popular, que cantavam pelas feiras e ruas de todo o pa\u00eds os \u00faltimos acontecimentos que impressionavam o seu audit\u00f3rio: os crimes, as desgra\u00e7as, as trag\u00e9dias, as vidas da gente comum, que o mesmo \u00e9 dizer os fados da gente comum.<\/p>\n<p>S\u00e3o esses os fados primitivos (a que pejorativamente se chama fados da desgra\u00e7adinha ou de faca e alguidar), \u00e9 a\u00ed que se situa a origem, a raiz do Fado.<\/p>\n<p>O livro possui 550 p\u00e1ginas, amplamente ilustrado com fotografias a cores, e \u00e9 acompanhado com quatro CDs, sendo este o CD3, contendo recolhas musicais feitas pelo autor junto das comunidades rurais de todo o pa\u00eds, \u00faltimas deposit\u00e1rias desses cantos narrativos das feiras, afinal o fado primitivo ou origin\u00e1rio.<\/p>\n<p>Esta edi\u00e7\u00e3o \u00e9 um acontecimento de enorme import\u00e2ncia para a Cultura Popular Portuguesa.<\/p>\n","protected":false},"excerpt":{"rendered":"<p>MP3<\/p>\n<p><iframe loading=\"lazy\" src=\"https:\/\/w.soundcloud.com\/player\/?url=https%3A\/\/api.soundcloud.com\/playlists\/1455860563&amp;color=%23ff5500&amp;auto_play=false&amp;hide_related=false&amp;show_comments=true&amp;show_user=true&amp;show_reposts=false&amp;show_teaser=true\" width=\"100%\" height=\"450\" frameborder=\"no\" scrolling=\"no\"><\/iframe><\/p>\n<div style=\"font-size: 10px; color: #cccccc; line-break: anywhere; word-break: normal; overflow: hidden; white-space: nowrap; text-overflow: ellipsis; font-family: Interstate,Lucida Grande,Lucida Sans Unicode,Lucida Sans,Garuda,Verdana,Tahoma,sans-serif; font-weight: 100;\"><a style=\"color: #cccccc; text-decoration: none;\" title=\"Tradisom\" href=\"https:\/\/soundcloud.com\/tradisom\" target=\"_blank\" rel=\"noopener\">Tradisom<\/a> \u00b7 <a style=\"color: #cccccc; text-decoration: none;\" title=\"A Origem do Fado 3\" href=\"https:\/\/soundcloud.com\/tradisom\/sets\/a-origem-do-fado-3\" target=\"_blank\" rel=\"noopener\">A Origem do Fado 3<\/a><\/div>\n","protected":false},"featured_media":16557,"template":"","meta":[],"product_brand":[],"product_cat":[316,317,315],"product_tag":[],"class_list":{"0":"post-501","1":"product","2":"type-product","3":"status-publish","4":"has-post-thumbnail","6":"product_cat-discos-tradisom","7":"product_cat-fado-discos-tradisom","8":"product_cat-tradisom","10":"first","11":"instock","12":"downloadable","13":"virtual","14":"purchasable","15":"product-type-simple"},"_links":{"self":[{"href":"https:\/\/tradisom.com\/en\/wp-json\/wp\/v2\/product\/501","targetHints":{"allow":["GET"]}}],"collection":[{"href":"https:\/\/tradisom.com\/en\/wp-json\/wp\/v2\/product"}],"about":[{"href":"https:\/\/tradisom.com\/en\/wp-json\/wp\/v2\/types\/product"}],"wp:featuredmedia":[{"embeddable":true,"href":"https:\/\/tradisom.com\/en\/wp-json\/wp\/v2\/media\/16557"}],"wp:attachment":[{"href":"https:\/\/tradisom.com\/en\/wp-json\/wp\/v2\/media?parent=501"}],"wp:term":[{"taxonomy":"product_brand","embeddable":true,"href":"https:\/\/tradisom.com\/en\/wp-json\/wp\/v2\/product_brand?post=501"},{"taxonomy":"product_cat","embeddable":true,"href":"https:\/\/tradisom.com\/en\/wp-json\/wp\/v2\/product_cat?post=501"},{"taxonomy":"product_tag","embeddable":true,"href":"https:\/\/tradisom.com\/en\/wp-json\/wp\/v2\/product_tag?post=501"}],"curies":[{"name":"wp","href":"https:\/\/api.w.org\/{rel}","templated":true}]}}