{"id":499,"date":"2018-03-31T21:48:52","date_gmt":"2018-03-31T21:48:52","guid":{"rendered":"https:\/\/tradisom.com\/\/?post_type=product&#038;p=499"},"modified":"2025-09-01T18:39:15","modified_gmt":"2025-09-01T17:39:15","slug":"a-origem-do-fado-cd-4","status":"publish","type":"product","link":"https:\/\/tradisom.com\/en\/product\/a-origem-do-fado-cd-4\/","title":{"rendered":"A Origem do Fado 4"},"content":{"rendered":"<p>As origens do Fado andam envoltas em mist\u00e9rio. H\u00e1 quem acredite que o Fado nasceu no Brasil, em \u00c1frica, no mar ao sabor das ondas, ou que nos chegou trazido pelos \u00e1rabes!<\/p>\n<p>Afinal a sua origem \u00e9 simplesmente portuguesa, verdadeiramente portuguesa, essa convic\u00e7\u00e3o e a tese do autor.<\/p>\n<p>Atrav\u00e9s de uma investiga\u00e7\u00e3o s\u00e9ria, rigorosa, profunda e consistente junto das comunidades rurais de todas as prov\u00edncias, o autor descobriu os resqu\u00edcios de uma antiqu\u00edssima tradi\u00e7\u00e3o po\u00e9tico-musical comum a todo o pa\u00eds (aldeias, vilas e cidades, incluindo Lisboa), que constitui a g\u00e9nese do Fado: o canto narrativo, que vem desde o s\u00e9c.XVI representado pelo romanceiro novelesco tradicional e que chegou aos nossos dias atrav\u00e9s dos m\u00fasicos ambulantes entre ao quais os ceguinhos da tradi\u00e7\u00e3o popular, que cantavam pelas feiras e ruas de todo o pa\u00eds os \u00faltimos acontecimentos que impressionavam o seu audit\u00f3rio: os crimes, as desgra\u00e7as, as trag\u00e9dias, as vidas da gente comum, que o mesmo \u00e9 dizer os fados da gente comum.<\/p>\n<p>S\u00e3o esses os fados primitivos (a que pejorativamente se chama fados da desgra\u00e7adinha ou de faca e alguidar), \u00e9 a\u00ed que se situa a origem, a raiz do Fado.<\/p>\n<p>O livro possui 550 p\u00e1ginas, amplamente ilustrado com fotografias a cores, e \u00e9 acompanhado com quatro CDs, sendo este o CD 4, contendo recolhas musicais feitas pelo autor junto das comunidades rurais de todo o pa\u00eds, \u00faltimas deposit\u00e1rias desses cantos narrativos das feiras, afinal o fado primitivo ou origin\u00e1rio.<\/p>\n<p>Esta edi\u00e7\u00e3o \u00e9 um acontecimento de enorme import\u00e2ncia para a Cultura Popular Portuguesa.<\/p>\n","protected":false},"excerpt":{"rendered":"<p>mp3<\/p>\n<p><iframe loading=\"lazy\" width=\"100%\" height=\"450\" scrolling=\"no\" frameborder=\"no\" allow=\"autoplay\" src=\"https:\/\/w.soundcloud.com\/player\/?url=https%3A\/\/api.soundcloud.com\/playlists\/1455861814&#038;color=%23ff5500&#038;auto_play=false&#038;hide_related=false&#038;show_comments=true&#038;show_user=true&#038;show_reposts=false&#038;show_teaser=true\"><\/iframe><\/p>\n<div style=\"font-size: 10px; color: #cccccc;line-break: anywhere;word-break: normal;overflow: hidden;white-space: nowrap;text-overflow: ellipsis; font-family: Interstate,Lucida Grande,Lucida Sans Unicode,Lucida Sans,Garuda,Verdana,Tahoma,sans-serif;font-weight: 100;\"><a href=\"https:\/\/soundcloud.com\/tradisom\" title=\"Tradisom\" target=\"_blank\" style=\"color: #cccccc; text-decoration: none;\" rel=\"noopener\">Tradisom<\/a> \u00b7 <a href=\"https:\/\/soundcloud.com\/tradisom\/sets\/a-origem-do-fado-4\" title=\"A Origem do Fado 4\" target=\"_blank\" style=\"color: #cccccc; text-decoration: none;\" rel=\"noopener\">A Origem do Fado 4<\/a><\/div>\n","protected":false},"featured_media":16555,"template":"","meta":[],"product_brand":[],"product_cat":[316,317,315],"product_tag":[],"class_list":{"0":"post-499","1":"product","2":"type-product","3":"status-publish","4":"has-post-thumbnail","6":"product_cat-discos-tradisom","7":"product_cat-fado-discos-tradisom","8":"product_cat-tradisom","10":"first","11":"instock","12":"downloadable","13":"virtual","14":"purchasable","15":"product-type-simple"},"_links":{"self":[{"href":"https:\/\/tradisom.com\/en\/wp-json\/wp\/v2\/product\/499","targetHints":{"allow":["GET"]}}],"collection":[{"href":"https:\/\/tradisom.com\/en\/wp-json\/wp\/v2\/product"}],"about":[{"href":"https:\/\/tradisom.com\/en\/wp-json\/wp\/v2\/types\/product"}],"wp:featuredmedia":[{"embeddable":true,"href":"https:\/\/tradisom.com\/en\/wp-json\/wp\/v2\/media\/16555"}],"wp:attachment":[{"href":"https:\/\/tradisom.com\/en\/wp-json\/wp\/v2\/media?parent=499"}],"wp:term":[{"taxonomy":"product_brand","embeddable":true,"href":"https:\/\/tradisom.com\/en\/wp-json\/wp\/v2\/product_brand?post=499"},{"taxonomy":"product_cat","embeddable":true,"href":"https:\/\/tradisom.com\/en\/wp-json\/wp\/v2\/product_cat?post=499"},{"taxonomy":"product_tag","embeddable":true,"href":"https:\/\/tradisom.com\/en\/wp-json\/wp\/v2\/product_tag?post=499"}],"curies":[{"name":"wp","href":"https:\/\/api.w.org\/{rel}","templated":true}]}}