{"id":495,"date":"2018-03-31T21:47:02","date_gmt":"2018-03-31T21:47:02","guid":{"rendered":"https:\/\/tradisom.com\/\/?post_type=product&#038;p=495"},"modified":"2023-05-20T15:34:12","modified_gmt":"2023-05-20T14:34:12","slug":"amalia-no-mundo-cd-2","status":"publish","type":"product","link":"https:\/\/tradisom.com\/en\/product\/amalia-no-mundo-cd-2\/","title":{"rendered":"Am\u00e1lia no Mundo CD 2"},"content":{"rendered":"<p>Continuando esta recolha de can\u00e7\u00f5es do repert\u00f3rio internacional de Am\u00e1lia, englobamos, neste segundo volume, as can\u00e7\u00f5es noutras l\u00ednguas do tempo em que Am\u00e1lia grava para a editora Ducretet Thomson, no per\u00edodo que vai de 1958 a 1960. Do disco \u201cAm\u00e1lia Chante en Fran\u00e7ais\u201d, destacamos um tema emblem\u00e1tico, &#8220;A\u00efe Mourir Pour Toi\u201d, que Charles Aznavour escreveu exclusivamente para ela, entre muitos outros aqui apresentados.<\/p>\n","protected":false},"excerpt":{"rendered":"<p><iframe loading=\"lazy\" src=\"https:\/\/w.soundcloud.com\/player\/?url=https%3A\/\/api.soundcloud.com\/playlists\/1364260834&amp;color=%2354541b&amp;auto_play=false&amp;hide_related=false&amp;show_comments=false&amp;show_user=false&amp;show_reposts=false&amp;show_teaser=false\" width=\"100%\" height=\"450\" frameborder=\"no\" scrolling=\"no\"><\/iframe><\/p>\n<div style=\"font-size: 10px; color: #cccccc; line-break: anywhere; word-break: normal; overflow: hidden; white-space: nowrap; text-overflow: ellipsis; font-family: Interstate,Lucida Grande,Lucida Sans Unicode,Lucida Sans,Garuda,Verdana,Tahoma,sans-serif; font-weight: 100;\"><a style=\"color: #cccccc; text-decoration: none;\" title=\"Tradisom\" href=\"https:\/\/soundcloud.com\/tradisom\" target=\"_blank\" rel=\"noopener\">Tradisom<\/a> \u00b7 <a style=\"color: #cccccc; text-decoration: none;\" title=\"Am\u00e1lia no Mundo CD2\" href=\"https:\/\/soundcloud.com\/tradisom\/sets\/amalia-no-mundo-cd2\" target=\"_blank\" rel=\"noopener\">Am\u00e1lia no Mundo CD2<\/a><\/div>\n","protected":false},"featured_media":12368,"template":"","meta":[],"product_brand":[],"product_cat":[316,317,315],"product_tag":[],"class_list":{"0":"post-495","1":"product","2":"type-product","3":"status-publish","4":"has-post-thumbnail","6":"product_cat-discos-tradisom","7":"product_cat-fado-discos-tradisom","8":"product_cat-tradisom","10":"first","11":"instock","12":"downloadable","13":"virtual","14":"purchasable","15":"product-type-simple"},"_links":{"self":[{"href":"https:\/\/tradisom.com\/en\/wp-json\/wp\/v2\/product\/495","targetHints":{"allow":["GET"]}}],"collection":[{"href":"https:\/\/tradisom.com\/en\/wp-json\/wp\/v2\/product"}],"about":[{"href":"https:\/\/tradisom.com\/en\/wp-json\/wp\/v2\/types\/product"}],"wp:featuredmedia":[{"embeddable":true,"href":"https:\/\/tradisom.com\/en\/wp-json\/wp\/v2\/media\/12368"}],"wp:attachment":[{"href":"https:\/\/tradisom.com\/en\/wp-json\/wp\/v2\/media?parent=495"}],"wp:term":[{"taxonomy":"product_brand","embeddable":true,"href":"https:\/\/tradisom.com\/en\/wp-json\/wp\/v2\/product_brand?post=495"},{"taxonomy":"product_cat","embeddable":true,"href":"https:\/\/tradisom.com\/en\/wp-json\/wp\/v2\/product_cat?post=495"},{"taxonomy":"product_tag","embeddable":true,"href":"https:\/\/tradisom.com\/en\/wp-json\/wp\/v2\/product_tag?post=495"}],"curies":[{"name":"wp","href":"https:\/\/api.w.org\/{rel}","templated":true}]}}