{"id":489,"date":"2018-03-31T21:38:52","date_gmt":"2018-03-31T21:38:52","guid":{"rendered":"https:\/\/tradisom.com\/\/?post_type=product&#038;p=489"},"modified":"2025-09-01T18:39:26","modified_gmt":"2025-09-01T17:39:26","slug":"maria-das-quimeras","status":"publish","type":"product","link":"https:\/\/tradisom.com\/en\/product\/maria-das-quimeras\/","title":{"rendered":"Ana Guerra \u2013 Maria das Quimeras"},"content":{"rendered":"<p>Sete dos fados deste disco foram propositada e totalmente criados para a voz de Ana Guerra, procurando adequar-se e fundir-se com as suas caracter\u00edsticas humanas, t\u00edmbricas e interpretativas, bem como com a peculiar forma expressiva que caracteriza o seu modo de cantar.<\/p>\n<p>Resultaram de um lento, laborioso e cuidado processo criativo em que o autor e int\u00e9rprete foram consolidando la\u00e7os e cumplicidades, trocando op\u00e7\u00f5es est\u00e9ticas e opini\u00f5es art\u00edsticas e culturais.<\/p>\n<p>Qual rubra sardinheira a florir numa t\u00edpica janela ou numa graciosa trapeira de um velho bairro alfacinha, Ana Guerra cresceu e floresceu, n\u00e3o sabemos se por acaso, mas decerto n\u00e3o impunemente, no cora\u00e7\u00e3o de Alfama, onde o Fado se respirava ainda no ar de cada viela e no interior de cada velha taberna, para n\u00e3o dizer na atmosfera de cada esquina ou no ref\u00fagio recatado e secreto da intimidade de cada lar.<\/p>\n<p>Sem o saber, Ana Guerra bebeu o Fado no seio que alimentou os seus primeiros passos vacilantes e os seus primordiais afectos de crian\u00e7a. Durante algum tempo, n\u00e3o teve consci\u00eancia plena desse cord\u00e3o umbilical que jamais poderia desfazer ou renegar, mas chegou inevitavelmente o dia em que o Fado come\u00e7ou a brotar como um jorro de \u00e1gua cristalina e incontrol\u00e1vel da sua voz verdadeiramente fadada para o Fado. Com efeito, o Fado surge na vida de Ana Guerra como algo de natural, de gen\u00e9tico e imanente, de tra\u00e7o ontol\u00f3gico inalien\u00e1vel e irrecus\u00e1vel como a cor dos olhos ou o contorno dos l\u00e1bios!&#8230;<\/p>\n","protected":false},"excerpt":{"rendered":"<p>s\u00f3 em MP3<\/p>\n<p><iframe loading=\"lazy\" src=\"https:\/\/w.soundcloud.com\/player\/?url=https%3A\/\/api.soundcloud.com\/playlists\/1455856048&amp;color=%23ff5500&amp;auto_play=false&amp;hide_related=false&amp;show_comments=true&amp;show_user=true&amp;show_reposts=false&amp;show_teaser=true\" width=\"100%\" height=\"450\" frameborder=\"no\" scrolling=\"no\"><\/iframe><\/p>\n<div style=\"font-size: 10px; color: #cccccc; line-break: anywhere; word-break: normal; overflow: hidden; white-space: nowrap; text-overflow: ellipsis; font-family: Interstate,Lucida Grande,Lucida Sans Unicode,Lucida Sans,Garuda,Verdana,Tahoma,sans-serif; font-weight: 100;\"><a style=\"color: #cccccc; text-decoration: none;\" title=\"Tradisom\" href=\"https:\/\/soundcloud.com\/tradisom\" target=\"_blank\" rel=\"noopener\">Tradisom<\/a> \u00b7 <a style=\"color: #cccccc; text-decoration: none;\" title=\"Ana Guerra - Maria das Quimeras\" href=\"https:\/\/soundcloud.com\/tradisom\/sets\/ana-guerra-maria-das-quimeras\" target=\"_blank\" rel=\"noopener\">Ana Guerra &#8211; Maria das Quimeras<\/a><\/div>\n","protected":false},"featured_media":16547,"template":"","meta":[],"product_brand":[],"product_cat":[316,317,315],"product_tag":[],"class_list":{"0":"post-489","1":"product","2":"type-product","3":"status-publish","4":"has-post-thumbnail","6":"product_cat-discos-tradisom","7":"product_cat-fado-discos-tradisom","8":"product_cat-tradisom","10":"first","11":"instock","12":"shipping-taxable","13":"purchasable","14":"product-type-variable"},"_links":{"self":[{"href":"https:\/\/tradisom.com\/en\/wp-json\/wp\/v2\/product\/489","targetHints":{"allow":["GET"]}}],"collection":[{"href":"https:\/\/tradisom.com\/en\/wp-json\/wp\/v2\/product"}],"about":[{"href":"https:\/\/tradisom.com\/en\/wp-json\/wp\/v2\/types\/product"}],"wp:featuredmedia":[{"embeddable":true,"href":"https:\/\/tradisom.com\/en\/wp-json\/wp\/v2\/media\/16547"}],"wp:attachment":[{"href":"https:\/\/tradisom.com\/en\/wp-json\/wp\/v2\/media?parent=489"}],"wp:term":[{"taxonomy":"product_brand","embeddable":true,"href":"https:\/\/tradisom.com\/en\/wp-json\/wp\/v2\/product_brand?post=489"},{"taxonomy":"product_cat","embeddable":true,"href":"https:\/\/tradisom.com\/en\/wp-json\/wp\/v2\/product_cat?post=489"},{"taxonomy":"product_tag","embeddable":true,"href":"https:\/\/tradisom.com\/en\/wp-json\/wp\/v2\/product_tag?post=489"}],"curies":[{"name":"wp","href":"https:\/\/api.w.org\/{rel}","templated":true}]}}