{"id":485,"date":"2018-03-31T21:36:24","date_gmt":"2018-03-31T21:36:24","guid":{"rendered":"https:\/\/tradisom.com\/\/?post_type=product&#038;p=485"},"modified":"2025-12-12T21:35:40","modified_gmt":"2025-12-12T20:35:40","slug":"arquivos-do-fado-2","status":"publish","type":"product","link":"https:\/\/tradisom.com\/en\/product\/arquivos-do-fado-2\/","title":{"rendered":"Arquivos do Fado II &#8211; Fado de Coimbra"},"content":{"rendered":"<p>Este \u00e9 o segundo volume de uma colec\u00e7\u00e3o que pretende divulgar as grava\u00e7\u00f5es realizadas nas primeiras cinco d\u00e9cadas em Portugal.<\/p>\n<p>Neste primeiro volume temos interpreta\u00e7\u00f5es gravadas entre 1926 e 1930.<\/p>\n<p>Inclu\u00edmos os seguintes int\u00e9rpretes:<\/p>\n<p>EDMUNDO DE BETTENCOURT,\u00a0 JOS\u00c9 PARADELA D\u00b4OLIVEIRA, ARTUR PAREDES, LUCAS RODRIGUES JUNOT, JOS\u00c9 JOAQUIM CAVALHEIRO e ANT\u00d3NIO BATOQUE.<\/p>\n<p>Em Lisboa, onde o fado se tornou \u201cpropriedade\u201d de um grupo social marginal, o conte\u00fado l\u00edrico esteve sempre relacionado com as realidades da vida. S\u00e3o frequentes os temas de amor n\u00e3o correspondido e do azar, assim como as narrativas acerca de Maria Severa (a primeira fadista a alcan\u00e7ar notoriedade p\u00fablica) e as celebra\u00e7\u00f5es populares dos bairros t\u00edpicos como Alfama, Bairro Alto e Mouraria.<\/p>\n<p>O fado dos meios acad\u00e9micos de Coimbra, antiga cidade universit\u00e1ria de Portugal, apresenta um hibridismo de car\u00e1cter t\u00e3o peculiar que pode at\u00e9 ser considerado \u00fanico no seu g\u00e9nero.<\/p>\n<p>\u201cEm Coimbra, o fado tem um car\u00e1cter completamente diferente. J\u00e1 n\u00e3o \u00e9 a can\u00e7\u00e3o do povo\u201d, escreve Rodney Gallop em 1936.<\/p>\n<p>Pelo contr\u00e1rio, pertence aos estudantes que passeiam pelas margens do rio Mondego, percorrendo o Choupal, e cantando sonhadoramente ao som das suas guitarras de arg\u00eanteo timbre. As suas vozes de tenor, quentes e cristalinas, conferem \u00e0 can\u00e7\u00e3o um car\u00e1cter mais requintado, mais sentimental, isto \u00e9, mais aristocr\u00e1tico.<\/p>\n<p>O Fado, que em Lisboa \u00e9 a can\u00e7\u00e3o do proletariado urbano, em Coimbra \u00e9 reivindicado e cultivado por um grupo culto e privilegiado, os jovens estudantes rom\u00e2nticos e seus professores. Esta reivindica\u00e7\u00e3o \u00e9 incontest\u00e1vel e est\u00e1 plenamente justificada, pois, se por um lado \u00e9 a pr\u00f3pria hist\u00f3ria e cultura portuguesa que a legitima, por outro, ao servirem-se do fado como meio para expressar os seus anseios, esperan\u00e7as e ilus\u00f5es, eles est\u00e3o a dar continuidade a esta tradi\u00e7\u00e3o musical.<\/p>\n<p>&nbsp;<\/p>\n","protected":false},"excerpt":{"rendered":"<p>s\u00f3 em MP3<\/p>\n<p><iframe loading=\"lazy\" src=\"https:\/\/w.soundcloud.com\/player\/?url=https%3A\/\/api.soundcloud.com\/playlists\/1455864823&amp;color=%23ff5500&amp;auto_play=false&amp;hide_related=false&amp;show_comments=true&amp;show_user=false&amp;show_reposts=false&amp;show_teaser=true\" width=\"100%\" height=\"450\" frameborder=\"no\" scrolling=\"no\"><\/iframe><\/p>\n<div style=\"font-size: 10px; color: #cccccc; line-break: anywhere; word-break: normal; overflow: hidden; white-space: nowrap; text-overflow: ellipsis; font-family: Interstate,Lucida Grande,Lucida Sans Unicode,Lucida Sans,Garuda,Verdana,Tahoma,sans-serif; font-weight: 100;\"><a style=\"color: #cccccc; text-decoration: none;\" title=\"Tradisom\" href=\"https:\/\/soundcloud.com\/tradisom\" target=\"_blank\" rel=\"noopener\">Tradisom<\/a> \u00b7 <a style=\"color: #cccccc; text-decoration: none;\" title=\"Arquivos do Fado II \u2013 Fado de Coimbra\" href=\"https:\/\/soundcloud.com\/tradisom\/sets\/arquivos-do-fado-ii-fado-de-coimbra\" target=\"_blank\" rel=\"noopener\">Arquivos do Fado II \u2013 Fado de Coimbra<\/a><\/div>\n","protected":false},"featured_media":16543,"template":"","meta":[],"product_brand":[],"product_cat":[316,317,315],"product_tag":[],"class_list":{"0":"post-485","1":"product","2":"type-product","3":"status-publish","4":"has-post-thumbnail","6":"product_cat-discos-tradisom","7":"product_cat-fado-discos-tradisom","8":"product_cat-tradisom","10":"first","11":"instock","12":"shipping-taxable","13":"purchasable","14":"product-type-simple"},"_links":{"self":[{"href":"https:\/\/tradisom.com\/en\/wp-json\/wp\/v2\/product\/485","targetHints":{"allow":["GET"]}}],"collection":[{"href":"https:\/\/tradisom.com\/en\/wp-json\/wp\/v2\/product"}],"about":[{"href":"https:\/\/tradisom.com\/en\/wp-json\/wp\/v2\/types\/product"}],"wp:featuredmedia":[{"embeddable":true,"href":"https:\/\/tradisom.com\/en\/wp-json\/wp\/v2\/media\/16543"}],"wp:attachment":[{"href":"https:\/\/tradisom.com\/en\/wp-json\/wp\/v2\/media?parent=485"}],"wp:term":[{"taxonomy":"product_brand","embeddable":true,"href":"https:\/\/tradisom.com\/en\/wp-json\/wp\/v2\/product_brand?post=485"},{"taxonomy":"product_cat","embeddable":true,"href":"https:\/\/tradisom.com\/en\/wp-json\/wp\/v2\/product_cat?post=485"},{"taxonomy":"product_tag","embeddable":true,"href":"https:\/\/tradisom.com\/en\/wp-json\/wp\/v2\/product_tag?post=485"}],"curies":[{"name":"wp","href":"https:\/\/api.w.org\/{rel}","templated":true}]}}