{"id":483,"date":"2018-03-31T21:35:23","date_gmt":"2018-03-31T21:35:23","guid":{"rendered":"https:\/\/tradisom.com\/\/?post_type=product&#038;p=483"},"modified":"2025-12-12T21:34:45","modified_gmt":"2025-12-12T20:34:45","slug":"arquivos-do-fado-3","status":"publish","type":"product","link":"https:\/\/tradisom.com\/en\/product\/arquivos-do-fado-3\/","title":{"rendered":"Arquivos do Fado III &#8211; As Fadistas de Lisboa"},"content":{"rendered":"<p>Este \u00e9 o terceiro volume de uma colec\u00e7\u00e3o que pretende divulgar as grava\u00e7\u00f5es realizadas nas primeiras cinco d\u00e9cadas em Portugal.<\/p>\n<p>Neste primeiro volume temos interpreta\u00e7\u00f5es gravadas entre 1928 e 1931.<\/p>\n<p>Inclu\u00edmos os seguintes int\u00e9rpretes:<\/p>\n<p>MADALENA DE MELO, CELESTINA LU\u00cdSA, MARIA SILVA, ADELINA FERNANDES e DINA TEREZA.<\/p>\n<p>Na sua verdadeira terra de origem \u2013 Lisboa -, nos seus prim\u00f3rdios, representava, tal como o tango, a m\u00fasica de uma cultura caracter\u00edstica dos bairros pobres, funcionando como um hino de descontentamento e angustia do proletariado que, gradualmente, se infiltrou em quase todos os estratos sociais daquela cidade cosmopolita.<\/p>\n<p>As observa\u00e7\u00f5es incisivas de Rodney Gallop, publicadas em 1936, captam com rigor o sabor temporal de uma cl\u00e1ssica casa de fados lisboetas, descri\u00e7\u00e3o essa que tamb\u00e9m se poderia aplicar a uma actua\u00e7\u00e3o de Maria Silva ou Celestina Lu\u00edsa.<\/p>\n<p>Em conjunto, Celestina Lu\u00edsa, Maria Silva e Madalena de Melo representam alguns dos melhores estilos profissionais e semi-profissionais das casas de fado lisboetas, que poderiam ser ouvidas \u00e0 noite em locais como o \u201cLuso\u201d, o \u201cVit\u00f3ria\u201d ou o \u201cSolar da Alegria\u201d.<\/p>\n","protected":false},"excerpt":{"rendered":"<p>s\u00f3 em MP3<\/p>\n<p><iframe loading=\"lazy\" src=\"https:\/\/w.soundcloud.com\/player\/?url=https%3A\/\/api.soundcloud.com\/playlists\/1455884245&amp;color=%23ff5500&amp;auto_play=false&amp;hide_related=false&amp;show_comments=true&amp;show_user=false&amp;show_reposts=false&amp;show_teaser=true\" width=\"100%\" height=\"450\" frameborder=\"no\" scrolling=\"no\"><\/iframe><\/p>\n<div style=\"font-size: 10px; color: #cccccc; line-break: anywhere; word-break: normal; overflow: hidden; white-space: nowrap; text-overflow: ellipsis; font-family: Interstate,Lucida Grande,Lucida Sans Unicode,Lucida Sans,Garuda,Verdana,Tahoma,sans-serif; font-weight: 100;\"><a style=\"color: #cccccc; text-decoration: none;\" title=\"Tradisom\" href=\"https:\/\/soundcloud.com\/tradisom\" target=\"_blank\" rel=\"noopener\">Tradisom<\/a> \u00b7 <a style=\"color: #cccccc; text-decoration: none;\" title=\"Arquivos do Fado III \u2013 Fadistas de Lisboa\" href=\"https:\/\/soundcloud.com\/tradisom\/sets\/arquivos-do-fado-iii-fadistas-de-lisboa\" target=\"_blank\" rel=\"noopener\">Arquivos do Fado III \u2013 Fadistas de Lisboa<\/a><\/div>\n","protected":false},"featured_media":16541,"template":"","meta":[],"product_brand":[],"product_cat":[316,317,315],"product_tag":[],"class_list":{"0":"post-483","1":"product","2":"type-product","3":"status-publish","4":"has-post-thumbnail","6":"product_cat-discos-tradisom","7":"product_cat-fado-discos-tradisom","8":"product_cat-tradisom","10":"first","11":"instock","12":"shipping-taxable","13":"purchasable","14":"product-type-simple"},"_links":{"self":[{"href":"https:\/\/tradisom.com\/en\/wp-json\/wp\/v2\/product\/483","targetHints":{"allow":["GET"]}}],"collection":[{"href":"https:\/\/tradisom.com\/en\/wp-json\/wp\/v2\/product"}],"about":[{"href":"https:\/\/tradisom.com\/en\/wp-json\/wp\/v2\/types\/product"}],"wp:featuredmedia":[{"embeddable":true,"href":"https:\/\/tradisom.com\/en\/wp-json\/wp\/v2\/media\/16541"}],"wp:attachment":[{"href":"https:\/\/tradisom.com\/en\/wp-json\/wp\/v2\/media?parent=483"}],"wp:term":[{"taxonomy":"product_brand","embeddable":true,"href":"https:\/\/tradisom.com\/en\/wp-json\/wp\/v2\/product_brand?post=483"},{"taxonomy":"product_cat","embeddable":true,"href":"https:\/\/tradisom.com\/en\/wp-json\/wp\/v2\/product_cat?post=483"},{"taxonomy":"product_tag","embeddable":true,"href":"https:\/\/tradisom.com\/en\/wp-json\/wp\/v2\/product_tag?post=483"}],"curies":[{"name":"wp","href":"https:\/\/api.w.org\/{rel}","templated":true}]}}