{"id":479,"date":"2018-03-31T21:33:44","date_gmt":"2018-03-31T21:33:44","guid":{"rendered":"https:\/\/tradisom.com\/\/?post_type=product&#038;p=479"},"modified":"2025-12-12T21:36:24","modified_gmt":"2025-12-12T20:36:24","slug":"arquivos-do-fado-5","status":"publish","type":"product","link":"https:\/\/tradisom.com\/en\/product\/arquivos-do-fado-5\/","title":{"rendered":"Arquivos do Fado V &#8211; Ant\u00f3nio Menano"},"content":{"rendered":"<p>Incluem-se nesta edi\u00e7\u00e3o algumas das embrion\u00e1rias interpreta\u00e7\u00f5es de alguns dos fados mais importantes. Os tr\u00eas primeiros fados gravados por Ant\u00f3nio Menano, na sua primeira sess\u00e3o de grava\u00e7\u00f5es, \u201cAlentejo\u201d, \u201cChoupal\u201d e \u201cPassarinhos\u201d, tornaram-se cl\u00e1ssicos que, al\u00e9m de venderem durante um largo per\u00edodo de tempo, influenciaram v\u00e1rias gera\u00e7\u00f5es de estudantes de Coimbra. Tamb\u00e9m aqui se inclui o favorito de Rodney Gallop, \u201cS\u00e9 Velha\u201d, e m\u00e3o podemos deixar de concordar plenamente com a sua reac\u00e7\u00e3o, pois esse fado viria a tornar-se igualmente um cl\u00e1ssico.<\/p>\n<p>Nascido no ano de 1895 em Fornos de Algodres, Ant\u00f3nio Paulo Menano estava destinado a tornar-se a figura mais influente da hist\u00f3ria da can\u00e7\u00e3o de Coimbra. Com a idade de onze anos j\u00e1 cantava e compunha fados, e h\u00e1 referencias de que, por volta de 1906, ele teria j\u00e1 escrito, al\u00e9m de outros, o \u201cFado da Severa\u201d e o \u201cFado Maria Vit\u00f3ria\u201d. A crer nestes relatos, uma vez que n\u00e3o existem provas em contr\u00e1rio, Menano era o exemplo cl\u00e1ssico do menino prod\u00edgio.<\/p>\n<p>Por volta dos anos de 1914\/1915, Menano foi para Coimbra estudar medicina. A antiga e vener\u00e1vel cidade universit\u00e1ria era o meio ideal para o seu talento florescente.<\/p>\n<p>Sobre ele escreveu Rodney Gallop: Os fados do Dr. Menano s\u00e3o o pomo da disc\u00f3rdia em Portugal. Muitos dos fados \u00e9 ele que os comp\u00f4s e h\u00e1 quem diga que isso o afastou da verdadeira tradi\u00e7\u00e3o. Outros afirmam que ele canta fados como ningu\u00e9m jamais os cantou. Os seus fados s\u00e3o certamente a elite dos fados (e os seus discos s\u00e3o proporcionalmente caros), e o \u201cFado da S\u00e9 Velha\u201d \u00e9 um dos mais bonitos que eu conhe\u00e7o.<\/p>\n<p>O seu legado \u00e9 enorme. Remodelou completamente o Fado de Coimbra, escreveu d\u00fazias de composi\u00e7\u00f5es imortais e ainda hoje \u00e9 venerado pelos estudantes de Coimbra. Esperamos que esta nova compila\u00e7\u00e3o proporcione prazer a quem j\u00e1 o tenha ouvido, e que sirva para apresentar a sua arte dos anos 20.<\/p>\n","protected":false},"excerpt":{"rendered":"<p>s\u00f3 em MP3<\/p>\n<p><iframe loading=\"lazy\" src=\"https:\/\/w.soundcloud.com\/player\/?url=https%3A\/\/api.soundcloud.com\/playlists\/1455887212&amp;color=%23ff5500&amp;auto_play=false&amp;hide_related=false&amp;show_comments=true&amp;show_user=false&amp;show_reposts=false&amp;show_teaser=true\" width=\"100%\" height=\"450\" frameborder=\"no\" scrolling=\"no\"><\/iframe><\/p>\n<div style=\"font-size: 10px; color: #cccccc; line-break: anywhere; word-break: normal; overflow: hidden; white-space: nowrap; text-overflow: ellipsis; font-family: Interstate,Lucida Grande,Lucida Sans Unicode,Lucida Sans,Garuda,Verdana,Tahoma,sans-serif; font-weight: 100;\"><a style=\"color: #cccccc; text-decoration: none;\" title=\"Tradisom\" href=\"https:\/\/soundcloud.com\/tradisom\" target=\"_blank\" rel=\"noopener\">Tradisom<\/a> \u00b7 <a style=\"color: #cccccc; text-decoration: none;\" title=\"Arquivos do Fado V \u2013 Ant\u00f3nio Menano\" href=\"https:\/\/soundcloud.com\/tradisom\/sets\/arquivos-do-fado-v-antonio-menano\" target=\"_blank\" rel=\"noopener\">Arquivos do Fado V \u2013 Ant\u00f3nio Menano<\/a><\/div>\n","protected":false},"featured_media":16537,"template":"","meta":[],"product_brand":[],"product_cat":[316,317,315],"product_tag":[],"class_list":{"0":"post-479","1":"product","2":"type-product","3":"status-publish","4":"has-post-thumbnail","6":"product_cat-discos-tradisom","7":"product_cat-fado-discos-tradisom","8":"product_cat-tradisom","10":"first","11":"instock","12":"shipping-taxable","13":"purchasable","14":"product-type-simple"},"_links":{"self":[{"href":"https:\/\/tradisom.com\/en\/wp-json\/wp\/v2\/product\/479","targetHints":{"allow":["GET"]}}],"collection":[{"href":"https:\/\/tradisom.com\/en\/wp-json\/wp\/v2\/product"}],"about":[{"href":"https:\/\/tradisom.com\/en\/wp-json\/wp\/v2\/types\/product"}],"wp:featuredmedia":[{"embeddable":true,"href":"https:\/\/tradisom.com\/en\/wp-json\/wp\/v2\/media\/16537"}],"wp:attachment":[{"href":"https:\/\/tradisom.com\/en\/wp-json\/wp\/v2\/media?parent=479"}],"wp:term":[{"taxonomy":"product_brand","embeddable":true,"href":"https:\/\/tradisom.com\/en\/wp-json\/wp\/v2\/product_brand?post=479"},{"taxonomy":"product_cat","embeddable":true,"href":"https:\/\/tradisom.com\/en\/wp-json\/wp\/v2\/product_cat?post=479"},{"taxonomy":"product_tag","embeddable":true,"href":"https:\/\/tradisom.com\/en\/wp-json\/wp\/v2\/product_tag?post=479"}],"curies":[{"name":"wp","href":"https:\/\/api.w.org\/{rel}","templated":true}]}}