{"id":469,"date":"2018-03-31T21:23:06","date_gmt":"2018-03-31T21:23:06","guid":{"rendered":"https:\/\/tradisom.com\/\/?post_type=product&#038;p=469"},"modified":"2025-11-18T17:49:51","modified_gmt":"2025-11-18T16:49:51","slug":"novos-arquivos-do-fado-lisboa-e-as-fadistas","status":"publish","type":"product","link":"https:\/\/tradisom.com\/en\/product\/novos-arquivos-do-fado-lisboa-e-as-fadistas\/","title":{"rendered":"Novos Arquivos do Fado &#8211; Lisboa e as Fadistas"},"content":{"rendered":"<p>Lisboa e os seus bairros, as suas sete colinas, os lugares pitorescos, o rio Tejo que a envolve s\u00e3o cantados em muitos g\u00e9neros musicais, mas o Fado \u00e9, sem d\u00favida, maiorit\u00e1rio, seguindo-se as marchas populares, que sa\u00edram \u00e0 rua a partir de 1932. Em cada ano, escrevem-se centenas de poemas sobre Lisboa, sempre lindos e diversos, que versam o mesmo tema, mas nunca se repetem. Este acervo iconogr\u00e1fico \u00e0 cidade \u201cmusa inspiradora\u201d n\u00e3o imp\u00f5e limites \u00e0 imagina\u00e7\u00e3o e criatividade dos poetas\/letristas, tal \u00e9 a sua beleza,\u00a0 e, curiosamente, muitos destes temas que s\u00e3o compostos para os concursos das marchas preenchem a m\u00e9trica para Fado, passando a serem cantados nas m\u00fasicas dos Fados tradicionais.<\/p>\n<p>O Fado canta-se em tabernas e caf\u00e9s de Lisboa h\u00e1 mais de 150 anos, desde o tempo em que Maria Severa \u2013 uma personagem lend\u00e1ria que viveu e morreu cedo demais para deixar grava\u00e7\u00f5es \u2013 cantava para o seu amante, o Conde de Vimioso. Foi uma rela\u00e7\u00e3o amorosa que se tornou p\u00fablica e que chamou a aten\u00e7\u00e3o para este g\u00e9nero musical, pois o Fado era visto, e continua a s\u00ea-lo, como \u201ca m\u00fasica dos abandonados do amor\u201d.<\/p>\n<p>Curiosamente, at\u00e9 aos anos cinquenta do s\u00e9culo XX, os versos para Fados eram essencialmente escritos por homens para as mulheres cantarem, principalmente nas chamadas casas de fado: \u201cAp\u00f3s alguns compassos da guitarra, a fadista come\u00e7a a sua can\u00e7\u00e3o. Com a cabe\u00e7a atirada para tr\u00e1s, os olhos semi-cerrados, express\u00e3o de arrebatamento, e o corpo oscilando levemente ao ritmo da m\u00fasica, a fadista canta com a voz curiosamente rude e n\u00e3o educada, e de um modo simples e despretencioso, que s\u00e3o ditados pela tradi\u00e7\u00e3o.\u201d<\/p>\n<p>Na altura em que o gramophone chegou a Portugal, por volta de 1905, a m\u00fasica rapidamente se integrou na rotina di\u00e1ria, mas as grava\u00e7\u00f5es desse per\u00edodo eram confinadas \u00e0s salas de concerto, situa\u00e7\u00e3o compreens\u00edvel se considerarmos que o fon\u00f3grafo era aparelho luxuoso, que s\u00f3 as classes mais favorecidas podiam adquirir. Foi s\u00f3 em 1920 que o verdadeiro esp\u00edrito fadista foi capturado em goma-laca.<\/p>\n","protected":false},"excerpt":{"rendered":"<p><iframe loading=\"lazy\" src=\"https:\/\/w.soundcloud.com\/player\/?url=https%3A\/\/api.soundcloud.com\/playlists\/1455948145&amp;color=%23ff5500&amp;auto_play=false&amp;hide_related=false&amp;show_comments=true&amp;show_user=false&amp;show_reposts=false&amp;show_teaser=true\" width=\"100%\" height=\"450\" frameborder=\"no\" scrolling=\"no\"><\/iframe><\/p>\n<div style=\"font-size: 10px; color: #cccccc; line-break: anywhere; word-break: normal; overflow: hidden; white-space: nowrap; text-overflow: ellipsis; font-family: Interstate,Lucida Grande,Lucida Sans Unicode,Lucida Sans,Garuda,Verdana,Tahoma,sans-serif; font-weight: 100;\"><a style=\"color: #cccccc; text-decoration: none;\" title=\"Tradisom\" href=\"https:\/\/soundcloud.com\/tradisom\" target=\"_blank\" rel=\"noopener\">Tradisom<\/a> \u00b7 <a style=\"color: #cccccc; text-decoration: none;\" title=\"Novos Arquivos do Fado \u2013 Lisboa e as Fadistas\" href=\"https:\/\/soundcloud.com\/tradisom\/sets\/novos-arquivos-do-fado-lisboa-e-as-fadistas\" target=\"_blank\" rel=\"noopener\">Novos Arquivos do Fado \u2013 Lisboa e as Fadistas<\/a><\/div>\n","protected":false},"featured_media":16527,"template":"","meta":[],"product_brand":[],"product_cat":[316,317,315],"product_tag":[302],"class_list":{"0":"post-469","1":"product","2":"type-product","3":"status-publish","4":"has-post-thumbnail","6":"product_cat-discos-tradisom","7":"product_cat-fado-discos-tradisom","8":"product_cat-tradisom","9":"product_tag-destaque","11":"first","12":"instock","13":"shipping-taxable","14":"purchasable","15":"product-type-simple"},"_links":{"self":[{"href":"https:\/\/tradisom.com\/en\/wp-json\/wp\/v2\/product\/469","targetHints":{"allow":["GET"]}}],"collection":[{"href":"https:\/\/tradisom.com\/en\/wp-json\/wp\/v2\/product"}],"about":[{"href":"https:\/\/tradisom.com\/en\/wp-json\/wp\/v2\/types\/product"}],"wp:featuredmedia":[{"embeddable":true,"href":"https:\/\/tradisom.com\/en\/wp-json\/wp\/v2\/media\/16527"}],"wp:attachment":[{"href":"https:\/\/tradisom.com\/en\/wp-json\/wp\/v2\/media?parent=469"}],"wp:term":[{"taxonomy":"product_brand","embeddable":true,"href":"https:\/\/tradisom.com\/en\/wp-json\/wp\/v2\/product_brand?post=469"},{"taxonomy":"product_cat","embeddable":true,"href":"https:\/\/tradisom.com\/en\/wp-json\/wp\/v2\/product_cat?post=469"},{"taxonomy":"product_tag","embeddable":true,"href":"https:\/\/tradisom.com\/en\/wp-json\/wp\/v2\/product_tag?post=469"}],"curies":[{"name":"wp","href":"https:\/\/api.w.org\/{rel}","templated":true}]}}