{"id":467,"date":"2018-03-31T21:22:02","date_gmt":"2018-03-31T20:22:02","guid":{"rendered":"https:\/\/tradisom.com\/\/?post_type=product&#038;p=467"},"modified":"2025-11-18T17:49:38","modified_gmt":"2025-11-18T16:49:38","slug":"maria-alice-a-voz-do-povo-1929-a-1931","status":"publish","type":"product","link":"https:\/\/tradisom.com\/en\/product\/maria-alice-a-voz-do-povo-1929-a-1931\/","title":{"rendered":"Novos Arquivos do Fado &#8211; Maria Alice"},"content":{"rendered":"<p><em>As Primeiras Grava\u00e7\u00f5es<\/em>\u00a0de Maria Alice, nome art\u00edstico adoptado pela jovem Gloria Mendes Leal de Carvalho, agora reproduzidas apresentam a data de 1929. Tinha ent\u00e3o a fadista vinte e cinco anos. Ant\u00f3nio de Oliveira Salazar era ainda apenas Ministro das Finan\u00e7as, no governo liderado ent\u00e3o por Artur Ivens Ferraz. O Partido Comunista entrava na clandestinidade e era dada permiss\u00e3o de entrada em Portugal \u00e0s ordens religiosas anteriormente expulsas. Lan\u00e7avam-se as bases da Uni\u00e3o Nacional que viria a ser o partido \u00fanico, e Salazar declarava em discurso a apet\u00eancia pela ditadura administrativa e pela revolu\u00e7\u00e3o pol\u00edtica. Movimentos revolucion\u00e1rios levavam ao encerramento do Partido Republicano Portugu\u00eas e do seu jornal; ondas de pris\u00f5es e deporta\u00e7\u00f5es assolavam o pa\u00eds. Maria Alice canta o papel desfavorecido da mulher na sociedade da \u00e9poca. O amor n\u00e3o correspondido, a desgra\u00e7a da vida e o papel da mulher associada ao fado representam a tem\u00e1tica dominante em onze dos vinte fados apresentados. Os restantes fados apresentam temas liter\u00e1rios diversos ainda que por vezes refiram ainda a falta de correspond\u00eancia amorosa. Na faixa nove, por exemplo, o fado\u00a0<em>O Louco\u00a0<\/em>canta o homem que chora o amor negado. Uma vez mais, como no primeiro disco desta s\u00e9rie, se verifica o contacto cultural entre as tradi\u00e7\u00f5es lisboeta e coimbr\u00e3 do fado. Na faixa quinze,\u00a0<em>Voz de Portugal,\u00a0<\/em>em atitude de propaganda, compara-se o fado do Mondego,\u00a0<em>cantado por noite fora,<\/em>\u00a0ao da Severa e da Mouraria. \u00c0 atitude de picardia e superioridade lisboeta moment\u00e2nea sobrep\u00f5e-se, no entanto, o sentimento nacional que conclui sobre a beleza dos fados como revela\u00e7\u00e3o da Voz de Portugal. O nacionalismo de reverbera\u00e7\u00e3o rom\u00e2ntica deste fado encontra eco nas tem\u00e1ticas de outros, como por exemplo o\u00a0<em>Fado Alexandrino<\/em>\u00a0na faixa sete que canta o nascimento do fado em Portugal. De resto o imagin\u00e1rio rom\u00e2ntico caracterizado pelo amor n\u00e3o correspondido, pelas agruras da vida, pela exalta\u00e7\u00e3o da na\u00e7\u00e3o, da mis\u00e9ria e da tristeza da vida, assim como a valoriza\u00e7\u00e3o do canto e da m\u00fasica e ainda da paisagem rural, est\u00e1 bem representado nesta selec\u00e7\u00e3o de fados hist\u00f3ricos agora apresentada.<\/p>\n","protected":false},"excerpt":{"rendered":"<p>As Primeiras Grava\u00e7\u00f5es\u00a0de Maria Alice, nome art\u00edstico adoptado pela jovem Gloria Mendes Leal de Carvalho, agora reproduzidas apresentam a data de 1929. Tinha ent\u00e3o a fadista vinte e cinco anos. Ant\u00f3nio de Oliveira Salazar era ainda apenas Ministro das Finan\u00e7as, no governo liderado ent\u00e3o por Artur Ivens Ferraz. O Partido Comunista entrava na clandestinidade e [&#8230;]\n","protected":false},"featured_media":16525,"template":"","meta":[],"product_brand":[],"product_cat":[316,317,315],"product_tag":[],"class_list":{"0":"post-467","1":"product","2":"type-product","3":"status-publish","4":"has-post-thumbnail","6":"product_cat-discos-tradisom","7":"product_cat-fado-discos-tradisom","8":"product_cat-tradisom","10":"first","11":"instock","12":"shipping-taxable","13":"purchasable","14":"product-type-simple"},"_links":{"self":[{"href":"https:\/\/tradisom.com\/en\/wp-json\/wp\/v2\/product\/467","targetHints":{"allow":["GET"]}}],"collection":[{"href":"https:\/\/tradisom.com\/en\/wp-json\/wp\/v2\/product"}],"about":[{"href":"https:\/\/tradisom.com\/en\/wp-json\/wp\/v2\/types\/product"}],"wp:featuredmedia":[{"embeddable":true,"href":"https:\/\/tradisom.com\/en\/wp-json\/wp\/v2\/media\/16525"}],"wp:attachment":[{"href":"https:\/\/tradisom.com\/en\/wp-json\/wp\/v2\/media?parent=467"}],"wp:term":[{"taxonomy":"product_brand","embeddable":true,"href":"https:\/\/tradisom.com\/en\/wp-json\/wp\/v2\/product_brand?post=467"},{"taxonomy":"product_cat","embeddable":true,"href":"https:\/\/tradisom.com\/en\/wp-json\/wp\/v2\/product_cat?post=467"},{"taxonomy":"product_tag","embeddable":true,"href":"https:\/\/tradisom.com\/en\/wp-json\/wp\/v2\/product_tag?post=467"}],"curies":[{"name":"wp","href":"https:\/\/api.w.org\/{rel}","templated":true}]}}