{"id":465,"date":"2018-03-31T21:20:43","date_gmt":"2018-03-31T21:20:43","guid":{"rendered":"https:\/\/tradisom.com\/\/?post_type=product&#038;p=465"},"modified":"2025-11-18T17:48:26","modified_gmt":"2025-11-18T16:48:26","slug":"vozes-e-sons-de-coimbra-2","status":"publish","type":"product","link":"https:\/\/tradisom.com\/en\/product\/vozes-e-sons-de-coimbra-2\/","title":{"rendered":"Novos Arquivos do Fado &#8211; Vozes e Sons de Coimbra"},"content":{"rendered":"<p>A Can\u00e7\u00e3o de Coimbra \u00e9 um g\u00e9nero art\u00edstico expressivo surgido no s\u00e9culo XIX e consolidado no s\u00e9culo XX, que se encontra profundamente inscrito no imagin\u00e1rio acad\u00e9mico e popular. Nos meios estudantis, materializa-se atrav\u00e9s de ritos como a serenata, de recitais de palco e sal\u00e3o e de presta\u00e7\u00f5es vocais e instrumentais. Est\u00e1 associada a uma paisagem sonora fortemente delimitada por vocaliza\u00e7\u00f5es ariosas e pelos sons da Guitarra de Coimbra.<\/p>\n<p>Em meados da d\u00e9cada de 1920 as editoras fonogr\u00e1ficas internacionais redescobrem o mercado portugu\u00eas e passam a incluir nos seus cat\u00e1logos registos sonoros ilustrativos de pr\u00e1ticas musicais regionais expressivas desenvolvidas por profissionais e por amadores.<\/p>\n<p>A Can\u00e7\u00e3o de Coimbra era, \u00e0 \u00e9poca, um g\u00e9nero art\u00edstico performativo praticado por amadores, incluindo estudantes da Universidade de Coimbra e membros da comunidade popular coimbr\u00e3. O com\u00e9rcio de partituras impressas, a ind\u00fastria fonogr\u00e1fica de in\u00edcios do s\u00e9culo XX, as digress\u00f5es de estudantes a Espanha, Fran\u00e7a e Brasil, e as tourn\u00e9es de companhias portuguesas de teatro ao Brasil tinham contribu\u00eddo para a internacionaliza\u00e7\u00e3o da Can\u00e7\u00e3o de Coimbra no per\u00edodo da Belle \u00c9poque.<\/p>\n<p>Percebida como um g\u00e9nero ecl\u00e9ctico associado a mecanismos de transmiss\u00e3o oral, a Can\u00e7\u00e3o de Coimbra era comunicada atrav\u00e9s de serenatas de cortejamento amoroso, de serenatas festivas, de recitais art\u00edsticos, de conv\u00edvios de sal\u00e3o, de partituras e de fonogramas. Nos meios estudantis predominavam as forma\u00e7\u00f5es juvenis masculinas, constitu\u00eddas por cantores (tenores e bar\u00edtonos) e executantes de instrumentos (guitarras e violas).<\/p>\n","protected":false},"excerpt":{"rendered":"<p><iframe loading=\"lazy\" src=\"https:\/\/w.soundcloud.com\/player\/?url=https%3A\/\/api.soundcloud.com\/playlists\/1455929503&amp;color=%23ff5500&amp;auto_play=false&amp;hide_related=false&amp;show_comments=true&amp;show_user=false&amp;show_reposts=false&amp;show_teaser=true\" width=\"100%\" height=\"450\" frameborder=\"no\" scrolling=\"no\"><\/iframe><\/p>\n<div style=\"font-size: 10px; color: #cccccc; line-break: anywhere; word-break: normal; overflow: hidden; white-space: nowrap; text-overflow: ellipsis; font-family: Interstate,Lucida Grande,Lucida Sans Unicode,Lucida Sans,Garuda,Verdana,Tahoma,sans-serif; font-weight: 100;\"><a style=\"color: #cccccc; text-decoration: none;\" title=\"Tradisom\" href=\"https:\/\/soundcloud.com\/tradisom\" target=\"_blank\" rel=\"noopener\">Tradisom<\/a> \u00b7 <a style=\"color: #cccccc; text-decoration: none;\" title=\"Novos Arquivos do Fado \u2013 Vozes e Sons de Coimbra\" href=\"https:\/\/soundcloud.com\/tradisom\/sets\/novos-arquivos-do-fado-vozes-e-sons-de-coimbra\" target=\"_blank\" rel=\"noopener\">Novos Arquivos do Fado \u2013 Vozes e Sons de Coimbra<\/a><\/div>\n","protected":false},"featured_media":16523,"template":"","meta":[],"product_brand":[],"product_cat":[316,317,315],"product_tag":[],"class_list":{"0":"post-465","1":"product","2":"type-product","3":"status-publish","4":"has-post-thumbnail","6":"product_cat-discos-tradisom","7":"product_cat-fado-discos-tradisom","8":"product_cat-tradisom","10":"first","11":"instock","12":"shipping-taxable","13":"purchasable","14":"product-type-simple"},"_links":{"self":[{"href":"https:\/\/tradisom.com\/en\/wp-json\/wp\/v2\/product\/465","targetHints":{"allow":["GET"]}}],"collection":[{"href":"https:\/\/tradisom.com\/en\/wp-json\/wp\/v2\/product"}],"about":[{"href":"https:\/\/tradisom.com\/en\/wp-json\/wp\/v2\/types\/product"}],"wp:featuredmedia":[{"embeddable":true,"href":"https:\/\/tradisom.com\/en\/wp-json\/wp\/v2\/media\/16523"}],"wp:attachment":[{"href":"https:\/\/tradisom.com\/en\/wp-json\/wp\/v2\/media?parent=465"}],"wp:term":[{"taxonomy":"product_brand","embeddable":true,"href":"https:\/\/tradisom.com\/en\/wp-json\/wp\/v2\/product_brand?post=465"},{"taxonomy":"product_cat","embeddable":true,"href":"https:\/\/tradisom.com\/en\/wp-json\/wp\/v2\/product_cat?post=465"},{"taxonomy":"product_tag","embeddable":true,"href":"https:\/\/tradisom.com\/en\/wp-json\/wp\/v2\/product_tag?post=465"}],"curies":[{"name":"wp","href":"https:\/\/api.w.org\/{rel}","templated":true}]}}