{"id":459,"date":"2018-03-29T21:08:07","date_gmt":"2018-03-29T20:08:07","guid":{"rendered":"https:\/\/tradisom.com\/\/?post_type=product&#038;p=459"},"modified":"2025-12-12T21:38:27","modified_gmt":"2025-12-12T20:38:27","slug":"portuguese-sound-archives-fado-1","status":"publish","type":"product","link":"https:\/\/tradisom.com\/en\/product\/portuguese-sound-archives-fado-1\/","title":{"rendered":"Fado 01"},"content":{"rendered":"<p>Esta s\u00e9rie de edi\u00e7\u00f5es a que demos o t\u00edtulo de &#8220;ARQUIVOS SONOROS PORTUGUESES &#8211; FADO&#8221; tem como principal objectivo dar a conhecer as grava\u00e7\u00f5es contidas na colec\u00e7\u00e3o de Jos\u00e9 Mo\u00e7as, um arquivo constitu\u00eddo por cerca de 6700 discos de 78 rota\u00e7\u00f5es.<\/p>\n<p>Com a edi\u00e7\u00e3o destes sons abrimos um pouco a curiosidade de muitos f\u00e3s que regularmente nos v\u00e3o questionando sobre os conte\u00fados desta cole\u00e7\u00e3o.<\/p>\n<p>Para mais tarde fica a promessa de uma s\u00e9rie de discos que ir\u00e3o conter estudos cient\u00edficos e detalhados sobre esta \u00e9poca ainda t\u00e3o pouco conhecida da nossa hist\u00f3ria musical.<\/p>\n<p>Mas para j\u00e1 estas grava\u00e7\u00f5es permitam ouvir pela primeira vez alguns nomes, pequenos segredos guardados naqueles preciosos discos.<\/p>\n<p>&nbsp;<\/p>\n<p>01.AM\u00c1LIA RODRIGUES-Ai, ai, ai, mau irm\u00e3o<\/p>\n<p>02.ALBERTO RIBEIRO-Fado Hilario<\/p>\n<p>03.ADELINA FERNANDES-Andorinhas<\/p>\n<p>04.CARLOS RAMOS-Chinelas da Mouraria<\/p>\n<p>05.A.F.da CONCEI\u00c7\u00c3O-Elza<\/p>\n<p>06.ALICE DO PORTO-As lavadeiras de Coimbra<\/p>\n<p>07.ALFREDO MARCENEIRO-A Orfasita<\/p>\n<p>08.AURA RIBEIRO-\u00c9 sempre assim<\/p>\n<p>09.ALMEIDA CRUZ-Fado do cora\u00e7\u00e3o<\/p>\n<p>10.CID\u00c1LIA MEIRELES-Fado da alma<\/p>\n<p>11.ARTUR RIBEIRO-Adeus Mouraria<\/p>\n<p>12.D. LUIZA BAHAREM-Fado Hespanhol<\/p>\n<p>13.DR. EDMUNDO BETTENCOURT-Alegria dos C\u00e9us<\/p>\n<p>14.FERNANDA ABRANCHES-Canta tu cantarei eu<\/p>\n<p>15.AB\u00cdLIO MONTEIRO e GL\u00d3RIA FERREIRA-Desgarrada<\/p>\n<p>16.D. MARGARIDA D\u00b4OLIVEIRA-Fado da Maria Vitoria<\/p>\n<p>17.ALBERTO XAVIER PINTO-Fado do Paraizo<\/p>\n<p>18.DINA TEREZA-Velho fado da Severa<\/p>\n<p>19.AMILCAR NOGUEIRA-Fado Amilcar<\/p>\n<p>20.EST\u00caV\u00c3O AMARANTE-Fado Tango<\/p>\n","protected":false},"excerpt":{"rendered":"<p><iframe loading=\"lazy\" src=\"https:\/\/w.soundcloud.com\/player\/?url=https%3A\/\/api.soundcloud.com\/playlists\/1382986375&amp;color=%23ff5500&amp;auto_play=false&amp;hide_related=false&amp;show_comments=true&amp;show_user=true&amp;show_reposts=false&amp;show_teaser=true&amp;visual=true\" width=\"100%\" height=\"300\" frameborder=\"no\" scrolling=\"no\"><\/iframe><\/p>\n<div style=\"font-size: 10px; color: #cccccc; line-break: anywhere; word-break: normal; overflow: hidden; white-space: nowrap; text-overflow: ellipsis; font-family: Interstate,Lucida Grande,Lucida Sans Unicode,Lucida Sans,Garuda,Verdana,Tahoma,sans-serif; font-weight: 100;\"><a style=\"color: #cccccc; text-decoration: none;\" title=\"Tradisom\" href=\"https:\/\/soundcloud.com\/tradisom\" target=\"_blank\" rel=\"noopener\">Tradisom<\/a> \u00b7 <a style=\"color: #cccccc; text-decoration: none;\" title=\"Portuguese Sound Archives: FADO Vol.1\" href=\"https:\/\/soundcloud.com\/tradisom\/sets\/portuguese-sound-archives-fado-vol1\" target=\"_blank\" rel=\"noopener\">Portuguese Sound Archives: FADO Vol.1<\/a><\/div>\n","protected":false},"featured_media":16517,"template":"","meta":[],"product_brand":[],"product_cat":[316,318,315],"product_tag":[],"class_list":{"0":"post-459","1":"product","2":"type-product","3":"status-publish","4":"has-post-thumbnail","6":"product_cat-discos-tradisom","7":"product_cat-portuguese-sound-archives-discos-tradisom","8":"product_cat-tradisom","10":"first","11":"instock","12":"downloadable","13":"virtual","14":"purchasable","15":"product-type-simple"},"_links":{"self":[{"href":"https:\/\/tradisom.com\/en\/wp-json\/wp\/v2\/product\/459","targetHints":{"allow":["GET"]}}],"collection":[{"href":"https:\/\/tradisom.com\/en\/wp-json\/wp\/v2\/product"}],"about":[{"href":"https:\/\/tradisom.com\/en\/wp-json\/wp\/v2\/types\/product"}],"wp:featuredmedia":[{"embeddable":true,"href":"https:\/\/tradisom.com\/en\/wp-json\/wp\/v2\/media\/16517"}],"wp:attachment":[{"href":"https:\/\/tradisom.com\/en\/wp-json\/wp\/v2\/media?parent=459"}],"wp:term":[{"taxonomy":"product_brand","embeddable":true,"href":"https:\/\/tradisom.com\/en\/wp-json\/wp\/v2\/product_brand?post=459"},{"taxonomy":"product_cat","embeddable":true,"href":"https:\/\/tradisom.com\/en\/wp-json\/wp\/v2\/product_cat?post=459"},{"taxonomy":"product_tag","embeddable":true,"href":"https:\/\/tradisom.com\/en\/wp-json\/wp\/v2\/product_tag?post=459"}],"curies":[{"name":"wp","href":"https:\/\/api.w.org\/{rel}","templated":true}]}}