{"id":457,"date":"2018-03-29T21:07:17","date_gmt":"2018-03-29T20:07:17","guid":{"rendered":"https:\/\/tradisom.com\/\/?post_type=product&#038;p=457"},"modified":"2025-12-12T21:38:39","modified_gmt":"2025-12-12T20:38:39","slug":"portuguese-sound-archives-fado-2","status":"publish","type":"product","link":"https:\/\/tradisom.com\/en\/product\/portuguese-sound-archives-fado-2\/","title":{"rendered":"Fado 02"},"content":{"rendered":"<p>Esta s\u00e9rie de edi\u00e7\u00f5es a que demos o t\u00edtulo de &#8220;ARQUIVOS SONOROS PORTUGUESES &#8211; FADO&#8221; tem como principal objectivo dar a conhecer as grava\u00e7\u00f5es contidas na colec\u00e7\u00e3o de Jos\u00e9 Mo\u00e7as, um arquivo constitu\u00eddo por cerca de 6700 discos de 78 rota\u00e7\u00f5es.<\/p>\n<p>Com a edi\u00e7\u00e3o destes sons abrimos um pouco a curiosidade de muitos f\u00e3s que regularmente nos v\u00e3o questionando sobre os conte\u00fados desta cole\u00e7\u00e3o.<\/p>\n<p>Para mais tarde fica a promessa de uma s\u00e9rie de discos que ir\u00e3o conter estudos cient\u00edficos e detalhados sobre esta \u00e9poca ainda t\u00e3o pouco conhecida da nossa hist\u00f3ria musical.<\/p>\n<p>Mas para j\u00e1 estas grava\u00e7\u00f5es permitam ouvir pela primeira vez alguns nomes, pequenos segredos guardados naqueles preciosos discos.<\/p>\n<p>01.ALBERTO RIBEIRO-Fado Hilario<\/p>\n<p>02.AM\u00c1LIA RODRIGUES-Amantes separados<\/p>\n<p>03.ALFREDO MARCENEIRO-Amor pungente<\/p>\n<p>04.ARMINDA FALC\u00c3O e ALICE SILVA-Fado do 31<\/p>\n<p>05.ALBERTO XAVIER PINTO-Fado dos Sonhos<\/p>\n<p>06.AURA RIBEIRO-Janelas da Mouraria<\/p>\n<p>07.CARLOS RAMOS-Despeito<\/p>\n<p>08.CID\u00c1LIA MEIRELES-Biografia do fado<\/p>\n<p>09.AMILCAR NOGUEIRA-O menino rico<\/p>\n<p>10.D. LUIZA BAHAREM-Fado Mondego<\/p>\n<p>11.DR. EDMUNDO BETTENCOURT-Balada do encantamento<\/p>\n<p>12.D. MARGARIDA D\u00b4OLIVEIRA-Fado dos Passarinhos<\/p>\n<p>13.EST\u00caV\u00c3O AMARANTE-Fado do Cauteleiro<\/p>\n<p>14.ESTER DE ABREU-M\u00e3e Preta<\/p>\n<p>15.FERNANDO FARINHA-A vida<\/p>\n<p>16.FERNANDA ABRANCHES-Fado da minha M\u00e3e<\/p>\n<p>17.FRUTUOSO FRAN\u00c7A-Alma de crian\u00e7a<\/p>\n<p>18.FERNANDA BATISTA-Desventura<\/p>\n<p>19.GILDA VALEN\u00c7A-Ai ! Mouraria<\/p>\n<p>20.HERM\u00cdNIA SILVA-A rua mais Lisboeta<\/p>\n","protected":false},"excerpt":{"rendered":"<p><iframe loading=\"lazy\" src=\"https:\/\/w.soundcloud.com\/player\/?url=https%3A\/\/api.soundcloud.com\/playlists\/1382999863&amp;color=%23ff5500&amp;auto_play=false&amp;hide_related=false&amp;show_comments=true&amp;show_user=true&amp;show_reposts=false&amp;show_teaser=true\" width=\"100%\" height=\"450\" frameborder=\"no\" scrolling=\"no\"><\/iframe><\/p>\n<div style=\"font-size: 10px; color: #cccccc; line-break: anywhere; word-break: normal; overflow: hidden; white-space: nowrap; text-overflow: ellipsis; font-family: Interstate,Lucida Grande,Lucida Sans Unicode,Lucida Sans,Garuda,Verdana,Tahoma,sans-serif; font-weight: 100;\"><a style=\"color: #cccccc; text-decoration: none;\" title=\"Tradisom\" href=\"https:\/\/soundcloud.com\/tradisom\" target=\"_blank\" rel=\"noopener\">Tradisom<\/a> \u00b7 <a style=\"color: #cccccc; text-decoration: none;\" title=\"Portuguese Sound Archives: FADO Vol.2\" href=\"https:\/\/soundcloud.com\/tradisom\/sets\/portuguese-sound-archives-fado-vol2\" target=\"_blank\" rel=\"noopener\">Portuguese Sound Archives: FADO Vol.2<\/a><\/div>\n","protected":false},"featured_media":16515,"template":"","meta":[],"product_brand":[],"product_cat":[316,318,315],"product_tag":[],"class_list":{"0":"post-457","1":"product","2":"type-product","3":"status-publish","4":"has-post-thumbnail","6":"product_cat-discos-tradisom","7":"product_cat-portuguese-sound-archives-discos-tradisom","8":"product_cat-tradisom","10":"first","11":"instock","12":"downloadable","13":"virtual","14":"purchasable","15":"product-type-simple"},"_links":{"self":[{"href":"https:\/\/tradisom.com\/en\/wp-json\/wp\/v2\/product\/457","targetHints":{"allow":["GET"]}}],"collection":[{"href":"https:\/\/tradisom.com\/en\/wp-json\/wp\/v2\/product"}],"about":[{"href":"https:\/\/tradisom.com\/en\/wp-json\/wp\/v2\/types\/product"}],"wp:featuredmedia":[{"embeddable":true,"href":"https:\/\/tradisom.com\/en\/wp-json\/wp\/v2\/media\/16515"}],"wp:attachment":[{"href":"https:\/\/tradisom.com\/en\/wp-json\/wp\/v2\/media?parent=457"}],"wp:term":[{"taxonomy":"product_brand","embeddable":true,"href":"https:\/\/tradisom.com\/en\/wp-json\/wp\/v2\/product_brand?post=457"},{"taxonomy":"product_cat","embeddable":true,"href":"https:\/\/tradisom.com\/en\/wp-json\/wp\/v2\/product_cat?post=457"},{"taxonomy":"product_tag","embeddable":true,"href":"https:\/\/tradisom.com\/en\/wp-json\/wp\/v2\/product_tag?post=457"}],"curies":[{"name":"wp","href":"https:\/\/api.w.org\/{rel}","templated":true}]}}