{"id":455,"date":"2018-03-29T21:06:34","date_gmt":"2018-03-29T21:06:34","guid":{"rendered":"https:\/\/tradisom.com\/\/?post_type=product&#038;p=455"},"modified":"2025-12-12T21:38:51","modified_gmt":"2025-12-12T20:38:51","slug":"portuguese-sound-archives-fado-3","status":"publish","type":"product","link":"https:\/\/tradisom.com\/en\/product\/portuguese-sound-archives-fado-3\/","title":{"rendered":"Fado 03"},"content":{"rendered":"<p>Esta s\u00e9rie de edi\u00e7\u00f5es a que demos o t\u00edtulo de &#8220;ARQUIVOS SONOROS PORTUGUESES &#8211; FADO&#8221; tem como principal objectivo dar a conhecer as grava\u00e7\u00f5es contidas na colec\u00e7\u00e3o de Jos\u00e9 Mo\u00e7as, um arquivo constitu\u00eddo por cerca de 6700 discos de 78 rota\u00e7\u00f5es.<\/p>\n<p>Com a edi\u00e7\u00e3o destes sons abrimos um pouco a curiosidade de muitos f\u00e3s que regularmente nos v\u00e3o questionando sobre os conte\u00fados desta cole\u00e7\u00e3o.<\/p>\n<p>Para mais tarde fica a promessa de uma s\u00e9rie de discos que ir\u00e3o conter estudos cient\u00edficos e detalhados sobre esta \u00e9poca ainda t\u00e3o pouco conhecida da nossa hist\u00f3ria musical.<\/p>\n<p>Mas para j\u00e1 estas grava\u00e7\u00f5es permitam ouvir pela primeira vez alguns nomes, pequenos segredos guardados naqueles preciosos discos.<\/p>\n<p>01.JOS\u00c9 AFONSO-Fado das \u00e1guias<\/p>\n<p>02.FERNANDA BATISTA-Joia Sagrada<\/p>\n<p>03.FERNANDO FARINHA-Sonho de amor<\/p>\n<p>04.HERM\u00cdNIA SILVA-A tendinha<\/p>\n<p>05.JO\u00c3O ROCHA-Giga de Coimbra<\/p>\n<p>06.ISABEL NOVO-Mulher que passa<\/p>\n<p>07.JOAQUIM SEABRA-Minha av\u00f3zinha<\/p>\n<p>08.MARIA ALICE-A Senhora do Pilar<\/p>\n<p>09.FRUTUOSO FRAN\u00c7A-Anabela<\/p>\n<p>10.JOAQUIM SILVEIRINHA-A minha tip\u00f3ia<\/p>\n<p>11.LUC\u00cdLIA DO CARMO-Can\u00e7\u00e3o ciume<\/p>\n<p>12.JOS\u00c9 LEMOS-Alma de Portugal<\/p>\n<p>13.J\u00daLIO CORREIA e ABEL NEGR\u00c3O-Fado menor<\/p>\n<p>14.MARIA CARMEN-Isto que sinto<\/p>\n<p>15.LINO TEIXEIRA-A minha Santa Rosinha<\/p>\n<p>16.MANOEL MONTEIRO-Fado do destino<\/p>\n<p>17.LEONOR MARQUES-Fado da Idanha<\/p>\n<p>18.MANUEL JOAQUIM CARVALHO-Fado da madrugada<\/p>\n<p>19.MARIA CLARA-Fado de Lisboa<\/p>\n<p>20.MANUEL TAVEIRA-Chico do cachin\u00ea<\/p>\n","protected":false},"excerpt":{"rendered":"<p><iframe loading=\"lazy\" src=\"https:\/\/w.soundcloud.com\/player\/?url=https%3A\/\/api.soundcloud.com\/playlists\/1383004882&amp;color=%23ff5500&amp;auto_play=false&amp;hide_related=false&amp;show_comments=true&amp;show_user=true&amp;show_reposts=false&amp;show_teaser=true\" width=\"100%\" height=\"450\" frameborder=\"no\" scrolling=\"no\"><\/iframe><\/p>\n<div style=\"font-size: 10px; color: #cccccc; line-break: anywhere; word-break: normal; overflow: hidden; white-space: nowrap; text-overflow: ellipsis; font-family: Interstate,Lucida Grande,Lucida Sans Unicode,Lucida Sans,Garuda,Verdana,Tahoma,sans-serif; font-weight: 100;\"><a style=\"color: #cccccc; text-decoration: none;\" title=\"Tradisom\" href=\"https:\/\/soundcloud.com\/tradisom\" target=\"_blank\" rel=\"noopener\">Tradisom<\/a> \u00b7 <a style=\"color: #cccccc; text-decoration: none;\" title=\"Portuguese Sound Archives: FADO Vol.3\" href=\"https:\/\/soundcloud.com\/tradisom\/sets\/portuguese-sound-archives-fado-vol3\" target=\"_blank\" rel=\"noopener\">Portuguese Sound Archives: FADO Vol.3<\/a><\/div>\n","protected":false},"featured_media":16513,"template":"","meta":[],"product_brand":[],"product_cat":[316,318,315],"product_tag":[],"class_list":{"0":"post-455","1":"product","2":"type-product","3":"status-publish","4":"has-post-thumbnail","6":"product_cat-discos-tradisom","7":"product_cat-portuguese-sound-archives-discos-tradisom","8":"product_cat-tradisom","10":"first","11":"instock","12":"downloadable","13":"virtual","14":"purchasable","15":"product-type-simple"},"_links":{"self":[{"href":"https:\/\/tradisom.com\/en\/wp-json\/wp\/v2\/product\/455","targetHints":{"allow":["GET"]}}],"collection":[{"href":"https:\/\/tradisom.com\/en\/wp-json\/wp\/v2\/product"}],"about":[{"href":"https:\/\/tradisom.com\/en\/wp-json\/wp\/v2\/types\/product"}],"wp:featuredmedia":[{"embeddable":true,"href":"https:\/\/tradisom.com\/en\/wp-json\/wp\/v2\/media\/16513"}],"wp:attachment":[{"href":"https:\/\/tradisom.com\/en\/wp-json\/wp\/v2\/media?parent=455"}],"wp:term":[{"taxonomy":"product_brand","embeddable":true,"href":"https:\/\/tradisom.com\/en\/wp-json\/wp\/v2\/product_brand?post=455"},{"taxonomy":"product_cat","embeddable":true,"href":"https:\/\/tradisom.com\/en\/wp-json\/wp\/v2\/product_cat?post=455"},{"taxonomy":"product_tag","embeddable":true,"href":"https:\/\/tradisom.com\/en\/wp-json\/wp\/v2\/product_tag?post=455"}],"curies":[{"name":"wp","href":"https:\/\/api.w.org\/{rel}","templated":true}]}}