{"id":451,"date":"2018-03-29T21:05:12","date_gmt":"2018-03-29T21:05:12","guid":{"rendered":"https:\/\/tradisom.com\/\/?post_type=product&#038;p=451"},"modified":"2025-12-12T21:39:16","modified_gmt":"2025-12-12T20:39:16","slug":"portuguese-sound-archives-fado-5","status":"publish","type":"product","link":"https:\/\/tradisom.com\/en\/product\/portuguese-sound-archives-fado-5\/","title":{"rendered":"Fado 05"},"content":{"rendered":"<p>Esta s\u00e9rie de edi\u00e7\u00f5es a que demos o t\u00edtulo de &#8220;ARQUIVOS SONOROS PORTUGUESES &#8211; FADO&#8221; tem como principal objectivo dar a conhecer as grava\u00e7\u00f5es contidas na colec\u00e7\u00e3o de Jos\u00e9 Mo\u00e7as, um arquivo constitu\u00eddo por cerca de 6700 discos de 78 rota\u00e7\u00f5es.<\/p>\n<p>Com a edi\u00e7\u00e3o destes sons abrimos um pouco a curiosidade de muitos f\u00e3s que regularmente nos v\u00e3o questionando sobre os conte\u00fados desta cole\u00e7\u00e3o.<\/p>\n<p>Para mais tarde fica a promessa de uma s\u00e9rie de discos que ir\u00e3o conter estudos cient\u00edficos e detalhados sobre esta \u00e9poca ainda t\u00e3o pouco conhecida da nossa hist\u00f3ria musical.<\/p>\n<p>Mas para j\u00e1 estas grava\u00e7\u00f5es permitam ouvir pela primeira vez alguns nomes, pequenos segredos guardados naqueles preciosos discos.<\/p>\n<p>&nbsp;<\/p>\n<p>01.DELPHINA VICTOR, ISABEL COSTA-senhora da alta<\/p>\n<p>02.SANTOS CARVALHO-a resposta de D. Maria Varina<\/p>\n<p>03.ELVIRA COSTA-fado da navalha na liga<\/p>\n<p>04.ALMEIDA CRUZ-fado dos cegos<\/p>\n<p>05.GUILHERMINA ANJOS-fado da orph\u00e3<\/p>\n<p>06.CARVALHO DE OLIVEIRA-fado do mutilado (1.a parte)<\/p>\n<p>07.CARVALHO DE OLIVEIRA-fado do mutilado (2.a parte)<\/p>\n<p>08.MARIA DA CONCEI\u00c7\u00c3O-ai mouraria c\u00f3pia<\/p>\n<p>09.CARLOS SANTOS-estampilha d\u00b4assistencia<\/p>\n<p>10.MARIA DA LUZ-falsas paix\u00f5es<\/p>\n<p>11.BANDA DA GUARDA REPUBLICANA DE LISBOA-raps\u00f3dia de fados<\/p>\n<p>12.ISABEL COSTA-fado do crime<\/p>\n<p>13.GUSTAVO LEAL-fado do c\u00edvico<\/p>\n<p>14.MARIA DA GRA\u00c7A-o meu bairro<\/p>\n<p>15.NECA RAFAEL-\u00e0 moda c\u00f3pia<\/p>\n<p>16.MARIA GUERREIRO-perdi a partida<\/p>\n<p>17.PINTO RAMOS-fado lir\u00f3 (revista ABC)<\/p>\n<p>18.NAT\u00c1LIA DOS ANJOS-maldade<\/p>\n<p>19.RAUL MOTA-hist\u00f3ria do fado<\/p>\n<p>20.ORQ. SINF\u00d3NICA dir. por JOAQUIM CLEMENTE-fado blanquita<\/p>\n","protected":false},"excerpt":{"rendered":"<p><iframe loading=\"lazy\" src=\"https:\/\/w.soundcloud.com\/player\/?url=https%3A\/\/api.soundcloud.com\/playlists\/1383010978&amp;color=%23ff5500&amp;auto_play=false&amp;hide_related=false&amp;show_comments=true&amp;show_user=true&amp;show_reposts=false&amp;show_teaser=true\" width=\"100%\" height=\"450\" frameborder=\"no\" scrolling=\"no\"><\/iframe><\/p>\n<div style=\"font-size: 10px; color: #cccccc; line-break: anywhere; word-break: normal; overflow: hidden; white-space: nowrap; text-overflow: ellipsis; font-family: Interstate,Lucida Grande,Lucida Sans Unicode,Lucida Sans,Garuda,Verdana,Tahoma,sans-serif; font-weight: 100;\"><a style=\"color: #cccccc; text-decoration: none;\" title=\"Tradisom\" href=\"https:\/\/soundcloud.com\/tradisom\" target=\"_blank\" rel=\"noopener\">Tradisom<\/a> \u00b7 <a style=\"color: #cccccc; text-decoration: none;\" title=\"Portuguese Sound Archives: FADO Vol.5\" href=\"https:\/\/soundcloud.com\/tradisom\/sets\/portuguese-sound-archives-fado-vol5\" target=\"_blank\" rel=\"noopener\">Portuguese Sound Archives: FADO Vol.5<\/a><\/div>\n","protected":false},"featured_media":16509,"template":"","meta":[],"product_brand":[],"product_cat":[316,318,315],"product_tag":[],"class_list":{"0":"post-451","1":"product","2":"type-product","3":"status-publish","4":"has-post-thumbnail","6":"product_cat-discos-tradisom","7":"product_cat-portuguese-sound-archives-discos-tradisom","8":"product_cat-tradisom","10":"first","11":"instock","12":"downloadable","13":"virtual","14":"purchasable","15":"product-type-simple"},"_links":{"self":[{"href":"https:\/\/tradisom.com\/en\/wp-json\/wp\/v2\/product\/451","targetHints":{"allow":["GET"]}}],"collection":[{"href":"https:\/\/tradisom.com\/en\/wp-json\/wp\/v2\/product"}],"about":[{"href":"https:\/\/tradisom.com\/en\/wp-json\/wp\/v2\/types\/product"}],"wp:featuredmedia":[{"embeddable":true,"href":"https:\/\/tradisom.com\/en\/wp-json\/wp\/v2\/media\/16509"}],"wp:attachment":[{"href":"https:\/\/tradisom.com\/en\/wp-json\/wp\/v2\/media?parent=451"}],"wp:term":[{"taxonomy":"product_brand","embeddable":true,"href":"https:\/\/tradisom.com\/en\/wp-json\/wp\/v2\/product_brand?post=451"},{"taxonomy":"product_cat","embeddable":true,"href":"https:\/\/tradisom.com\/en\/wp-json\/wp\/v2\/product_cat?post=451"},{"taxonomy":"product_tag","embeddable":true,"href":"https:\/\/tradisom.com\/en\/wp-json\/wp\/v2\/product_tag?post=451"}],"curies":[{"name":"wp","href":"https:\/\/api.w.org\/{rel}","templated":true}]}}