{"id":449,"date":"2018-03-29T21:04:04","date_gmt":"2018-03-29T21:04:04","guid":{"rendered":"https:\/\/tradisom.com\/\/?post_type=product&#038;p=449"},"modified":"2025-12-12T21:39:30","modified_gmt":"2025-12-12T20:39:30","slug":"portuguese-sound-archives-fado-6","status":"publish","type":"product","link":"https:\/\/tradisom.com\/en\/product\/portuguese-sound-archives-fado-6\/","title":{"rendered":"Fado 06"},"content":{"rendered":"<p>Esta s\u00e9rie de edi\u00e7\u00f5es a que demos o t\u00edtulo de &#8220;ARQUIVOS SONOROS PORTUGUESES &#8211; FADO&#8221; tem como principal objectivo dar a conhecer as grava\u00e7\u00f5es contidas na colec\u00e7\u00e3o de Jos\u00e9 Mo\u00e7as, um arquivo constitu\u00eddo por cerca de 6700 discos de 78 rota\u00e7\u00f5es.<\/p>\n<p>Com a edi\u00e7\u00e3o destes sons abrimos um pouco a curiosidade de muitos f\u00e3s que regularmente nos v\u00e3o questionando sobre os conte\u00fados desta cole\u00e7\u00e3o.<\/p>\n<p>Para mais tarde fica a promessa de uma s\u00e9rie de discos que ir\u00e3o conter estudos cient\u00edficos e detalhados sobre esta \u00e9poca ainda t\u00e3o pouco conhecida da nossa hist\u00f3ria musical.<\/p>\n<p>Mas para j\u00e1 estas grava\u00e7\u00f5es permitam ouvir pela primeira vez alguns nomes, pequenos segredos guardados naqueles preciosos discos.<\/p>\n<p>01.JORGE BASTOS-as freiras de santa clara<\/p>\n<p>02.DELPHINA VICTOR-can\u00e7\u00e3o da cega<\/p>\n<p>03.JOS\u00c9 BACALHAU-fado bacalhau<\/p>\n<p>04.ANT\u00d3NIO COELHO e ANT\u00f3NIO MARTINS-fado em r\u00e9 menor<\/p>\n<p>05.ANT\u00d3NIO RODRIGUES-saudades d\u00b4al\u00e9m mar<\/p>\n<p>06.MARIANNA F. ALVES-fado z\u00e9 povinho<\/p>\n<p>07.CARLOS SANTOS-fado dos tiros<\/p>\n<p>08.JOAQUIM RAMOS e MEDINA DE SOUSA-a cegada<\/p>\n<p>09.JORGE BASTOS-balada acad\u00e9mica de coimbra<\/p>\n<p>10.JORGE BASTOS-fado dos preg\u00f5es do porto<\/p>\n<p>11.ARMANDO GOES-fado da vida<\/p>\n<p>12.JORGE BASTOS, ALICE-o senhor da serra<\/p>\n<p>13.JOS\u00c9 TAVEIRA-carta 9 de abril (1.\u00aa parte)<\/p>\n<p>14.MANUEL JOAQUIM CARVALHO-terra amada<\/p>\n<p>15.NECA RAFAEL-casa importante<\/p>\n<p>16.ANT\u00d3NIO COELHO e ANT\u00d3NIO MARTINS-selec\u00e7\u00e3o de fados<\/p>\n<p>17.ANT\u00d3NIO RODRIGUES-marcha portuense<\/p>\n<p>18.NAT\u00c1LIA DOS ANJOS-n\u00e3o voltou<\/p>\n<p>19.PINTO RAMOS-fado pobre z\u00e9<\/p>\n<p>20.REYNALDO VARELLA-em pleno tribunal<\/p>\n<p>&nbsp;<\/p>\n","protected":false},"excerpt":{"rendered":"<p><iframe loading=\"lazy\" src=\"https:\/\/w.soundcloud.com\/player\/?url=https%3A\/\/api.soundcloud.com\/playlists\/1383014080&amp;color=%2354541b&amp;auto_play=false&amp;hide_related=false&amp;show_comments=true&amp;show_user=true&amp;show_reposts=false&amp;show_teaser=true\" width=\"100%\" height=\"450\" frameborder=\"no\" scrolling=\"no\"><\/iframe><\/p>\n<div style=\"font-size: 10px; color: #cccccc; line-break: anywhere; word-break: normal; overflow: hidden; white-space: nowrap; text-overflow: ellipsis; font-family: Interstate,Lucida Grande,Lucida Sans Unicode,Lucida Sans,Garuda,Verdana,Tahoma,sans-serif; font-weight: 100;\"><a style=\"color: #cccccc; text-decoration: none;\" title=\"Tradisom\" href=\"https:\/\/soundcloud.com\/tradisom\" target=\"_blank\" rel=\"noopener\">Tradisom<\/a> \u00b7 <a style=\"color: #cccccc; text-decoration: none;\" title=\"Portuguese Sound Archives: FADO Vol.6\" href=\"https:\/\/soundcloud.com\/tradisom\/sets\/portuguese-sound-archives-fado-vol6\" target=\"_blank\" rel=\"noopener\">Portuguese Sound Archives: FADO Vol.6<\/a><\/div>\n","protected":false},"featured_media":16507,"template":"","meta":[],"product_brand":[],"product_cat":[316,318,315],"product_tag":[],"class_list":{"0":"post-449","1":"product","2":"type-product","3":"status-publish","4":"has-post-thumbnail","6":"product_cat-discos-tradisom","7":"product_cat-portuguese-sound-archives-discos-tradisom","8":"product_cat-tradisom","10":"first","11":"instock","12":"downloadable","13":"virtual","14":"purchasable","15":"product-type-simple"},"_links":{"self":[{"href":"https:\/\/tradisom.com\/en\/wp-json\/wp\/v2\/product\/449","targetHints":{"allow":["GET"]}}],"collection":[{"href":"https:\/\/tradisom.com\/en\/wp-json\/wp\/v2\/product"}],"about":[{"href":"https:\/\/tradisom.com\/en\/wp-json\/wp\/v2\/types\/product"}],"wp:featuredmedia":[{"embeddable":true,"href":"https:\/\/tradisom.com\/en\/wp-json\/wp\/v2\/media\/16507"}],"wp:attachment":[{"href":"https:\/\/tradisom.com\/en\/wp-json\/wp\/v2\/media?parent=449"}],"wp:term":[{"taxonomy":"product_brand","embeddable":true,"href":"https:\/\/tradisom.com\/en\/wp-json\/wp\/v2\/product_brand?post=449"},{"taxonomy":"product_cat","embeddable":true,"href":"https:\/\/tradisom.com\/en\/wp-json\/wp\/v2\/product_cat?post=449"},{"taxonomy":"product_tag","embeddable":true,"href":"https:\/\/tradisom.com\/en\/wp-json\/wp\/v2\/product_tag?post=449"}],"curies":[{"name":"wp","href":"https:\/\/api.w.org\/{rel}","templated":true}]}}