{"id":441,"date":"2018-03-29T20:59:26","date_gmt":"2018-03-29T20:59:26","guid":{"rendered":"https:\/\/tradisom.com\/\/?post_type=product&#038;p=441"},"modified":"2025-12-12T21:40:22","modified_gmt":"2025-12-12T20:40:22","slug":"portuguese-sound-archives-fado-10","status":"publish","type":"product","link":"https:\/\/tradisom.com\/en\/product\/portuguese-sound-archives-fado-10\/","title":{"rendered":"Fado 10"},"content":{"rendered":"<p>Esta s\u00e9rie de edi\u00e7\u00f5es a que demos o t\u00edtulo de &#8220;ARQUIVOS SONOROS PORTUGUESES &#8211; FADO&#8221; tem como principal objectivo dar a conhecer as grava\u00e7\u00f5es contidas na colec\u00e7\u00e3o de Jos\u00e9 Mo\u00e7as, um arquivo constitu\u00eddo por cerca de 6700 discos de 78 rota\u00e7\u00f5es.<\/p>\n<p>Com a edi\u00e7\u00e3o destes sons abrimos um pouco a curiosidade de muitos f\u00e3s que regularmente nos v\u00e3o questionando sobre os conte\u00fados desta cole\u00e7\u00e3o.<\/p>\n<p>Para mais tarde fica a promessa de uma s\u00e9rie de discos que ir\u00e3o conter estudos cient\u00edficos e detalhados sobre esta \u00e9poca ainda t\u00e3o pouco conhecida da nossa hist\u00f3ria musical.<\/p>\n<p>Mas para j\u00e1 estas grava\u00e7\u00f5es permitam ouvir pela primeira vez alguns nomes, pequenos segredos guardados naqueles preciosos discos.<\/p>\n<p>&nbsp;<\/p>\n<p>01.ALFREDO MARCENEIRO-\u00faltima carta<\/p>\n<p>02.AM\u00c1LIA RODRIGUES-sei finalmente (1945)<\/p>\n<p>03.ALFREDO MARQUES-fado do beijo<\/p>\n<p>04.FRANCISCO JOS\u00c9-olhos castanhos (1960)<\/p>\n<p>05.LEONOR MARQUES-fado do malmequer<\/p>\n<p>06.LEONOR MARQUES-fado dois tons<\/p>\n<p>07.MANOEL MONTEIRO-beijos (1934)<\/p>\n<p>08.MANOEL MONTEIRO-canto do ceguinho (1933)<\/p>\n<p>09.MANOEL MONTEIRO-chorando baixinho (1935)<\/p>\n<p>10.MANOEL MONTEIRO-duas cartas (1951)<\/p>\n<p>11.MANOEL MONTEIRO-nem \u00e0s paredes confesso (1955)<\/p>\n<p>12.MANOEL MONTEIRO-perjura (1934)<\/p>\n<p>13.MANOEL MONTEIRO-rosas de Portugal (1940)<\/p>\n<p>14.MANOEL MONTEIRO-Santa Cruz (1933)<\/p>\n<p>15.MANOEL MONTEIRO-saudades (1941)<\/p>\n<p>16.MANUEL J. CARVALHO-o canto do prisioneirto<\/p>\n<p>17.MANUEL J. CARVALHO-o fado portuguez<\/p>\n<p>18.MARIA ALICE-lembran\u00e7a triste<\/p>\n<p>19.MARIA ALICE-quando o filho adormece<\/p>\n<p>20.MARIA DA GRA\u00c7A-evolu\u00e7\u00e3o do fado<\/p>\n","protected":false},"excerpt":{"rendered":"<p><iframe loading=\"lazy\" src=\"https:\/\/w.soundcloud.com\/player\/?url=https%3A\/\/api.soundcloud.com\/playlists\/1383034858&amp;color=%2354541b&amp;auto_play=false&amp;hide_related=false&amp;show_comments=true&amp;show_user=true&amp;show_reposts=false&amp;show_teaser=true\" width=\"100%\" height=\"450\" frameborder=\"no\" scrolling=\"no\"><\/iframe><\/p>\n<div style=\"font-size: 10px; color: #cccccc; line-break: anywhere; word-break: normal; overflow: hidden; white-space: nowrap; text-overflow: ellipsis; font-family: Interstate,Lucida Grande,Lucida Sans Unicode,Lucida Sans,Garuda,Verdana,Tahoma,sans-serif; font-weight: 100;\"><a style=\"color: #cccccc; text-decoration: none;\" title=\"Tradisom\" href=\"https:\/\/soundcloud.com\/tradisom\" target=\"_blank\" rel=\"noopener\">Tradisom<\/a> \u00b7 <a style=\"color: #cccccc; text-decoration: none;\" title=\"Portuguese Sound Archives\" href=\"https:\/\/soundcloud.com\/tradisom\/sets\/portuguese-sound-archives\" target=\"_blank\" rel=\"noopener\">Portuguese Sound Archives<\/a><\/div>\n","protected":false},"featured_media":16499,"template":"","meta":[],"product_brand":[],"product_cat":[316,318,315],"product_tag":[],"class_list":{"0":"post-441","1":"product","2":"type-product","3":"status-publish","4":"has-post-thumbnail","6":"product_cat-discos-tradisom","7":"product_cat-portuguese-sound-archives-discos-tradisom","8":"product_cat-tradisom","10":"first","11":"instock","12":"downloadable","13":"virtual","14":"purchasable","15":"product-type-simple"},"_links":{"self":[{"href":"https:\/\/tradisom.com\/en\/wp-json\/wp\/v2\/product\/441","targetHints":{"allow":["GET"]}}],"collection":[{"href":"https:\/\/tradisom.com\/en\/wp-json\/wp\/v2\/product"}],"about":[{"href":"https:\/\/tradisom.com\/en\/wp-json\/wp\/v2\/types\/product"}],"wp:featuredmedia":[{"embeddable":true,"href":"https:\/\/tradisom.com\/en\/wp-json\/wp\/v2\/media\/16499"}],"wp:attachment":[{"href":"https:\/\/tradisom.com\/en\/wp-json\/wp\/v2\/media?parent=441"}],"wp:term":[{"taxonomy":"product_brand","embeddable":true,"href":"https:\/\/tradisom.com\/en\/wp-json\/wp\/v2\/product_brand?post=441"},{"taxonomy":"product_cat","embeddable":true,"href":"https:\/\/tradisom.com\/en\/wp-json\/wp\/v2\/product_cat?post=441"},{"taxonomy":"product_tag","embeddable":true,"href":"https:\/\/tradisom.com\/en\/wp-json\/wp\/v2\/product_tag?post=441"}],"curies":[{"name":"wp","href":"https:\/\/api.w.org\/{rel}","templated":true}]}}