{"id":439,"date":"2018-03-29T20:56:03","date_gmt":"2018-03-29T20:56:03","guid":{"rendered":"https:\/\/tradisom.com\/\/?post_type=product&#038;p=439"},"modified":"2025-09-01T18:41:48","modified_gmt":"2025-09-01T17:41:48","slug":"trago-fado-nos-sentidos","status":"publish","type":"product","link":"https:\/\/tradisom.com\/en\/product\/trago-fado-nos-sentidos\/","title":{"rendered":"Vanessa Ferreira \u2013 Trago Fado nos Sentidos"},"content":{"rendered":"<p>Uma jovem promessa do fado<\/p>\n<p>Vanessa iniciou-se desde muito cedo no mundo da m\u00fasica, uma \u00e1rea que sempre a fascinou; a m\u00e3e dizia que, mesmo antes de saber falar corretamente, j\u00e1 trauteava as m\u00fasicas que passavam na r\u00e1dio e portanto essa paix\u00e3o come\u00e7ou a tomar conta dela desde bem cedo.<\/p>\n<p>Com apenas seis anos de idade integrou o projecto\/grupo de Ana Faria e Hedu\u00edno Gomes &#8211;\u00a0 os \u201cJovens Cantores de Lisboa\u201d onde ficou cerca de tr\u00eas anos, at\u00e9 fazer o \u201ccasting\u201d para outro projecto da mesma dupla &#8211; os \u201cOnda Choc\u201d, outro grupo juvenil bem conhecido e sucedido na altura, onde permaneceu at\u00e9 aos 13 anos.<\/p>\n<p>Por consequ\u00eancia do destino, ou n\u00e3o, aos 14 anos foi morar para Portim\u00e3o onde come\u00e7ou a cantar em bares e hot\u00e9is com o seu professor de viola Reis Pinto; digamos que foi gra\u00e7as a ele que perdeu o medo que ainda sentia para estar em palco.<\/p>\n<p>Dois anos mais tarde a resolveu inscrev\u00ea-la num certame de fado amador em Portim\u00e3o; foi o seu primeiro concurso e o dealbar de uma nova paix\u00e3o por este g\u00e9nero de m\u00fasica t\u00e3o portugu\u00eas.<\/p>\n<p>A dedica\u00e7\u00e3o ao fado come\u00e7ou precisamente a\u00ed; posteriormente consegui v\u00e1rios pr\u00e9mios em quase todos os concursos em que fui participando at\u00e9 que, em 2007, l\u00e1 consegui o primeiro lugar num concurso em Portim\u00e3o .<\/p>\n<p>Neste primeiro CD deu melhor de si para oferecer a todos que a ouvem parte do que \u00e9 e daquilo que ambiciono vir a ser.<\/p>\n","protected":false},"excerpt":{"rendered":"<p>Uma jovem promessa do fado Vanessa iniciou-se desde muito cedo no mundo da m\u00fasica, uma \u00e1rea que sempre a fascinou; a m\u00e3e dizia que, mesmo antes de saber falar corretamente, j\u00e1 trauteava as m\u00fasicas que passavam na r\u00e1dio e portanto essa paix\u00e3o come\u00e7ou a tomar conta dela desde bem cedo. Com apenas seis anos de [&#8230;]\n","protected":false},"featured_media":27419,"template":"","meta":[],"product_brand":[],"product_cat":[316,317,315],"product_tag":[],"class_list":{"0":"post-439","1":"product","2":"type-product","3":"status-publish","4":"has-post-thumbnail","6":"product_cat-discos-tradisom","7":"product_cat-fado-discos-tradisom","8":"product_cat-tradisom","10":"first","11":"instock","12":"shipping-taxable","13":"purchasable","14":"product-type-variable"},"_links":{"self":[{"href":"https:\/\/tradisom.com\/en\/wp-json\/wp\/v2\/product\/439","targetHints":{"allow":["GET"]}}],"collection":[{"href":"https:\/\/tradisom.com\/en\/wp-json\/wp\/v2\/product"}],"about":[{"href":"https:\/\/tradisom.com\/en\/wp-json\/wp\/v2\/types\/product"}],"wp:featuredmedia":[{"embeddable":true,"href":"https:\/\/tradisom.com\/en\/wp-json\/wp\/v2\/media\/27419"}],"wp:attachment":[{"href":"https:\/\/tradisom.com\/en\/wp-json\/wp\/v2\/media?parent=439"}],"wp:term":[{"taxonomy":"product_brand","embeddable":true,"href":"https:\/\/tradisom.com\/en\/wp-json\/wp\/v2\/product_brand?post=439"},{"taxonomy":"product_cat","embeddable":true,"href":"https:\/\/tradisom.com\/en\/wp-json\/wp\/v2\/product_cat?post=439"},{"taxonomy":"product_tag","embeddable":true,"href":"https:\/\/tradisom.com\/en\/wp-json\/wp\/v2\/product_tag?post=439"}],"curies":[{"name":"wp","href":"https:\/\/api.w.org\/{rel}","templated":true}]}}