{"id":38133,"date":"2026-03-20T20:40:15","date_gmt":"2026-03-20T19:40:15","guid":{"rendered":"https:\/\/tradisom.com\/?post_type=product&#038;p=38133"},"modified":"2026-03-22T14:16:19","modified_gmt":"2026-03-22T13:16:19","slug":"adriano-a-obra","status":"publish","type":"product","link":"https:\/\/tradisom.com\/en\/product\/adriano-a-obra\/","title":{"rendered":"Adriano: A Obra"},"content":{"rendered":"<p data-start=\"171\" data-end=\"401\">Este \u00e9 um livro fundamental para conhecer de forma mais profunda o percurso musical de Adriano Correia de Oliveira, uma das vozes maiores da m\u00fasica portuguesa e da can\u00e7\u00e3o de interven\u00e7\u00e3o.<\/p>\n<p>Muito para al\u00e9m da imagem do int\u00e9rprete de voz singular que o grande p\u00fablico guardou na mem\u00f3ria, este livro revela tamb\u00e9m o m\u00fasico, compositor e instrumentista que Adriano foi, restituindo-lhe a inteira dimens\u00e3o art\u00edstica que tantas vezes permaneceu menos vis\u00edvel. Ao longo destas p\u00e1ginas, Oct\u00e1vio Fonseca prop\u00f5e uma revisita\u00e7\u00e3o cuidada de toda a carreira de Adriano Correia de Oliveira, analisando a sua obra disco a disco, cruzando escuta, reflex\u00e3o cr\u00edtica e o di\u00e1logo com textos de especialistas que se debru\u00e7aram sobre a sua m\u00fasica.<\/p>\n<p>Este trabalho distingue-se tamb\u00e9m pelo cuidado colocado na reconstitui\u00e7\u00e3o e clarifica\u00e7\u00e3o da discografia, corrigindo equ\u00edvocos e data\u00e7\u00f5es erradas que se foram sedimentando ao longo dos anos. Com base em documenta\u00e7\u00e3o entretanto conhecida e em fontes discogr\u00e1ficas cred\u00edveis, o autor contribui para um olhar mais rigoroso sobre a evolu\u00e7\u00e3o da obra de Adriano, reenquadrando-a no contexto do movimento de renova\u00e7\u00e3o da m\u00fasica popular portuguesa e da luta cultural e pol\u00edtica contra a ditadura, bem como na defesa dos ideais de Abril.<\/p>\n<p>Escrito com o entusiasmo e a aten\u00e7\u00e3o de quem escuta a m\u00fasica por dentro, este n\u00e3o \u00e9 apenas um livro de consulta: \u00e9 tamb\u00e9m um convite \u00e0 redescoberta de uma obra maior da cultura portuguesa. Adriano: A Obra devolve-nos um artista completo e oferece ao leitor a possibilidade de acompanhar a leitura com a audi\u00e7\u00e3o das can\u00e7\u00f5es, num percurso que ilumina a for\u00e7a, a beleza e a import\u00e2ncia duradoura do seu legado.<\/p>\n","protected":false},"excerpt":{"rendered":"<p>Livro de capa dura 27,5 x 27,5 cm<br \/>\n175 p\u00e1ginas<br \/>\nFotografias, documentos raros e artigos de jornais<br \/>\n5 CDs com a discografia completa de Adriano Correia de Oliveira<\/p>\n<p><strong>Pr\u00e9-venda at\u00e9 dia 25 de abril de 2026<\/strong><\/p>\n","protected":false},"featured_media":38136,"template":"","meta":[],"product_brand":[],"product_cat":[316,404,326,403],"product_tag":[],"class_list":{"0":"post-38133","1":"product","2":"type-product","3":"status-publish","4":"has-post-thumbnail","6":"product_cat-discos-tradisom","7":"product_cat-documental","8":"product_cat-livros-tradisom","9":"product_cat-tradicional","11":"first","12":"instock","13":"shipping-taxable","14":"purchasable","15":"product-type-simple"},"_links":{"self":[{"href":"https:\/\/tradisom.com\/en\/wp-json\/wp\/v2\/product\/38133","targetHints":{"allow":["GET"]}}],"collection":[{"href":"https:\/\/tradisom.com\/en\/wp-json\/wp\/v2\/product"}],"about":[{"href":"https:\/\/tradisom.com\/en\/wp-json\/wp\/v2\/types\/product"}],"wp:featuredmedia":[{"embeddable":true,"href":"https:\/\/tradisom.com\/en\/wp-json\/wp\/v2\/media\/38136"}],"wp:attachment":[{"href":"https:\/\/tradisom.com\/en\/wp-json\/wp\/v2\/media?parent=38133"}],"wp:term":[{"taxonomy":"product_brand","embeddable":true,"href":"https:\/\/tradisom.com\/en\/wp-json\/wp\/v2\/product_brand?post=38133"},{"taxonomy":"product_cat","embeddable":true,"href":"https:\/\/tradisom.com\/en\/wp-json\/wp\/v2\/product_cat?post=38133"},{"taxonomy":"product_tag","embeddable":true,"href":"https:\/\/tradisom.com\/en\/wp-json\/wp\/v2\/product_tag?post=38133"}],"curies":[{"name":"wp","href":"https:\/\/api.w.org\/{rel}","templated":true}]}}