{"id":37790,"date":"2025-11-12T18:10:07","date_gmt":"2025-11-12T17:10:07","guid":{"rendered":"https:\/\/tradisom.com\/?post_type=product&#038;p=37790"},"modified":"2025-11-17T23:47:00","modified_gmt":"2025-11-17T22:47:00","slug":"musica-de-raiz-portuguesa","status":"publish","type":"product","link":"https:\/\/tradisom.com\/en\/product\/musica-de-raiz-portuguesa\/","title":{"rendered":"M\u00fasica de raiz portuguesa"},"content":{"rendered":"<p><strong>Inclui:<\/strong><\/p>\n<ul>\n<li><a href=\"https:\/\/tradisom.com\/produto\/zeca-medeiros-a-duvida-soberana\/\"><strong>Zeca Medeiros \u2013 A D\u00favida Soberana<\/strong><\/a>: o poeta e m\u00fasico a\u00e7oriano num disco de intensa emo\u00e7\u00e3o, onde a palavra e a melodia se fundem com o mar e a mem\u00f3ria.<\/li>\n<li><a href=\"https:\/\/tradisom.com\/produto\/filipa-pais-uma-viagem\/\"><strong>Filipa Pais \u2013 Uma viagem aos A\u00e7ores<\/strong><\/a>: um percurso de descoberta pelas ilhas, entre o canto tradicional e a modernidade da interpreta\u00e7\u00e3o.<\/li>\n<li><a href=\"https:\/\/tradisom.com\/produto\/jose-manuel-david-cantar-a-eito\/\"><strong>Jos\u00e9 Manuel David \u2013 Cantar a Eito<\/strong><\/a>: a for\u00e7a e a autenticidade de uma voz que brota da terra, herdeira das tradi\u00e7\u00f5es orais.<\/li>\n<li><a href=\"https:\/\/tradisom.com\/produto\/20-anos-ana-lains-e-convidados-ao-vivo-no-casino-estoril\/\"><strong>20 Anos \u2013 Ana La\u00edns e Convidados ao vivo no Casino Estoril<\/strong><\/a>: uma celebra\u00e7\u00e3o vibrante da m\u00fasica portuguesa, entre fado, canto e amizade.<\/li>\n<li><a href=\"https:\/\/tradisom.com\/produto\/braga-na-tradicao-musical\/\"><strong>Braga na Tradi\u00e7\u00e3o Musical<\/strong><\/a>: um registo essencial sobre a heran\u00e7a popular minhota e as suas express\u00f5es coletivas.<\/li>\n<li><a href=\"https:\/\/tradisom.com\/produto\/isabel-silvestre-canticos-da-terra-e-da-vida\/\"><strong>Isabel Silvestre \u2013 C\u00e2nticos da Terra e da Vida<\/strong><\/a>: a voz maior das Terras de Basto, s\u00edmbolo da for\u00e7a feminina e do canto ancestral portugu\u00eas.<\/li>\n<\/ul>\n<p data-start=\"1583\" data-end=\"1749\">\ud83c\udfb6 <strong data-start=\"1586\" data-end=\"1627\">A alma portuguesa em forma de can\u00e7\u00e3o.<\/strong><br data-start=\"1627\" data-end=\"1630\" \/>Cada obra \u00e9 um testemunho vivo das ra\u00edzes musicais que continuam a inspirar novas gera\u00e7\u00f5es de int\u00e9rpretes e ouvintes.<\/p>\n<p data-start=\"1751\" data-end=\"1870\" data-is-last-node=\"\" data-is-only-node=\"\">\ud83d\udd6f\ufe0f <strong data-start=\"1755\" data-end=\"1804\">Pacote especial de Natal com 50% de desconto.<\/strong><br data-start=\"1804\" data-end=\"1807\" \/>Um presente que celebra o som da terra e o cora\u00e7\u00e3o de Portugal.<\/p>\n","protected":false},"excerpt":{"rendered":"<p>Um encontro entre tradi\u00e7\u00e3o e modernidade, entre a voz do povo e a cria\u00e7\u00e3o contempor\u00e2nea.<br data-start=\"128\" data-end=\"131\" \/>Este pacote re\u00fane artistas e obras que, inspirando-se nas sonoridades da terra, d\u00e3o nova vida \u00e0 identidade musical portuguesa \u2014 do Minho aos A\u00e7ores, do Alentejo \u00e0 serra.<\/p>\n<p data-start=\"1583\" data-end=\"1749\">\ud83c\udfb6 <strong data-start=\"1586\" data-end=\"1627\">A alma portuguesa em forma de can\u00e7\u00e3o.<\/strong><br data-start=\"1627\" data-end=\"1630\" \/>Cada obra \u00e9 um testemunho vivo das ra\u00edzes musicais que continuam a inspirar novas gera\u00e7\u00f5es de int\u00e9rpretes e ouvintes.<\/p>\n<p data-start=\"1751\" data-end=\"1870\" data-is-last-node=\"\" data-is-only-node=\"\">\ud83d\udd6f\ufe0f <strong data-start=\"1755\" data-end=\"1804\">Pacote especial de Natal com 50% de desconto.<\/strong><br data-start=\"1804\" data-end=\"1807\" \/>Um presente que celebra o som da terra e o cora\u00e7\u00e3o de Portugal.<\/p>\n<p>&nbsp;<\/p>\n","protected":false},"featured_media":37791,"template":"","meta":[],"product_brand":[],"product_cat":[315,332],"product_tag":[],"class_list":{"0":"post-37790","1":"product","2":"type-product","3":"status-publish","4":"has-post-thumbnail","6":"product_cat-tradisom","7":"product_cat-promocoes-tradisom","9":"first","10":"instock","11":"sale","12":"shipping-taxable","13":"purchasable","14":"product-type-simple"},"_links":{"self":[{"href":"https:\/\/tradisom.com\/en\/wp-json\/wp\/v2\/product\/37790","targetHints":{"allow":["GET"]}}],"collection":[{"href":"https:\/\/tradisom.com\/en\/wp-json\/wp\/v2\/product"}],"about":[{"href":"https:\/\/tradisom.com\/en\/wp-json\/wp\/v2\/types\/product"}],"wp:featuredmedia":[{"embeddable":true,"href":"https:\/\/tradisom.com\/en\/wp-json\/wp\/v2\/media\/37791"}],"wp:attachment":[{"href":"https:\/\/tradisom.com\/en\/wp-json\/wp\/v2\/media?parent=37790"}],"wp:term":[{"taxonomy":"product_brand","embeddable":true,"href":"https:\/\/tradisom.com\/en\/wp-json\/wp\/v2\/product_brand?post=37790"},{"taxonomy":"product_cat","embeddable":true,"href":"https:\/\/tradisom.com\/en\/wp-json\/wp\/v2\/product_cat?post=37790"},{"taxonomy":"product_tag","embeddable":true,"href":"https:\/\/tradisom.com\/en\/wp-json\/wp\/v2\/product_tag?post=37790"}],"curies":[{"name":"wp","href":"https:\/\/api.w.org\/{rel}","templated":true}]}}