{"id":37766,"date":"2025-11-12T14:00:02","date_gmt":"2025-11-12T13:00:02","guid":{"rendered":"https:\/\/tradisom.com\/?post_type=product&#038;p=37766"},"modified":"2025-11-17T23:48:15","modified_gmt":"2025-11-17T22:48:15","slug":"musica-erudita-portuguesa","status":"publish","type":"product","link":"https:\/\/tradisom.com\/en\/product\/musica-erudita-portuguesa\/","title":{"rendered":"M\u00fasica Erudita Portuguesa"},"content":{"rendered":"<p><strong>Inclui:<\/strong><\/p>\n<ul>\n<li><a href=\"https:\/\/tradisom.com\/produto\/vianna-da-motta-nuno-vieira-de-almeida\/\"><strong>Jos\u00e9 Vianna da Motta \u2013 Lieder, Can\u00e7\u00f5es, Romanzas<\/strong><\/a>: a redescoberta de um dos mais ilustres pianistas e compositores portugueses, num registo de rara beleza.<\/li>\n<li><a href=\"https:\/\/tradisom.com\/produto\/joly-braga-santos\/\"><strong>Joly Braga Santos \u2013 Integral para Canto e Piano<\/strong><\/a>: a totalidade das obras vocais de um autor que uniu tradi\u00e7\u00e3o e modernidade na m\u00fasica do s\u00e9culo XX.<\/li>\n<li><a href=\"https:\/\/tradisom.com\/produto\/luis-de-freitas-branco-2\/\"><strong>Lu\u00eds de Freitas Branco \u2013 Integral das Can\u00e7\u00f5es<\/strong><\/a>: um dos pilares da composi\u00e7\u00e3o nacional, aqui na sua vertente mais \u00edntima e po\u00e9tica.<\/li>\n<li><a href=\"https:\/\/tradisom.com\/produto\/luis-pipa-revisiting-beethoven-250-anos\/\"><strong>Lu\u00eds Pipa \u2013 Revisiting Beethoven (250 anos)<\/strong><\/a>: uma homenagem ao g\u00e9nio de Bonn, interpretada com sensibilidade e rigor t\u00e9cnico.<\/li>\n<li><a href=\"https:\/\/tradisom.com\/produto\/luis-pipa-mozart\/\"><strong>Lu\u00eds Pipa \u2013 Mozart<\/strong><\/a>: a eleg\u00e2ncia e a clareza do mestre austr\u00edaco num registo de pura inspira\u00e7\u00e3o.<\/li>\n<li><a href=\"https:\/\/tradisom.com\/produto\/luis-pipa\/\"><strong>Lu\u00eds Pipa \u2013 Sonatinas<\/strong><\/a>: pe\u00e7as de leveza e virtuosismo, revelando a versatilidade do pianista portugu\u00eas.<\/li>\n<li><a href=\"https:\/\/tradisom.com\/produto\/nuno-vieira-de-almeida-lieder-schubert-wolf\/\"><strong>Lieder \u2013 Schubert &amp; Wolf<\/strong><\/a>: dois mestres do romantismo alem\u00e3o, interpretados com a delicadeza de quem faz da can\u00e7\u00e3o arte maior.<\/li>\n<\/ul>\n<p data-start=\"1717\" data-end=\"1913\">\ud83c\udfbb <strong data-start=\"1720\" data-end=\"1779\">Um encontro entre o rigor cl\u00e1ssico e a alma portuguesa.<\/strong><br data-start=\"1779\" data-end=\"1782\" \/>Este conjunto convida \u00e0 escuta atenta e \u00e0 redescoberta de compositores que elevaram a m\u00fasica erudita nacional ao mais alto n\u00edvel.<\/p>\n<p data-start=\"1915\" data-end=\"2089\" data-is-last-node=\"\" data-is-only-node=\"\">\ud83d\udd6f\ufe0f <strong data-start=\"1919\" data-end=\"1996\">Dispon\u00edvel nesta campanha especial de Natal Tradisom.<\/strong><br data-start=\"1996\" data-end=\"1999\" \/>Uma prenda perfeita para quem vive a m\u00fasica com emo\u00e7\u00e3o, profundidade e respeito pela arte.<\/p>\n","protected":false},"excerpt":{"rendered":"<p>Um tributo aos grandes compositores e int\u00e9rpretes que deram forma \u00e0 m\u00fasica cl\u00e1ssica em Portugal \u2014 entre a inspira\u00e7\u00e3o rom\u00e2ntica europeia e a sensibilidade profundamente nacional.<br data-start=\"217\" data-end=\"220\" \/>Este conjunto re\u00fane obras de refer\u00eancia que revelam a excel\u00eancia e a emo\u00e7\u00e3o da cria\u00e7\u00e3o erudita portuguesa.<\/p>\n<p data-start=\"1717\" data-end=\"1913\">\ud83c\udfbb <strong data-start=\"1720\" data-end=\"1779\">Um encontro entre o rigor cl\u00e1ssico e a alma portuguesa.<\/strong><br data-start=\"1779\" data-end=\"1782\" \/>Este conjunto convida \u00e0 escuta atenta e \u00e0 redescoberta de compositores que elevaram a m\u00fasica erudita nacional ao mais alto n\u00edvel.<\/p>\n<p data-start=\"1915\" data-end=\"2089\" data-is-last-node=\"\" data-is-only-node=\"\">\ud83d\udd6f\ufe0f <strong data-start=\"1919\" data-end=\"1996\">Dispon\u00edvel nesta campanha especial de Natal Tradisom.<\/strong><br data-start=\"1996\" data-end=\"1999\" \/>Uma prenda perfeita para quem vive a m\u00fasica com emo\u00e7\u00e3o, profundidade e respeito pela arte.<\/p>\n","protected":false},"featured_media":37783,"template":"","meta":[],"product_brand":[],"product_cat":[315,332],"product_tag":[],"class_list":{"0":"post-37766","1":"product","2":"type-product","3":"status-publish","4":"has-post-thumbnail","6":"product_cat-tradisom","7":"product_cat-promocoes-tradisom","9":"first","10":"instock","11":"sale","12":"shipping-taxable","13":"purchasable","14":"product-type-simple"},"_links":{"self":[{"href":"https:\/\/tradisom.com\/en\/wp-json\/wp\/v2\/product\/37766","targetHints":{"allow":["GET"]}}],"collection":[{"href":"https:\/\/tradisom.com\/en\/wp-json\/wp\/v2\/product"}],"about":[{"href":"https:\/\/tradisom.com\/en\/wp-json\/wp\/v2\/types\/product"}],"wp:featuredmedia":[{"embeddable":true,"href":"https:\/\/tradisom.com\/en\/wp-json\/wp\/v2\/media\/37783"}],"wp:attachment":[{"href":"https:\/\/tradisom.com\/en\/wp-json\/wp\/v2\/media?parent=37766"}],"wp:term":[{"taxonomy":"product_brand","embeddable":true,"href":"https:\/\/tradisom.com\/en\/wp-json\/wp\/v2\/product_brand?post=37766"},{"taxonomy":"product_cat","embeddable":true,"href":"https:\/\/tradisom.com\/en\/wp-json\/wp\/v2\/product_cat?post=37766"},{"taxonomy":"product_tag","embeddable":true,"href":"https:\/\/tradisom.com\/en\/wp-json\/wp\/v2\/product_tag?post=37766"}],"curies":[{"name":"wp","href":"https:\/\/api.w.org\/{rel}","templated":true}]}}