{"id":37752,"date":"2025-11-12T13:40:34","date_gmt":"2025-11-12T12:40:34","guid":{"rendered":"https:\/\/tradisom.com\/?post_type=product&#038;p=37752"},"modified":"2025-11-17T23:49:37","modified_gmt":"2025-11-17T22:49:37","slug":"coimbra-guitarras-e-saudade","status":"publish","type":"product","link":"https:\/\/tradisom.com\/en\/product\/coimbra-guitarras-e-saudade\/","title":{"rendered":"Coimbra, Guitarras e Saudade"},"content":{"rendered":"<p><strong>Inclui:<\/strong><\/p>\n<ul>\n<li><a href=\"https:\/\/tradisom.com\/produto\/coimbra\/\"><strong>Coimbra \u2013 Abril Em Portugal<\/strong><\/a>: uma viagem pelas can\u00e7\u00f5es e guitarras que eternizaram a cidade dos estudantes.<\/li>\n<li><a href=\"https:\/\/tradisom.com\/produto\/vozes-e-sons-de-coimbra\/\"><strong>Mem\u00f3rias do Fado \u2013 Vozes e Sons de Coimbra<\/strong><\/a>: registos hist\u00f3ricos das serenatas que ecoaram nas rep\u00fablicas e p\u00e1tios universit\u00e1rios.<\/li>\n<li><a href=\"https:\/\/tradisom.com\/produto\/vozes-e-sons-de-coimbra-2\/\"><strong>Novos Arquivos do Fado \u2013 Vozes e Sons de Coimbra<\/strong><\/a>: a continua\u00e7\u00e3o desse legado sonoro, agora restaurado e editado com rigor hist\u00f3rico.<\/li>\n<li><a href=\"https:\/\/tradisom.com\/produto\/os-primeiros-anos\/\"><strong>Os Primeiros Anos \u2013 A correspond\u00eancia Jos\u00e9 Afonso \/ Rocha Pato (1962\/1970)<\/strong><\/a>: um testemunho \u00edntimo da amizade e da cria\u00e7\u00e3o art\u00edstica de Zeca Afonso nos seus anos de forma\u00e7\u00e3o.<\/li>\n<li><a href=\"https:\/\/tradisom.com\/produto\/carlos-paredes-a-guitarra-de-um-povo\/\"><strong>Carlos Paredes \u2013 A Guitarra De Um Povo<\/strong><\/a>: a celebra\u00e7\u00e3o do g\u00e9nio maior da guitarra portuguesa, herdeiro da escola coimbr\u00e3 e s\u00edmbolo da liberdade criativa.<\/li>\n<\/ul>\n<p data-start=\"1289\" data-end=\"1524\">\ud83c\udf93 <strong data-start=\"1292\" data-end=\"1332\">Coimbra \u00e9 m\u00fasica, \u00e9 saudade, \u00e9 alma.<\/strong><br data-start=\"1332\" data-end=\"1335\" \/>Este pacote re\u00fane as can\u00e7\u00f5es, as cartas e as cordas que moldaram a identidade sonora de uma gera\u00e7\u00e3o.<br data-start=\"1435\" data-end=\"1438\" \/>Perfeito para quem sente a vibra\u00e7\u00e3o da guitarra e a emo\u00e7\u00e3o de uma serenata \u00e0 janela.<\/p>\n<p data-start=\"1526\" data-end=\"1642\" data-is-last-node=\"\" data-is-only-node=\"\">\ud83d\udd6f\ufe0f <strong data-start=\"1530\" data-end=\"1579\">Edi\u00e7\u00e3o especial de Natal de 2025.<\/strong><br data-start=\"1579\" data-end=\"1582\" \/>Porque a mem\u00f3ria tamb\u00e9m se oferece \u2014 e Coimbra canta sempre.<\/p>\n","protected":false},"excerpt":{"rendered":"<p>Entre serenatas, poesia e mem\u00f3rias, este conjunto celebra a tradi\u00e7\u00e3o musical e acad\u00e9mica de Coimbra \u2014 ber\u00e7o da guitarra portuguesa, da can\u00e7\u00e3o coimbr\u00e3 e de algumas das vozes mais marcantes da nossa hist\u00f3ria.<\/p>\n<p data-start=\"1289\" data-end=\"1524\">\ud83c\udf93 <strong data-start=\"1292\" data-end=\"1332\">Coimbra \u00e9 m\u00fasica, \u00e9 saudade, \u00e9 alma.<\/strong><br data-start=\"1332\" data-end=\"1335\" \/>Este pacote re\u00fane as can\u00e7\u00f5es, as cartas e as cordas que moldaram a identidade sonora de uma gera\u00e7\u00e3o.<br data-start=\"1435\" data-end=\"1438\" \/>Perfeito para quem sente a vibra\u00e7\u00e3o da guitarra e a emo\u00e7\u00e3o de uma serenata \u00e0 janela.<\/p>\n<p data-start=\"1526\" data-end=\"1642\" data-is-last-node=\"\" data-is-only-node=\"\">\ud83d\udd6f\ufe0f <strong data-start=\"1530\" data-end=\"1579\">Edi\u00e7\u00e3o especial de Natal de 2025.<\/strong><br data-start=\"1579\" data-end=\"1582\" \/>Porque a mem\u00f3ria tamb\u00e9m se oferece \u2014 e Coimbra canta sempre.<\/p>\n","protected":false},"featured_media":37788,"template":"","meta":[],"product_brand":[],"product_cat":[315,332],"product_tag":[],"class_list":{"0":"post-37752","1":"product","2":"type-product","3":"status-publish","4":"has-post-thumbnail","6":"product_cat-tradisom","7":"product_cat-promocoes-tradisom","9":"first","10":"instock","11":"sale","12":"shipping-taxable","13":"purchasable","14":"product-type-simple"},"_links":{"self":[{"href":"https:\/\/tradisom.com\/en\/wp-json\/wp\/v2\/product\/37752","targetHints":{"allow":["GET"]}}],"collection":[{"href":"https:\/\/tradisom.com\/en\/wp-json\/wp\/v2\/product"}],"about":[{"href":"https:\/\/tradisom.com\/en\/wp-json\/wp\/v2\/types\/product"}],"wp:featuredmedia":[{"embeddable":true,"href":"https:\/\/tradisom.com\/en\/wp-json\/wp\/v2\/media\/37788"}],"wp:attachment":[{"href":"https:\/\/tradisom.com\/en\/wp-json\/wp\/v2\/media?parent=37752"}],"wp:term":[{"taxonomy":"product_brand","embeddable":true,"href":"https:\/\/tradisom.com\/en\/wp-json\/wp\/v2\/product_brand?post=37752"},{"taxonomy":"product_cat","embeddable":true,"href":"https:\/\/tradisom.com\/en\/wp-json\/wp\/v2\/product_cat?post=37752"},{"taxonomy":"product_tag","embeddable":true,"href":"https:\/\/tradisom.com\/en\/wp-json\/wp\/v2\/product_tag?post=37752"}],"curies":[{"name":"wp","href":"https:\/\/api.w.org\/{rel}","templated":true}]}}