{"id":37430,"date":"2025-08-26T11:44:03","date_gmt":"2025-08-26T10:44:03","guid":{"rendered":"https:\/\/tradisom.com\/?post_type=product&#038;p=37430"},"modified":"2026-04-10T09:39:02","modified_gmt":"2026-04-10T08:39:02","slug":"arthur-paredes-pioneirismo-genialidade-e-modernidade","status":"publish","type":"product","link":"https:\/\/tradisom.com\/en\/product\/arthur-paredes-pioneirismo-genialidade-e-modernidade\/","title":{"rendered":"Arthur Paredes &#8211; Pioneirismo, genialidade e modernidade"},"content":{"rendered":"<p>Arthur Paredes \u2013 Pioneirismo, genialidade e modernidade<\/p>\n<p>&#8220;Desnecessa\u0301rio sera\u0301 descrever a alegria e a enorme satisfac\u0327a\u0303o com que vi chegar, finalmente, o dia de editar uma obra desta envergadura, pois foram longos anos de reunio\u0303es e de conversas, de adiamentos e de promessas de apoio na\u0303o cumpridas.<\/p>\n<p>Mas aquilo que me tem caracterizado, ao longo destes quase 35 anos, desde que criei a Tradisom, e\u0301 a fe\u0301rrea perseveranc\u0327a; direi, mesmo, a inquebranta\u0301vel teimosia de levar por diante aquilo em que acredito e que, ale\u0301m do mais, sinto que e\u0301 necessa\u0301rio trazer a\u0300 luz do dia. Como poderia eu desistir de editar uma obra que nos da\u0301 a conhecer toda a histo\u0301ria dessa grande figura da mu\u0301sica portuguesa que foi Arthur Paredes? E, curiosamente, julgo que a minha persiste\u0302ncia foi premiada, tornando a minha satisfac\u0327a\u0303o ainda maior, pelo facto de a edic\u0327a\u0303o deste livro se concretizar no ano do Centena\u0301rio do nascimento do seu filho, Carlos Paredes, tambe\u0301m ele um mestre, reconhecido como o maior executante de guitarra portuguesa.<\/p>\n<p>Este livro e\u0301 um estudo pormenorizado e criterioso que, estou convencido, ira\u0301 agradar a todos os que admiram Arthur Paredes e Carlos Paredes e que gostam da guitarra portuguesa, em geral, ja\u0301 que, a par da obra completa de Arthur Paredes, decidimos incluir os registos sonoros dos instrumentistas que o antecederam. Sa\u0303o registos que recuam ate\u0301 aos primo\u0301rdios do ini\u0301cio da gravac\u0327a\u0303o em Portugal \u2013 que, agora ja\u0301 sabemos, se situa no final do ano de 1900, na cidade do Porto \u2013 e tornam esta obra um documento u\u0301nico e histo\u0301rico. Basta dizer que nos discos que sa\u0303o parte integrante desta obra vamos poder escutar &#8211; a maioria pela primeira vez &#8211; lendas como Luis Petroline, Reynaldo Varella, Thomaz Ribeiro, Anthero da Veiga, Manuel Rodrigues Paredes, Fla\u0301vio Rodrigues da Silva, Francisco Caetano, Miguel Peres de Vasconcelos ou Manasse\u0301s de Lacerda.<\/p>\n<p>Se, como lamentei anteriormente, muitos foram os obsta\u0301culos e entraves a\u0300 concretizac\u0327a\u0303o desta obra, felizmente, tambe\u0301m recebi o apoio de diversas entidades e pessoas, sem o qual esta obra nunca teria existido.<\/p>\n<p>Antes de mais, destacaria o autor do texto, Anto\u0301nio Manuel Nunes, a quem fico eternamente grato pelo seu exi\u0301mio trabalho de investigac\u0327a\u0303o e pela pacie\u0302ncia de ter esperado alguns anos ate\u0301 ver este livro publicado. O meu caro Anto\u0301nio Manuel Nunes ha\u0301 muito que vem dedicando a sua vida ao estudo de tudo o que tem a ver com Coimbra, em termos musicais, entenda-se. E teve, durante de\u0301cadas, ao seu lado, o saudoso Coronel Anjos de Carvalho, que visitei algumas vezes em sua casa, nos Olivais, e cujo valiosi\u0301ssimo espo\u0301lio os seus herdeiros decidiram doar a\u0300 Universidade de Aveiro. Esta dupla escreveu dezenas e dezenas de textos no conhecido blogue \u201cA Guitarra de Coimbra\u201d, que foi, para mim, uma preciosa fonte de informac\u0327a\u0303o.<\/p>\n<p>Tambe\u0301m muito agradec\u0327o ao meu amigo e colecionador Joa\u0303o Pedro Almeida Rocha, pela sua imprescindi\u0301vel colaborac\u0327a\u0303o na cede\u0302ncia das gravac\u0327o\u0303es dos acetatos, uma enorme mais-valia para a obra; ao Carlos Nascimento, pela qualidade habitual do seu trabalho na transcric\u0327a\u0303o e masterizac\u0327a\u0303o desses mesmos acetatos; ao Isaac Raimundo, que digitalizou e masterizou os discos de 78 rotac\u0327o\u0303es, e ao saudoso Anto\u0301nio Pires, que fez a revisa\u0303o dos textos.<\/p>\n<p>Por fim, e\u0301 claro que esta obra na\u0303o seria via\u0301vel sem os apoios que recebi do Ministe\u0301rio da Cultura, da Ca\u0302mara Municipal de Coimbra, da Ca\u0302mara Municipal de Lisboa, da Sociedade Portuguesa de Autores e do Museu do Fado (obrigado, amiga Sara Pereira!).&#8221;<\/p>\n<p>Jos\u00e9 Mo\u00e7as<\/p>\n","protected":false},"excerpt":{"rendered":"<p>Livro de capa dura<br \/>\nCont\u00e9m 6 CDs<br \/>\nDimens\u00f5es: 27 x 10 x 27 cm<br \/>\nM\u00fasicas e fotografias in\u00e9ditas<br \/>\nInvestiga\u00e7\u00e3o feita por Ant\u00f3nio Manuel Nunes<br \/>\nEdi\u00e7\u00e3o numerada e limitada de 1000 exemplares<\/p>\n<p>Lista de artistas por ordem alfab\u00e9tica:<br \/>\nAnthero da Veiga, Arthur Paredes, Luis Petroline \/ Petrolino, Fla\u0301vio Rodrigues da Silva, Francisco Caetano, Manasse\u0301s de Lacerda, Manuel Rodrigues Paredes, Miguel Peres de Vasconcelos, Reynaldo Varella, Thomaz Ribeiro, entre muitos outros.<\/p>\n<p><iframe loading=\"lazy\" src=\"https:\/\/w.soundcloud.com\/player\/?url=https%3A\/\/api.soundcloud.com\/playlists\/2072200176&amp;color=%23adab36&amp;auto_play=false&amp;hide_related=false&amp;show_comments=false&amp;show_user=false&amp;show_reposts=false&amp;show_teaser=false&amp;visual=true\" width=\"100%\" height=\"300\" frameborder=\"no\" scrolling=\"no\"><\/iframe><\/p>\n<div style=\"font-size: 10px; color: #cccccc; line-break: anywhere; word-break: normal; overflow: hidden; white-space: nowrap; text-overflow: ellipsis; font-family: Interstate,Lucida Grande,Lucida Sans Unicode,Lucida Sans,Garuda,Verdana,Tahoma,sans-serif; font-weight: 100;\"><a style=\"color: #cccccc; text-decoration: none;\" title=\"Tradisom\" href=\"https:\/\/soundcloud.com\/tradisom\" target=\"_blank\" rel=\"noopener\">Tradisom<\/a> \u00b7 <a style=\"color: #cccccc; text-decoration: none;\" title=\"Arthur Paredes - Pioneirismo, genialidade e modernidade\" href=\"https:\/\/soundcloud.com\/tradisom\/sets\/arthur-paredes-pioneirismo-genialidade-e-modernidade\" target=\"_blank\" rel=\"noopener\">Arthur Paredes &#8211; Pioneirismo, genialidade e modernidade<\/a><\/div>\n","protected":false},"featured_media":37433,"template":"","meta":[],"product_brand":[],"product_cat":[326,404,328,330,315],"product_tag":[405],"class_list":{"0":"post-37430","1":"product","2":"type-product","3":"status-publish","4":"has-post-thumbnail","6":"product_cat-livros-tradisom","7":"product_cat-documental","8":"product_cat-fado-livros-tradisom","9":"product_cat-outros-livros-tradisom","10":"product_cat-tradisom","11":"product_tag-arthur-paredes","13":"first","14":"instock","15":"shipping-taxable","16":"purchasable","17":"product-type-simple"},"_links":{"self":[{"href":"https:\/\/tradisom.com\/en\/wp-json\/wp\/v2\/product\/37430","targetHints":{"allow":["GET"]}}],"collection":[{"href":"https:\/\/tradisom.com\/en\/wp-json\/wp\/v2\/product"}],"about":[{"href":"https:\/\/tradisom.com\/en\/wp-json\/wp\/v2\/types\/product"}],"wp:featuredmedia":[{"embeddable":true,"href":"https:\/\/tradisom.com\/en\/wp-json\/wp\/v2\/media\/37433"}],"wp:attachment":[{"href":"https:\/\/tradisom.com\/en\/wp-json\/wp\/v2\/media?parent=37430"}],"wp:term":[{"taxonomy":"product_brand","embeddable":true,"href":"https:\/\/tradisom.com\/en\/wp-json\/wp\/v2\/product_brand?post=37430"},{"taxonomy":"product_cat","embeddable":true,"href":"https:\/\/tradisom.com\/en\/wp-json\/wp\/v2\/product_cat?post=37430"},{"taxonomy":"product_tag","embeddable":true,"href":"https:\/\/tradisom.com\/en\/wp-json\/wp\/v2\/product_tag?post=37430"}],"curies":[{"name":"wp","href":"https:\/\/api.w.org\/{rel}","templated":true}]}}