{"id":36462,"date":"2024-12-09T12:13:41","date_gmt":"2024-12-09T11:13:41","guid":{"rendered":"https:\/\/tradisom.com\/?post_type=product&#038;p=36462"},"modified":"2026-02-17T13:08:50","modified_gmt":"2026-02-17T12:08:50","slug":"ricardo-silva-contagem-crescente","status":"publish","type":"product","link":"https:\/\/tradisom.com\/en\/product\/ricardo-silva-contagem-crescente\/","title":{"rendered":"Ricardo Silva &#8211; Contagem Crescente"},"content":{"rendered":"<p>&#8220;Contagem Crescente&#8221; \u00e9 o quarto \u00e1lbum do m\u00fasico e guitarrista portugu\u00eas Ricardo Silva, lan\u00e7ado em 2024.<br \/>\nNatural de Pombal, Ricardo Silva \u00e9 um reconhecido int\u00e9rprete de guitarra portuguesa que concilia a carreira art\u00edstica com a doc\u00eancia. O projeto destaca-se pela sua composi\u00e7\u00e3o: apresenta 10 temas originais, incluindo t\u00edtulos como &#8220;Gigantones&#8221;, &#8220;Prel\u00fadio de um novo tempo&#8221; e &#8220;Melodia para Paredes&#8221;.<\/p>\n<p>O conceito do \u00e1lbum celebra a evolu\u00e7\u00e3o da sua sonoridade e presta homenagem a grandes compositores da hist\u00f3ria da guitarra portuguesa, como Carlos Paredes.<\/p>\n<p>Tempo gera e regenera. N\u00e3o existe finitude.<br \/>\nExiste a continua\u00e7\u00e3o de princ\u00edpios.<br \/>\nTempos somados ao tempo.<br \/>\nHist\u00f3rias acrescentando hist\u00f3ria.<br \/>\nM\u00fasica crescendo em m\u00fasicas.<br \/>\nAssim permanecemos.<br \/>\nEstamos em Contagem Crescente<\/p>\n","protected":false},"excerpt":{"rendered":"<h2>Ricardo Silva &#8211; Contagem Crescente<\/h2>\n<p>Disco de Vinil<\/p>\n<p><iframe loading=\"lazy\" src=\"https:\/\/w.soundcloud.com\/player\/?url=https%3A\/\/api.soundcloud.com\/playlists\/1920890391&amp;color=%23c38c59&amp;auto_play=true&amp;hide_related=false&amp;show_comments=false&amp;show_user=false&amp;show_reposts=false&amp;show_teaser=true&amp;visual=true\" width=\"100%\" height=\"450\" frameborder=\"no\" scrolling=\"no\"><\/iframe><\/p>\n<div style=\"font-size: 10px; color: #cccccc; line-break: anywhere; word-break: normal; overflow: hidden; white-space: nowrap; text-overflow: ellipsis; font-family: Interstate,Lucida Grande,Lucida Sans Unicode,Lucida Sans,Garuda,Verdana,Tahoma,sans-serif; font-weight: 100;\"><a style=\"color: #cccccc; text-decoration: none;\" title=\"Tradisom\" href=\"https:\/\/soundcloud.com\/tradisom\" target=\"_blank\" rel=\"noopener\">Tradisom<\/a> \u00b7 <a style=\"color: #cccccc; text-decoration: none;\" title=\"Contagem Crescente\" href=\"https:\/\/soundcloud.com\/tradisom\/sets\/contagem-crescente\" target=\"_blank\" rel=\"noopener\">Contagem Crescente<\/a><\/div>\n","protected":false},"featured_media":37541,"template":"","meta":[],"product_brand":[],"product_cat":[316,322,315],"product_tag":[],"class_list":{"0":"post-36462","1":"product","2":"type-product","3":"status-publish","4":"has-post-thumbnail","6":"product_cat-discos-tradisom","7":"product_cat-tradicional-discos-tradisom","8":"product_cat-tradisom","10":"first","11":"instock","12":"shipping-taxable","13":"purchasable","14":"product-type-simple"},"_links":{"self":[{"href":"https:\/\/tradisom.com\/en\/wp-json\/wp\/v2\/product\/36462","targetHints":{"allow":["GET"]}}],"collection":[{"href":"https:\/\/tradisom.com\/en\/wp-json\/wp\/v2\/product"}],"about":[{"href":"https:\/\/tradisom.com\/en\/wp-json\/wp\/v2\/types\/product"}],"wp:featuredmedia":[{"embeddable":true,"href":"https:\/\/tradisom.com\/en\/wp-json\/wp\/v2\/media\/37541"}],"wp:attachment":[{"href":"https:\/\/tradisom.com\/en\/wp-json\/wp\/v2\/media?parent=36462"}],"wp:term":[{"taxonomy":"product_brand","embeddable":true,"href":"https:\/\/tradisom.com\/en\/wp-json\/wp\/v2\/product_brand?post=36462"},{"taxonomy":"product_cat","embeddable":true,"href":"https:\/\/tradisom.com\/en\/wp-json\/wp\/v2\/product_cat?post=36462"},{"taxonomy":"product_tag","embeddable":true,"href":"https:\/\/tradisom.com\/en\/wp-json\/wp\/v2\/product_tag?post=36462"}],"curies":[{"name":"wp","href":"https:\/\/api.w.org\/{rel}","templated":true}]}}