{"id":35091,"date":"2024-10-29T13:48:31","date_gmt":"2024-10-29T12:48:31","guid":{"rendered":"https:\/\/tradisom.com\/?post_type=product&#038;p=35091"},"modified":"2024-11-05T12:59:26","modified_gmt":"2024-11-05T11:59:26","slug":"02-ilustracao-original-de-pedro-sousa-pereira-do-livro-os-lusiadas","status":"publish","type":"product","link":"https:\/\/tradisom.com\/en\/product\/02-ilustracao-original-de-pedro-sousa-pereira-do-livro-os-lusiadas\/","title":{"rendered":"02 &#8211; Ilustra\u00e7\u00e3o original de Pedro Sousa Pereira do livro \u201cOs Lus\u00edadas\u201d"},"content":{"rendered":"<p class=\"p1\"><span class=\"s1\">Ilustra\u00e7\u00f5es originais de Pedro Sousa Pereira que serviram para a publica\u00e7\u00e3o do livro \u201cOs Lus\u00edadas\u201d, da editora gradiva.<\/span><\/p>\n<p class=\"p1\"><span class=\"s1\">Ilustra\u00e7\u00e3o n.\u00ba 02. <\/span><\/p>\n<p class=\"p1\"><span class=\"s1\">Capa \/ Lombada 78 X 50 cm papel de impress\u00e3o 300 gramas.<\/span><\/p>\n<p class=\"p1\"><span class=\"s1\">T\u00e9cnica tinta da china e aguarela de grafite.<\/span><\/p>\n","protected":false},"excerpt":{"rendered":"<p>Ilustra\u00e7\u00f5es originais de Pedro Sousa Pereira que serviram para a publica\u00e7\u00e3o do livro \u201cOs Lus\u00edadas\u201d, da editora gradiva. Ilustra\u00e7\u00e3o n.\u00ba 02. Capa \/ Lombada 78 X 50 cm papel de impress\u00e3o 300 gramas. T\u00e9cnica tinta da china e aguarela de grafite.<\/p>\n","protected":false},"featured_media":35324,"template":"","meta":[],"product_brand":[],"product_cat":[321,315],"product_tag":[],"class_list":{"0":"post-35091","1":"product","2":"type-product","3":"status-publish","4":"has-post-thumbnail","6":"product_cat-edicoes-especiais-tradisom","7":"product_cat-tradisom","9":"first","10":"outofstock","11":"sold-individually","12":"shipping-taxable","13":"purchasable","14":"product-type-simple"},"_links":{"self":[{"href":"https:\/\/tradisom.com\/en\/wp-json\/wp\/v2\/product\/35091","targetHints":{"allow":["GET"]}}],"collection":[{"href":"https:\/\/tradisom.com\/en\/wp-json\/wp\/v2\/product"}],"about":[{"href":"https:\/\/tradisom.com\/en\/wp-json\/wp\/v2\/types\/product"}],"wp:featuredmedia":[{"embeddable":true,"href":"https:\/\/tradisom.com\/en\/wp-json\/wp\/v2\/media\/35324"}],"wp:attachment":[{"href":"https:\/\/tradisom.com\/en\/wp-json\/wp\/v2\/media?parent=35091"}],"wp:term":[{"taxonomy":"product_brand","embeddable":true,"href":"https:\/\/tradisom.com\/en\/wp-json\/wp\/v2\/product_brand?post=35091"},{"taxonomy":"product_cat","embeddable":true,"href":"https:\/\/tradisom.com\/en\/wp-json\/wp\/v2\/product_cat?post=35091"},{"taxonomy":"product_tag","embeddable":true,"href":"https:\/\/tradisom.com\/en\/wp-json\/wp\/v2\/product_tag?post=35091"}],"curies":[{"name":"wp","href":"https:\/\/api.w.org\/{rel}","templated":true}]}}