{"id":34735,"date":"2024-07-04T10:09:10","date_gmt":"2024-07-04T09:09:10","guid":{"rendered":"https:\/\/tradisom.com\/?post_type=product&#038;p=34735"},"modified":"2025-09-01T16:22:47","modified_gmt":"2025-09-01T15:22:47","slug":"sonoro-mar-clube-do-choro-do-porto","status":"publish","type":"product","link":"https:\/\/tradisom.com\/en\/product\/sonoro-mar-clube-do-choro-do-porto\/","title":{"rendered":"Sonoro~Mar &#8211; Clube do Choro do Porto"},"content":{"rendered":"<p>Em 2012 Jos\u00e9 Mo\u00e7as o diretor da Tradisom doou \u00e0 Universidade de Aveiro a sua cole\u00e7\u00e3o de discos de 78 rota\u00e7\u00f5es, na altura a maior cole\u00e7\u00e3o de Portugal desse tipo de suporte.<br \/>\nEla constitui um acervo de enorme valor documental, contendo a hist\u00f3ria da m\u00fasica portuguesa entre 1900 e 1950.<br \/>\nChegou finalmente o primeiro trabalho de investiga\u00e7\u00e3o sobre essa cole\u00e7\u00e3o e do seu hom\u00f3nimo brasileiro Nirez de Azevedo.<br \/>\n\u00c9 um livro que inclui um vinil em que o Clube de Choro do Porto reinterpreta algumas das pe\u00e7as contidas nesses suportes.<br \/>\nSobre esta obra as fotos falam mais do que as palavras.<br \/>\nE tamb\u00e9m podem ficar a conhecer um pouco mais da vida de colecionador de Jos\u00e9 Mo\u00e7as e Nirez de Azevedo.<\/p>\n<p>Ao comprar o livro\/vinil receber\u00e1 depois na sua caixa do correio o som em mp3.<\/p>\n<p>Esta obra vai ser apresentada em 4 concertos neste m\u00eas de Julho de 2024, aos quais podem assistir:<\/p>\n<p>14\/07\/2024 &#8211; Teatro Constantino Nery, Matosinhos<\/p>\n<p>18\/07\/2024 &#8211; Universidade de Aveiro, Aveiro<\/p>\n<p>20\/07\/2024 &#8211; Teatro Ib\u00e9rico, Lisboa<\/p>\n<p>28\/07\/2024 &#8211; Casa da M\u00fasica, Porto.<\/p>\n","protected":false},"excerpt":{"rendered":"<p>Pr\u00e9-venda at\u00e9 ao dia <strong>14 de Julho<\/strong>. Os envios ser\u00e3o feitos depois dessa data.<\/p>\n<p><iframe loading=\"lazy\" src=\"https:\/\/w.soundcloud.com\/player\/?url=https%3A\/\/api.soundcloud.com\/playlists\/1845844191&amp;color=%23ff5500&amp;auto_play=true&amp;hide_related=false&amp;show_comments=true&amp;show_user=false&amp;show_reposts=false&amp;show_teaser=false&amp;visual=true\" width=\"100%\" height=\"300\" frameborder=\"no\" scrolling=\"no\"><\/iframe><\/p>\n<div style=\"font-size: 10px; color: #cccccc; line-break: anywhere; word-break: normal; overflow: hidden; white-space: nowrap; text-overflow: ellipsis; font-family: Interstate,Lucida Grande,Lucida Sans Unicode,Lucida Sans,Garuda,Verdana,Tahoma,sans-serif; font-weight: 100;\"><a style=\"color: #cccccc; text-decoration: none;\" title=\"Tradisom\" href=\"https:\/\/soundcloud.com\/tradisom\" target=\"_blank\" rel=\"noopener\">Tradisom<\/a> \u00b7 <a style=\"color: #cccccc; text-decoration: none;\" title=\"Sonoro~Mar \u2013 Clube do Choro do Porto\" href=\"https:\/\/soundcloud.com\/tradisom\/sets\/sonoromar-clube-do-choro-do-porto\" target=\"_blank\" rel=\"noopener\">Sonoro~Mar \u2013 Clube do Choro do Porto<\/a><\/div>\n<p><iframe loading=\"lazy\" title=\"YouTube video player\" src=\"https:\/\/www.youtube.com\/embed\/Q9eeAxElAA0?si=K9dtV08Pyvxb83uA\" width=\"560\" height=\"315\" frameborder=\"0\" allowfullscreen=\"allowfullscreen\"><\/iframe><\/p>\n","protected":false},"featured_media":34740,"template":"","meta":[],"product_brand":[],"product_cat":[326,403,315],"product_tag":[],"class_list":{"0":"post-34735","1":"product","2":"type-product","3":"status-publish","4":"has-post-thumbnail","6":"product_cat-livros-tradisom","7":"product_cat-tradicional","8":"product_cat-tradisom","9":"product_shipping_class-livros-europa","11":"first","12":"instock","13":"shipping-taxable","14":"purchasable","15":"product-type-simple"},"_links":{"self":[{"href":"https:\/\/tradisom.com\/en\/wp-json\/wp\/v2\/product\/34735","targetHints":{"allow":["GET"]}}],"collection":[{"href":"https:\/\/tradisom.com\/en\/wp-json\/wp\/v2\/product"}],"about":[{"href":"https:\/\/tradisom.com\/en\/wp-json\/wp\/v2\/types\/product"}],"wp:featuredmedia":[{"embeddable":true,"href":"https:\/\/tradisom.com\/en\/wp-json\/wp\/v2\/media\/34740"}],"wp:attachment":[{"href":"https:\/\/tradisom.com\/en\/wp-json\/wp\/v2\/media?parent=34735"}],"wp:term":[{"taxonomy":"product_brand","embeddable":true,"href":"https:\/\/tradisom.com\/en\/wp-json\/wp\/v2\/product_brand?post=34735"},{"taxonomy":"product_cat","embeddable":true,"href":"https:\/\/tradisom.com\/en\/wp-json\/wp\/v2\/product_cat?post=34735"},{"taxonomy":"product_tag","embeddable":true,"href":"https:\/\/tradisom.com\/en\/wp-json\/wp\/v2\/product_tag?post=34735"}],"curies":[{"name":"wp","href":"https:\/\/api.w.org\/{rel}","templated":true}]}}