{"id":34094,"date":"2024-03-05T12:24:17","date_gmt":"2024-03-05T11:24:17","guid":{"rendered":"https:\/\/tradisom.com\/?post_type=product&#038;p=34094"},"modified":"2026-03-30T03:49:06","modified_gmt":"2026-03-30T02:49:06","slug":"julio-pereira-rasgar","status":"publish","type":"product","link":"https:\/\/tradisom.com\/en\/product\/julio-pereira-rasgar\/","title":{"rendered":"J\u00falio Pereira &#8211; Rasgar"},"content":{"rendered":"<p>O livro que inclui o disco Rasgar, descreve a traject\u00f3ria da pr\u00e1tica do cavaquinho desde a actualidade at\u00e9 \u00e0 informa\u00e7\u00e3o mais remota e os momentos em que o instrumento se cruza com o pr\u00f3prio m\u00fasico e compositor.<\/p>\n<p>Este estudo, da autoria de Nuno Cristo, constitui a mais recente contribui\u00e7\u00e3o para um conhecimento actualizado do cavaquinho, nas diversas vers\u00f5es que foi assumindo desde o s\u00e9c. XIX. Sem ser exaustivo, o texto cita pela primeira vez uma s\u00e9rie de refer\u00eancias, revelando repert\u00f3rios e contextos sociais relacionados com a pr\u00e1tica do cavaquinho em Portugal em v\u00e1rias \u00e9pocas e lugares. Igualmente pioneira \u00e9 a publica\u00e7\u00e3o de imagens raras, algumas delas at\u00e9 agora desconhecidas do grande p\u00fablico.<\/p>\n<p>De modo a dar acesso directo \u00e0 comunidade internacional, (recordemos que a constru\u00e7\u00e3o do cavaquinho j\u00e1 \u00e9 Patrim\u00f3nio Cultural Imaterial), o livro cont\u00e9m a sua vers\u00e3o em ingl\u00eas, incluindo as obras de refer\u00eancia.<\/p>\n<p>O \u00e1lbum, prefaciado por Susana Sardo (Etnomusic\u00f3loga, Professora Catedr\u00e1tica da Universidade de Aveiro), com m\u00fasica e direc\u00e7\u00e3o musical \u00a0de J\u00falio Pereira, conta com a participa\u00e7\u00e3o de doze m\u00fasicos e das vozes convidadas de <strong>Selma Uamusse<\/strong> e <strong>Luanda Cozetti<\/strong>, foi misturado com a inovadora tecnologia \u00e1udio DolbyAtmos.<\/p>\n<p>Num\u00a0dos tr\u00eas s\u00e9culos abordados neste livro consta uma ilustra\u00e7\u00e3o original\u00a0de\u00a0Pedro Sousa Pereira com a qual cri\u00e1mos uma <strong>gravura<\/strong> em cart\u00e3o adequado 45x40cm.<\/p>\n<p><strong>Sobre J\u00falio Pereira<\/strong><\/p>\n<p>J\u00falio Pereira n\u00e3o precisa de apresenta\u00e7\u00f5es\u2026 A atestar a sua experi\u00eancia e o seu testemunho musical, referem-se a quase uma centena de discos em que interveio como instrumentista, orquestrador ou produtor. N\u00e3o sem deixar de referir a import\u00e2ncia da sua \u00edntima liga\u00e7\u00e3o \u00e0 carreira de Jos\u00e9 Afonso, a partir de finais dos anos 70, bem como a sua participa\u00e7\u00e3o em trabalhos conjuntos com Pete Seeger, Kepa Junkera e The Chieftains.<br \/>\nA atestar o reconhecimento e consagra\u00e7\u00e3o pela sua obra \u2014 ainda mais que os in\u00fameros pr\u00e9mios que recebeu \u2014, n\u00e3o pode deixar de se referir a repercuss\u00e3o cultural do seu trabalho, nomeadamente na cria\u00e7\u00e3o de escolas e instrumentistas, verificado em Portugal a partir dos anos 80.<\/p>\n","protected":false},"excerpt":{"rendered":"<p>Livro com CD, edi\u00e7\u00e3o numerada<\/p>\n","protected":false},"featured_media":34100,"template":"","meta":[],"product_brand":[],"product_cat":[316,404,326,323,403,315],"product_tag":[],"class_list":{"0":"post-34094","1":"product","2":"type-product","3":"status-publish","4":"has-post-thumbnail","6":"product_cat-discos-tradisom","7":"product_cat-documental","8":"product_cat-livros-tradisom","9":"product_cat-popular-discos-tradisom","10":"product_cat-tradicional","11":"product_cat-tradisom","12":"product_shipping_class-livros-usa","14":"first","15":"instock","16":"shipping-taxable","17":"purchasable","18":"product-type-simple"},"_links":{"self":[{"href":"https:\/\/tradisom.com\/en\/wp-json\/wp\/v2\/product\/34094","targetHints":{"allow":["GET"]}}],"collection":[{"href":"https:\/\/tradisom.com\/en\/wp-json\/wp\/v2\/product"}],"about":[{"href":"https:\/\/tradisom.com\/en\/wp-json\/wp\/v2\/types\/product"}],"wp:featuredmedia":[{"embeddable":true,"href":"https:\/\/tradisom.com\/en\/wp-json\/wp\/v2\/media\/34100"}],"wp:attachment":[{"href":"https:\/\/tradisom.com\/en\/wp-json\/wp\/v2\/media?parent=34094"}],"wp:term":[{"taxonomy":"product_brand","embeddable":true,"href":"https:\/\/tradisom.com\/en\/wp-json\/wp\/v2\/product_brand?post=34094"},{"taxonomy":"product_cat","embeddable":true,"href":"https:\/\/tradisom.com\/en\/wp-json\/wp\/v2\/product_cat?post=34094"},{"taxonomy":"product_tag","embeddable":true,"href":"https:\/\/tradisom.com\/en\/wp-json\/wp\/v2\/product_tag?post=34094"}],"curies":[{"name":"wp","href":"https:\/\/api.w.org\/{rel}","templated":true}]}}