{"id":34001,"date":"2024-02-05T14:03:43","date_gmt":"2024-02-05T13:03:43","guid":{"rendered":"https:\/\/tradisom.com\/?post_type=product&#038;p=34001"},"modified":"2025-09-01T16:23:29","modified_gmt":"2025-09-01T15:23:29","slug":"jose-jorge-letria","status":"publish","type":"product","link":"https:\/\/tradisom.com\/en\/product\/jose-jorge-letria\/","title":{"rendered":"Jos\u00e9 Jorge Letria"},"content":{"rendered":"<p>Nasceu em 1951, em Cascais. \u00c9 escritor, dramaturgo, poeta e jornalista com uma vasta obra publicada, sobretudo para crian\u00e7as e jovens, desde 1973 traduzida em mais de uma dezena de l\u00ednguas e premiada em Portugal e no estrangeiro. Tamb\u00e9m foi autor de can\u00e7\u00f5es e de programas de r\u00e1dio e televis\u00e3o. \u00c9 doutorando em Ci\u00eancias da Comunica\u00e7\u00e3o e presidente da direc\u00e7\u00e3o da Sociedade Portuguesa de Autores.<\/p>\n<p>Foi, antes do 25 de Abril, um dos nomes mais destacados da can\u00e7\u00e3o da resist\u00eancia (com v\u00e1rios discos gravados e centenas de espect\u00e1culos realizados, nomeadamente na Galiza e em Madrid, em 1972 e 1973) ao lado de nomes como Jos\u00e9 Afonso, Adriano Correia de Oliveira e Manuel Freire, tendo sido agraciado, em 1997, com a Ordem da Liberdade pelo Presidente Jorge Sampaio. Em Paris foi-lhe atribu\u00edda a medalha da Internationale des Arts et des Lettres.<\/p>\n<p>\u00c9 agora publicada uma caixa com quatro dos seus mais importantes LP\u00b4s, a saber:<\/p>\n<p>AT\u00c9 AO PESCO\u00c7O \u2013 1972<br \/>\nDE VIVA VOZ \u2013 1973<br \/>\nO CIRCO DA CRIA\u00c7\u00c3O \u2013 1978<br \/>\nFRUTA DA \u00c9POCA \u2013 1981<\/p>\n","protected":false},"excerpt":{"rendered":"<p>EDI\u00c7\u00c3O ESPECIAL E LIMITADA DE 270 CAIXAS COM 4 LP<\/p>\n<p><iframe loading=\"lazy\" title=\"YouTube video player\" src=\"https:\/\/www.youtube.com\/embed\/MbRVsVLQFiE?si=C0ZsO-sSVcOvUUaa&amp;controls=0&amp;start=20\" width=\"560\" height=\"315\" frameborder=\"0\" allowfullscreen=\"allowfullscreen\"><\/iframe><\/p>\n","protected":false},"featured_media":34002,"template":"","meta":[],"product_brand":[],"product_cat":[316,322,315],"product_tag":[],"class_list":{"0":"post-34001","1":"product","2":"type-product","3":"status-publish","4":"has-post-thumbnail","6":"product_cat-discos-tradisom","7":"product_cat-tradicional-discos-tradisom","8":"product_cat-tradisom","10":"first","11":"instock","12":"shipping-taxable","13":"purchasable","14":"product-type-simple"},"_links":{"self":[{"href":"https:\/\/tradisom.com\/en\/wp-json\/wp\/v2\/product\/34001","targetHints":{"allow":["GET"]}}],"collection":[{"href":"https:\/\/tradisom.com\/en\/wp-json\/wp\/v2\/product"}],"about":[{"href":"https:\/\/tradisom.com\/en\/wp-json\/wp\/v2\/types\/product"}],"wp:featuredmedia":[{"embeddable":true,"href":"https:\/\/tradisom.com\/en\/wp-json\/wp\/v2\/media\/34002"}],"wp:attachment":[{"href":"https:\/\/tradisom.com\/en\/wp-json\/wp\/v2\/media?parent=34001"}],"wp:term":[{"taxonomy":"product_brand","embeddable":true,"href":"https:\/\/tradisom.com\/en\/wp-json\/wp\/v2\/product_brand?post=34001"},{"taxonomy":"product_cat","embeddable":true,"href":"https:\/\/tradisom.com\/en\/wp-json\/wp\/v2\/product_cat?post=34001"},{"taxonomy":"product_tag","embeddable":true,"href":"https:\/\/tradisom.com\/en\/wp-json\/wp\/v2\/product_tag?post=34001"}],"curies":[{"name":"wp","href":"https:\/\/api.w.org\/{rel}","templated":true}]}}