{"id":33058,"date":"2023-10-05T15:40:32","date_gmt":"2023-10-05T14:40:32","guid":{"rendered":"https:\/\/tradisom.com\/?post_type=product&#038;p=33058"},"modified":"2026-04-10T09:42:30","modified_gmt":"2026-04-10T08:42:30","slug":"mario-viegas-auto-photo-biografia-nao-autorizada","status":"publish","type":"product","link":"https:\/\/tradisom.com\/en\/product\/mario-viegas-auto-photo-biografia-nao-autorizada\/","title":{"rendered":"M\u00e1rio Viegas &#8211; Auto-photo biografia (n\u00e3o autorizada)"},"content":{"rendered":"<p>M\u00e1rio Viegas escreveu pela sua m\u00e3o 250 p\u00e1ginas, que nos d\u00e3o a conhecer com fotografias, recortes de jornais e at\u00e9 banda desenhada toda a sua vida, o seu pensamento, os seus amores, as suas tristezas, no fundo tudo aquilo que o transformou no ator maior que tanto nos deslumbrou.<\/p>\n<p>Neste magn\u00edfico livro M\u00e1rio Viegas faz uma viagem pela sua vida desde a inf\u00e2ncia at\u00e9 aos seus \u00faltimos dias.<br \/>\n\u00c9 um documento que nos foi confiado para edi\u00e7\u00e3o pela sua irm\u00e3, Maria H\u00e9lia Viegas, sua herdeira universal.<br \/>\nAssumimos a responsabilidade de n\u00e3o defraudar as suas expectativas.<\/p>\n<p>Todo ele escrito pelo pr\u00f3prio punho de M\u00e1rio Viegas, tem como complemento sonoro 4 CD\u00b4s, dois deles compostos por grava\u00e7\u00f5es feitas em sua casa, totalmente in\u00e9ditas e ainda uma feita pelo seu pai quando ele tinha apenas 9 anos e que vos vai deixar at\u00f3nitos!<br \/>\nOs outros dois CD\u00b4s revelam-nos um caf\u00e9-concerto realizado em Fevereiro de 1986 no espa\u00e7o Rez do Ch\u00e3o, no Porto, durante um fim de semana, grava\u00e7\u00f5es igualmente in\u00e9ditas.<\/p>\n","protected":false},"excerpt":{"rendered":"<p>Edi\u00e7\u00e3o de luxo em capa dura<br \/>\nGrande formato &#8211; 26&#215;36 cm<br \/>\n260 p\u00e1ginas<br \/>\n4 CDs<\/p>\n<p>Grava\u00e7\u00f5es feitas em sua casa e num caf\u00e9-concerto do Porto<\/p>\n<p><iframe loading=\"lazy\" src=\"https:\/\/w.soundcloud.com\/player\/?url=https%3A\/\/api.soundcloud.com\/playlists\/1700990640&amp;color=%23ff5500&amp;auto_play=false&amp;hide_related=true&amp;show_comments=false&amp;show_user=false&amp;show_reposts=false&amp;show_teaser=false\" width=\"100%\" height=\"450\" frameborder=\"no\" scrolling=\"no\"><\/iframe><\/p>\n<div style=\"font-size: 10px; color: #cccccc; line-break: anywhere; word-break: normal; overflow: hidden; white-space: nowrap; text-overflow: ellipsis; font-family: Interstate,Lucida Grande,Lucida Sans Unicode,Lucida Sans,Garuda,Verdana,Tahoma,sans-serif; font-weight: 100;\"><a style=\"color: #cccccc; text-decoration: none;\" title=\"Tradisom\" href=\"https:\/\/soundcloud.com\/tradisom\" target=\"_blank\" rel=\"noopener\">Tradisom<\/a> \u00b7 <a style=\"color: #cccccc; text-decoration: none;\" title=\"M\u00e1rio Viegas - Auto-photo biografia (n\u00e3o autorizada)\" href=\"https:\/\/soundcloud.com\/tradisom\/sets\/mario-viegas-auto-photo-biografia-nao-autorizada\" target=\"_blank\" rel=\"noopener\">M\u00e1rio Viegas &#8211; Auto-photo biografia (n\u00e3o autorizada)<\/a><\/div>\n","protected":false},"featured_media":33222,"template":"","meta":[],"product_brand":[],"product_cat":[326,316,320,330,324,323,315],"product_tag":[],"class_list":{"0":"post-33058","1":"product","2":"type-product","3":"status-publish","4":"has-post-thumbnail","6":"product_cat-livros-tradisom","7":"product_cat-discos-tradisom","8":"product_cat-documental-discos-tradisom","9":"product_cat-outros-livros-tradisom","10":"product_cat-poesia-discos-tradisom","11":"product_cat-popular-discos-tradisom","12":"product_cat-tradisom","13":"product_shipping_class-livros-europa","15":"first","16":"instock","17":"sale","18":"shipping-taxable","19":"purchasable","20":"product-type-simple"},"_links":{"self":[{"href":"https:\/\/tradisom.com\/en\/wp-json\/wp\/v2\/product\/33058","targetHints":{"allow":["GET"]}}],"collection":[{"href":"https:\/\/tradisom.com\/en\/wp-json\/wp\/v2\/product"}],"about":[{"href":"https:\/\/tradisom.com\/en\/wp-json\/wp\/v2\/types\/product"}],"wp:featuredmedia":[{"embeddable":true,"href":"https:\/\/tradisom.com\/en\/wp-json\/wp\/v2\/media\/33222"}],"wp:attachment":[{"href":"https:\/\/tradisom.com\/en\/wp-json\/wp\/v2\/media?parent=33058"}],"wp:term":[{"taxonomy":"product_brand","embeddable":true,"href":"https:\/\/tradisom.com\/en\/wp-json\/wp\/v2\/product_brand?post=33058"},{"taxonomy":"product_cat","embeddable":true,"href":"https:\/\/tradisom.com\/en\/wp-json\/wp\/v2\/product_cat?post=33058"},{"taxonomy":"product_tag","embeddable":true,"href":"https:\/\/tradisom.com\/en\/wp-json\/wp\/v2\/product_tag?post=33058"}],"curies":[{"name":"wp","href":"https:\/\/api.w.org\/{rel}","templated":true}]}}