{"id":32193,"date":"2023-05-10T17:16:57","date_gmt":"2023-05-10T16:16:57","guid":{"rendered":"https:\/\/tradisom.com\/?post_type=product&#038;p=32193"},"modified":"2026-03-31T15:04:10","modified_gmt":"2026-03-31T14:04:10","slug":"jose-manuel-david-cantar-a-eito","status":"publish","type":"product","link":"https:\/\/tradisom.com\/en\/product\/jose-manuel-david-cantar-a-eito\/","title":{"rendered":"Jos\u00e9 Manuel David &#8211; Cantar a Eito"},"content":{"rendered":"<p>Diz-se que na Poesia est\u00e1 a chave para compreender a vida e agir com a sabedoria que transforma para melhor este nosso perturbado Mundo. Talvez a M\u00fasica tamb\u00e9m seja merecedora desse nobre des\u00edgnio. Uma e outra s\u00e3o para serem ouvidas, lidas e tocadas em \u201calta voz\u201d, podendo resultar no despertar das emo\u00e7\u00f5es que nos ajudam a ler e descodificar o que \u00e9 complexo, contradit\u00f3rio, tantas vezes dif\u00edcil, mesmo inacess\u00edvel, a uma explica\u00e7\u00e3o racional.<\/p>\n<p>Uma felizmente longa vida do art\u00edfice principal deste trabalho, de seu nome Jos\u00e9 Manuel David, permite-nos aceder a uma escolha criteriosa de m\u00fasicas das v\u00e1rias \u201cvidas\u201d e percursos do seu autor. E dos muitos Mestres que o ajudaram a ser capaz de distinguir o essencial do acess\u00f3rio, a procurar o saber pensar e fazer m\u00fasica, com a humildade presente apenas em quem sabe ser sempre poss\u00edvel fazer melhor.<\/p>\n<p>Aprendemos com quem sabe ensinar. N\u00e3o basta saber, \u00e9 preciso acreditar em quem procura conhecer. E a primeira Mestra que ter\u00e1 sido decisiva para o Jos\u00e9 Manuel David foi a Matilde Taveira Santos, violinista, que tinha descoberto o mist\u00e9rio das flautas de bambu nos cursos da Funda\u00e7\u00e3o Gulbenkian, muito depois de ter 70 anos. E contra tudo o que se pensava ser poss\u00edvel ensinar a crian\u00e7as cegas e de baixa vis\u00e3o, p\u00f4-las a construir flautas com ferramentas e uns milagrosos escantilh\u00f5es que inventou, no Centro Helen Keller em Lisboa. Serrotes, limas e grosas, lixas e tantos mais perigosos instrumentos deram a muitas crian\u00e7as a certeza de que tudo se consegue. Basta acreditar.<\/p>\n<p>De uma autorizada biografia breve de Jos\u00e9 David, citamos: \u201cAos 13 anos, inicia a sua carreira musical com um concerto na Casa da Come\u0301dia, actuando como mu\u0301sico e como maestro de um grupo de alunos da Escola Francisco Arruda, que frequentava ent\u00e3o.\u201d A decis\u00e3o de ir para o Conservat\u00f3rio em 1976, quando nessa vetusta casa se considerava que aos 20 anos n\u00e3o havia lugar para ele, permitiu- lhe obter o Curso Geral do Conservat\u00f3rio em 1982, que na altura inclu\u00eda as val\u00eancias de Harmonia (corais) e Baixo cifrado, abrindo-lhe as portas do ensino como professor de m\u00fasica do 2\u00ba ciclo e uma decisiva estabilidade financeira que o iria libertar para o que mais desejava, fazer e comp\u00f4r m\u00fasica. Francisco Fernandes, foi o m\u00fasico que o ajudou a superar os obst\u00e1culos decorrentes da sua condi\u00e7\u00e3o de invisual mesmo depois de terminado o Conservat\u00f3rio. E dos professores que mais o ajudaram destaca a Prof. Carmo Norton. Da licenciatura obtida em Filologia Germ\u00e2nica em 1981 na Faculdade de Letras na Universidade de Lisboa, nada a destacar, para al\u00e9m do s\u00e9rio risco de se ter perdido um excelente m\u00fasico e ganho mais um professor de germ\u00e2nicas.<\/p>\n<p>A revolu\u00e7\u00e3o de 25 de Abril de 1974 iria espevitar uma j\u00e1 presente consci\u00eancia do muito que havia por fazer quando tudo parecia poss\u00edvel. A Juventude Musical Portuguesa e o Francisco D\u00b4Orey, que dirigia o Coro da JMP, a Maria Lamas Pimentel, a Tita, como carinhosamente a trat\u00e1vamos, e todos os que cri\u00e1mos o Grupo de M\u00fasica Activa, foram o in\u00edcio de um mais do que virtuoso encontro com a cultura portuguesa, nas edi\u00e7\u00f5es de Michel Giacometti, nas publica\u00e7\u00f5es e arranjos de Fernando Lopes-Gra\u00e7a, na descoberta de um Portugal calcorreado a p\u00e9, em que se confirmava existirem aquelas pessoas, aldeias, festividades e celebra\u00e7\u00f5es presentes nos filmes e discos de vinil. Com a vantagem de poderem ser encontradas nas suas aldeias e vilas, com uma infinita paci\u00eancia para aturar aqueles jovens que tudo queriam saber, por vezes sem se darem conta que lhes estavam a roubar um tempo precioso das tarefas di\u00e1rios do seu sustento. E ainda os albergavam, ofereciam-lhes vitualhas cujo sabor e aroma lhes ficaram para toda a vida.<\/p>\n","protected":false},"excerpt":{"rendered":"<p>CD de Jos\u00e9 Manuel David<\/p>\n<p><iframe loading=\"lazy\" src=\"https:\/\/w.soundcloud.com\/player\/?url=https%3A\/\/api.soundcloud.com\/playlists\/1619039359&amp;color=%23ff5500&amp;auto_play=false&amp;hide_related=false&amp;show_comments=true&amp;show_user=false&amp;show_reposts=false&amp;show_teaser=true\" width=\"100%\" height=\"450\" frameborder=\"no\" scrolling=\"no\"><\/iframe><\/p>\n<div style=\"font-size: 10px; color: #cccccc; line-break: anywhere; word-break: normal; overflow: hidden; white-space: nowrap; text-overflow: ellipsis; font-family: Interstate,Lucida Grande,Lucida Sans Unicode,Lucida Sans,Garuda,Verdana,Tahoma,sans-serif; font-weight: 100;\"><a style=\"color: #cccccc; text-decoration: none;\" title=\"Tradisom\" href=\"https:\/\/soundcloud.com\/tradisom\" target=\"_blank\" rel=\"noopener\">Tradisom<\/a> \u00b7 <a style=\"color: #cccccc; text-decoration: none;\" title=\"Jos\u00e9 Manuel David - Cantar a Eito\" href=\"https:\/\/soundcloud.com\/tradisom\/sets\/jose-manuel-david-cantar-a-eito\" target=\"_blank\" rel=\"noopener\">Jos\u00e9 Manuel David &#8211; Cantar a Eito<\/a><\/div>\n","protected":false},"featured_media":32327,"template":"","meta":[],"product_brand":[],"product_cat":[316,322,315],"product_tag":[384],"class_list":{"0":"post-32193","1":"product","2":"type-product","3":"status-publish","4":"has-post-thumbnail","6":"product_cat-discos-tradisom","7":"product_cat-tradicional-discos-tradisom","8":"product_cat-tradisom","9":"product_tag-tradicional","11":"first","12":"instock","13":"shipping-taxable","14":"purchasable","15":"product-type-simple"},"_links":{"self":[{"href":"https:\/\/tradisom.com\/en\/wp-json\/wp\/v2\/product\/32193","targetHints":{"allow":["GET"]}}],"collection":[{"href":"https:\/\/tradisom.com\/en\/wp-json\/wp\/v2\/product"}],"about":[{"href":"https:\/\/tradisom.com\/en\/wp-json\/wp\/v2\/types\/product"}],"wp:featuredmedia":[{"embeddable":true,"href":"https:\/\/tradisom.com\/en\/wp-json\/wp\/v2\/media\/32327"}],"wp:attachment":[{"href":"https:\/\/tradisom.com\/en\/wp-json\/wp\/v2\/media?parent=32193"}],"wp:term":[{"taxonomy":"product_brand","embeddable":true,"href":"https:\/\/tradisom.com\/en\/wp-json\/wp\/v2\/product_brand?post=32193"},{"taxonomy":"product_cat","embeddable":true,"href":"https:\/\/tradisom.com\/en\/wp-json\/wp\/v2\/product_cat?post=32193"},{"taxonomy":"product_tag","embeddable":true,"href":"https:\/\/tradisom.com\/en\/wp-json\/wp\/v2\/product_tag?post=32193"}],"curies":[{"name":"wp","href":"https:\/\/api.w.org\/{rel}","templated":true}]}}