{"id":25748,"date":"2022-06-27T09:57:09","date_gmt":"2022-06-27T08:57:09","guid":{"rendered":"https:\/\/tradisom.com\/?post_type=product&#038;p=25748"},"modified":"2025-11-18T18:00:42","modified_gmt":"2025-11-18T17:00:42","slug":"filipa-pais-uma-viagem-aos-acores","status":"publish","type":"product","link":"https:\/\/tradisom.com\/en\/product\/filipa-pais-uma-viagem-aos-acores\/","title":{"rendered":"Filipa Pais &#8211; Uma viagem aos A\u00e7ores"},"content":{"rendered":"<p>Filipa Pais regressa aos discos dezoito anos depois, com a mesma voz de sempre!<br \/>\nEste disco nasce do amor e do respeito que Filipa Pais sente pelos A\u00e7ores, pelas suas gentes, pela sua terra e o seu mar! E pela liberdade que sente sempre que l\u00e1 est\u00e1.<br \/>\nOs Amigos que tem feito ao longo de trinta anos, tiveram extrema import\u00e2ncia na realiza\u00e7\u00e3o deste disco. Amigos com quem contacta quase diariamente.<br \/>\nNuma noite de afinado conv\u00edvio, o Zeca Medeiros lan\u00e7ou-lhe este desafio, porque n\u00e3o gravar um disco de m\u00fasica A\u00e7oriana?!<br \/>\nO Tiago Rosas teve a arte, como em tantas outras ocasi\u00f5es, de o tornar realidade.<br \/>\nO Jos\u00e9 Mo\u00e7as, manteve-se tranquilo na retaguarda at\u00e9 ser hora de agir. Entrou com a sua energia habitual &#8216;acorda quem est\u00e1 dormindo e alegra quem est\u00e1 ausente&#8217;.<\/p>\n<p>Ainda muito jovem aparece a cantar no tema &#8220;Queda do Imp\u00e9rio&#8221; de Vitorino Salom\u00e9. Trabalha com os irm\u00e3os Salom\u00e9 no projeto Lua Extravagante, que lan\u00e7am em disco no ano de 1991. Em 1996 lan\u00e7a o seu primeiro disco a solo: &#8220;L&#8217;Amar&#8221;. Colabora com Ant\u00f3nio Cha\u00ednho no tema &#8220;Fado da dist\u00e2ncia&#8221; e em &#8220;Fado da adi\u00e7a&#8221; inclu\u00eddo na compila\u00e7\u00e3o &#8220;Onda Sonora: redHot + Lisbon&#8221;. Em 2002 participa na pe\u00e7a &#8220;Alma Grande&#8221; do grupo de teatro &#8220;O Bando&#8221; estreada no dia 25 de Maio durante o Festival Cantigas de Maio. O seu segundo \u00e1lbum, &#8220;\u00c0 Porta do Mundo&#8221;, \u00e9 editado em 2003. No ano seguinte grava o \u00e1lbum &#8220;Estrela&#8221; com Jos\u00e9 Peixoto. Em 2005 \u00e9 lan\u00e7ado o disco &#8220;Cantos na Mar\u00e9&#8221; gravado ao vivo em 16 de agosto de 2003 em Pontevedra com Chico C\u00e9sar (Brasil), Ux\u00eda (Galiza), Filipa Pais (Portugal), Manecas Costa (Guin\u00e9-Bissau), Xabier D\u00edaz (Galiza), Jon Luz (Cabo Verde), Astra Harris (Mo\u00e7ambique) e Batuko Tabanka (Galiza-Cabo Verde). Ainda em 2010 colabora com Vitorino Salom\u00e9 e com Francisco Ribeiro e DesiderataA jun\u00e7\u00e3o do bem. Com Janita Salom\u00e9, Rita Lobo e Yamigrava os discos &#8220;Muxima&#8221; e &#8220;Muxima ao vivo&#8221; de homenagem \u00e0 obra do Duo Ouro Negro. Participa no espet\u00e1culo &#8220;Memorial&#8221; com Carlos Mendes e Fernando Tordo.<br \/>\nEm 2019 e 2020 foi uma das principais vozes do projecto musical \u201cPor Terras do Zeca\u201d que circulou com enorme sucesso pelo pa\u00eds.<\/p>\n","protected":false},"excerpt":{"rendered":"<p><iframe loading=\"lazy\" src=\"https:\/\/w.soundcloud.com\/player\/?url=https%3A\/\/api.soundcloud.com\/playlists\/1460162179&amp;color=%23ff5500&amp;auto_play=false&amp;hide_related=false&amp;show_comments=true&amp;show_user=false&amp;show_reposts=false&amp;show_teaser=true\" width=\"100%\" height=\"450\" frameborder=\"no\" scrolling=\"no\"><\/iframe><\/p>\n<div style=\"font-size: 10px; color: #cccccc; line-break: anywhere; word-break: normal; overflow: hidden; white-space: nowrap; text-overflow: ellipsis; font-family: Interstate,Lucida Grande,Lucida Sans Unicode,Lucida Sans,Garuda,Verdana,Tahoma,sans-serif; font-weight: 100;\"><a style=\"color: #cccccc; text-decoration: none;\" title=\"Tradisom\" href=\"https:\/\/soundcloud.com\/tradisom\" target=\"_blank\" rel=\"noopener\">Tradisom<\/a> \u00b7 <a style=\"color: #cccccc; text-decoration: none;\" title=\"Filipa Pais - Uma viagem aos A\u00e7ores\" href=\"https:\/\/soundcloud.com\/tradisom\/sets\/filipa-pais-uma-viagem-aos-acores\" target=\"_blank\" rel=\"noopener\">Filipa Pais &#8211; Uma viagem aos A\u00e7ores<\/a><\/div>\n","protected":false},"featured_media":25751,"template":"","meta":[],"product_brand":[],"product_cat":[316,323,315],"product_tag":[],"class_list":{"0":"post-25748","1":"product","2":"type-product","3":"status-publish","4":"has-post-thumbnail","6":"product_cat-discos-tradisom","7":"product_cat-popular-discos-tradisom","8":"product_cat-tradisom","9":"product_shipping_class-cd-ricardo-silva","11":"first","12":"instock","13":"shipping-taxable","14":"purchasable","15":"product-type-simple"},"_links":{"self":[{"href":"https:\/\/tradisom.com\/en\/wp-json\/wp\/v2\/product\/25748","targetHints":{"allow":["GET"]}}],"collection":[{"href":"https:\/\/tradisom.com\/en\/wp-json\/wp\/v2\/product"}],"about":[{"href":"https:\/\/tradisom.com\/en\/wp-json\/wp\/v2\/types\/product"}],"wp:featuredmedia":[{"embeddable":true,"href":"https:\/\/tradisom.com\/en\/wp-json\/wp\/v2\/media\/25751"}],"wp:attachment":[{"href":"https:\/\/tradisom.com\/en\/wp-json\/wp\/v2\/media?parent=25748"}],"wp:term":[{"taxonomy":"product_brand","embeddable":true,"href":"https:\/\/tradisom.com\/en\/wp-json\/wp\/v2\/product_brand?post=25748"},{"taxonomy":"product_cat","embeddable":true,"href":"https:\/\/tradisom.com\/en\/wp-json\/wp\/v2\/product_cat?post=25748"},{"taxonomy":"product_tag","embeddable":true,"href":"https:\/\/tradisom.com\/en\/wp-json\/wp\/v2\/product_tag?post=25748"}],"curies":[{"name":"wp","href":"https:\/\/api.w.org\/{rel}","templated":true}]}}