{"id":25469,"date":"2022-06-13T13:56:07","date_gmt":"2022-06-13T12:56:07","guid":{"rendered":"https:\/\/tradisom.com\/?post_type=product&#038;p=25469"},"modified":"2025-08-18T15:58:28","modified_gmt":"2025-08-18T14:58:28","slug":"ocavaquinho","status":"publish","type":"product","link":"https:\/\/tradisom.com\/en\/product\/ocavaquinho\/","title":{"rendered":"O CAVAQUINHO"},"content":{"rendered":"<p>Jorge Dias (1907-1973) conseguiu nos estudos que realizou sobre a cultura portuguesa, a partir da d\u00e9cada de 1930, devolver-nos Portugal, um pa\u00eds silenciado pela ditadura do Estado Novo (1926-1974).<\/p>\n<p>\u00c9 de 1963 o seu texto sobre o Cavaquinho, agora reeditado (incluindo a tradu\u00e7\u00e3o inglesa). Neste estudo sobre a &#8220;difus\u00e3o de um instrumento musical popular&#8221; revela percursos da sua presen\u00e7a na di\u00e1spora portuguesa e a sua adop\u00e7\u00e3o em novos contextos culturais e lingu\u00edsticos que nos dizem muito sobre a perman\u00eancia e mudan\u00e7a de pr\u00e1ticas musicais pouco conhecidas ou ignoradas deliberadamente por um folclorismo bacoco e redutor da liberdade das comunidades.<\/p>\n<p>Mas Jorge Dias foi sobretudo um profundo conhecedor do pa\u00eds, &#8220;cedo demonstrou uma forte atrac\u00e7\u00e3o pela vida rural percorrendo com amigos o Norte do Pa\u00eds, passando temporadas nas aldeias e chegando mesmo a trabalhar num circo, por divertimento e solidariedade com os artistas&#8221; (J.M. Sobral, 2007*).<\/p>\n<p>Do grupo de amigos que o acompanhavam, merecem especial destaque Fernando Galhano, Ernesto Veiga de Oliveira, Margot Dias e Benjamim Pereira, que viriam a estar na g\u00e9nese do Centro de Etnologia Peninsular e do Centro de Estudos de Antropologia Cultural do Museu de Etnologia.<\/p>\n<p>Miguel Torga, Eug\u00e9nio de Andrade, Orlando Ribeiro, Madalena Cabral e Agustina Bessa-Lu\u00eds s\u00e3o alguns dos artistas, escritores, e cientistas com quem partilhou saber e reflex\u00e3o sobre Portugal, de que todos beneficiaram.<\/p>\n<p>Domingos Morais, 2022<\/p>\n","protected":false},"excerpt":{"rendered":"<p>ESTUDO DE DIFUS\u00c3O DE UM INSTRUMENTO MUSICAL POPULAR<\/p>\n<p>Edi\u00e7\u00e3o da AC Museu Cavaquinho.<\/p>\n<p>Distribui\u00e7\u00e3o exclusiva TRADISOM.<\/p>\n<p>Livro com 120 p\u00e1ginas<\/p>\n","protected":false},"featured_media":25470,"template":"","meta":[],"product_brand":[],"product_cat":[403,315],"product_tag":[],"class_list":{"0":"post-25469","1":"product","2":"type-product","3":"status-publish","4":"has-post-thumbnail","6":"product_cat-tradicional","7":"product_cat-tradisom","9":"first","10":"instock","11":"shipping-taxable","12":"purchasable","13":"product-type-simple"},"_links":{"self":[{"href":"https:\/\/tradisom.com\/en\/wp-json\/wp\/v2\/product\/25469","targetHints":{"allow":["GET"]}}],"collection":[{"href":"https:\/\/tradisom.com\/en\/wp-json\/wp\/v2\/product"}],"about":[{"href":"https:\/\/tradisom.com\/en\/wp-json\/wp\/v2\/types\/product"}],"wp:featuredmedia":[{"embeddable":true,"href":"https:\/\/tradisom.com\/en\/wp-json\/wp\/v2\/media\/25470"}],"wp:attachment":[{"href":"https:\/\/tradisom.com\/en\/wp-json\/wp\/v2\/media?parent=25469"}],"wp:term":[{"taxonomy":"product_brand","embeddable":true,"href":"https:\/\/tradisom.com\/en\/wp-json\/wp\/v2\/product_brand?post=25469"},{"taxonomy":"product_cat","embeddable":true,"href":"https:\/\/tradisom.com\/en\/wp-json\/wp\/v2\/product_cat?post=25469"},{"taxonomy":"product_tag","embeddable":true,"href":"https:\/\/tradisom.com\/en\/wp-json\/wp\/v2\/product_tag?post=25469"}],"curies":[{"name":"wp","href":"https:\/\/api.w.org\/{rel}","templated":true}]}}