{"id":24077,"date":"2022-05-05T21:00:12","date_gmt":"2022-05-05T20:00:12","guid":{"rendered":"https:\/\/tradisom.com\/?post_type=product&#038;p=24077"},"modified":"2025-08-18T15:58:55","modified_gmt":"2025-08-18T14:58:55","slug":"cavaquinhos-pt","status":"publish","type":"product","link":"https:\/\/tradisom.com\/en\/product\/cavaquinhos-pt\/","title":{"rendered":"Cavaquinhos.pt"},"content":{"rendered":"<p>H\u00e1 muito que \u00e9 sabida e reconhecida a grande paix\u00e3o e aturada pesquisa que J\u00falio Pereira tem vindo a dedicar a esse instrumento t\u00e3o peculiar que \u00e9 o cavaquinho.<br \/>\nAssim, no pr\u00f3ximo dia 13 de Maio, a Associa\u00e7\u00e3o Cultural Museu Cavaquinho, fundada por este m\u00fasico e compositor, lan\u00e7a o CD \u201cCavaquinhos.pt\u201d, o primeiro disco colectivo de originais por tocadores de Cavaquinho e Braguinha editado em Portugal<\/p>\n<p>\u201cAtenta \u00e0 diversidade dos pequenos cordofones de m\u00e3o praticados em Portugal, a Associa\u00e7\u00e3o Cultural Museu Cavaquinho decidiu produzir este CD colectivo de originais, lan\u00e7ando um desafio a m\u00fasicos que se destacam na execu\u00e7\u00e3o da braguinha madeirense e do cavaquinho urbano continental, para al\u00e9m do chamado \u201cminhoto\u201d. Pela primeira vez podemos apreciar numa mesma obra, um espectro t\u00edmbrico muito completo dos pequenos tetrac\u00f3rdios de m\u00e3o portugueses. Igualmente pioneira \u00e9 a inclus\u00e3o nesta compila\u00e7\u00e3o de exemplos do cavaquinho urbano tornado popular durante o s\u00e9culo XIX no continente, e que agora se estreia com novas composi\u00e7\u00f5es\u201d.<\/p>\n<p>A Associa\u00e7\u00e3o Cultural Museu Cavaquinho foi constitu\u00edda em 2013 e tem como fim documentar, preservar e promover a hist\u00f3ria e a pr\u00e1tica do cavaquinho. Promover os m\u00fasicos e o seu trabalho faz parte integrante da sua miss\u00e3o.<\/p>\n<p>O CD \u201cCavaquinhos.pt\u201d \u00e9 a terceira edi\u00e7\u00e3o discogr\u00e1fica da Associa\u00e7\u00e3o Cultural e Museu Cavaquinho . Depois de \u201cCavaquinho Cantado\u201d de Daniel Pereira Cristo (2017) que obteve o Pr\u00e9mio \u201cCarlos Paredes\u201d e \u201cO Cavaquinho do Amadeu\u201d de Amadeu Magalh\u00e3es (2015). Paralelamente J\u00falio Pereira, Presidente da ACMC, tamb\u00e9m gravou dois discos totalmente dedicados a este instrumento: \u201cCavaquinho.pt\u201d (2013) e \u201cPra\u00e7a do Com\u00e9rcio\u201d (2017) onde recebeu dois pr\u00e9mios: \u201cPr\u00e9mio SPA\u201d e \u201cPr\u00e9mio Jos\u00e9 Afonso\u201d.<\/p>\n<p><strong>M\u00fasicos:<\/strong> J\u00falio Pereira, Luis Peixoto, Pedro Jo\u00e3o\/Palankalama, Carlos Baptista, Daniel Pereira Cristo, Roberto Moritz\/Quarteto Moritz, Paulo Bastos, Jo\u00e3o Fraz\u00e3o, Renaldo Marques, Paulo Esteireiro, Jo\u00e3o Vila, S\u00e9rgio Mirra e H\u00e9lder Costa<\/p>\n<p><strong>Localidade dos M\u00fasicos<\/strong><br \/>\nDistrito do Porto: Pedro Jo\u00e3o<br \/>\nDistrito de Braga: Daniel Pereira, Renaldo Marques, H\u00e9lder Costa, S\u00e9rgio Mirra,<br \/>\nDistrito de Coimbra: Carlos Batista, Jo\u00e3o Vila, Paulo Bastos, Lu\u00eds Peixoto<br \/>\nDistrito do Funchal: Roberto Moritz, Paulo Esteireiro,<br \/>\nDistrito de Santar\u00e9m: Jo\u00e3o Fraz\u00e3o<br \/>\nDistrito de Lisboa: J\u00falio Pereira<\/p>\n","protected":false},"excerpt":{"rendered":"<p><iframe loading=\"lazy\" src=\"https:\/\/w.soundcloud.com\/player\/?url=https%3A\/\/api.soundcloud.com\/playlists\/1434150640&amp;color=%23ff5500&amp;auto_play=true&amp;hide_related=false&amp;show_comments=false&amp;show_user=false&amp;show_reposts=false&amp;show_teaser=false\" width=\"100%\" height=\"450\" frameborder=\"no\" scrolling=\"no\"><\/iframe><\/p>\n<div style=\"font-size: 10px; color: #cccccc; line-break: anywhere; word-break: normal; overflow: hidden; white-space: nowrap; text-overflow: ellipsis; font-family: Interstate,Lucida Grande,Lucida Sans Unicode,Lucida Sans,Garuda,Verdana,Tahoma,sans-serif; font-weight: 100;\"><a style=\"color: #cccccc; text-decoration: none;\" title=\"Tradisom\" href=\"https:\/\/soundcloud.com\/tradisom\" target=\"_blank\" rel=\"noopener\">Tradisom<\/a> \u00b7 <a style=\"color: #cccccc; text-decoration: none;\" title=\"CAVAQUINHOS.PT\" href=\"https:\/\/soundcloud.com\/tradisom\/sets\/cavaquinhospt-1\" target=\"_blank\" rel=\"noopener\">CAVAQUINHOS.PT<\/a><\/div>\n","protected":false},"featured_media":24094,"template":"","meta":[],"product_brand":[],"product_cat":[316,322,315],"product_tag":[],"class_list":{"0":"post-24077","1":"product","2":"type-product","3":"status-publish","4":"has-post-thumbnail","6":"product_cat-discos-tradisom","7":"product_cat-tradicional-discos-tradisom","8":"product_cat-tradisom","10":"first","11":"instock","12":"shipping-taxable","13":"purchasable","14":"product-type-simple"},"_links":{"self":[{"href":"https:\/\/tradisom.com\/en\/wp-json\/wp\/v2\/product\/24077","targetHints":{"allow":["GET"]}}],"collection":[{"href":"https:\/\/tradisom.com\/en\/wp-json\/wp\/v2\/product"}],"about":[{"href":"https:\/\/tradisom.com\/en\/wp-json\/wp\/v2\/types\/product"}],"wp:featuredmedia":[{"embeddable":true,"href":"https:\/\/tradisom.com\/en\/wp-json\/wp\/v2\/media\/24094"}],"wp:attachment":[{"href":"https:\/\/tradisom.com\/en\/wp-json\/wp\/v2\/media?parent=24077"}],"wp:term":[{"taxonomy":"product_brand","embeddable":true,"href":"https:\/\/tradisom.com\/en\/wp-json\/wp\/v2\/product_brand?post=24077"},{"taxonomy":"product_cat","embeddable":true,"href":"https:\/\/tradisom.com\/en\/wp-json\/wp\/v2\/product_cat?post=24077"},{"taxonomy":"product_tag","embeddable":true,"href":"https:\/\/tradisom.com\/en\/wp-json\/wp\/v2\/product_tag?post=24077"}],"curies":[{"name":"wp","href":"https:\/\/api.w.org\/{rel}","templated":true}]}}