{"id":19754,"date":"2021-12-09T15:11:13","date_gmt":"2021-12-09T14:11:13","guid":{"rendered":"https:\/\/tradisom.com\/?post_type=product&#038;p=19754"},"modified":"2023-05-20T15:52:27","modified_gmt":"2023-05-20T14:52:27","slug":"jose-afonso-todas-as-cancoes","status":"publish","type":"product","link":"https:\/\/tradisom.com\/en\/product\/jose-afonso-todas-as-cancoes\/","title":{"rendered":"Jos\u00e9 Afonso &#8211; Todas as Can\u00e7\u00f5es"},"content":{"rendered":"","protected":false},"excerpt":{"rendered":"<p style=\"color: black;\"><strong>Portes gratuitos para Portugal<\/strong><\/p>\n<p>Por volta de 2006, os m\u00fasicos Guilhermino Monteiro, Jo\u00e3o L\u00f3io, Jos\u00e9 M\u00e1rio Branco e Oct\u00e1vio Fonseca deitaram m\u00e3os \u00e0 tarefa de transcreverem para partitura as can\u00e7\u00f5es publicadas na discografia oficial de Jos\u00e9 Afonso.<br \/>\nDepois de muitos obst\u00e1culos burocr\u00e1ticos ultrapassados, a obra acabou por conhecer a luz do dia em 2010. Rapidamente se esgotaram duas edi\u00e7\u00f5es.<br \/>\nOs muitos apelos do p\u00fablico para a sua reedi\u00e7\u00e3o esbarraram sempre nas omnipresentes dificuldades burocr\u00e1ticas, at\u00e9 que a Associa\u00e7\u00e3o Jos\u00e9 Afonso se empenhou nesse objectivo, finalmente com sucesso. Ainda assim ap\u00f3s uma luta tenaz para ultrapassar essas dificuldades.<br \/>\nA\u00ed est\u00e1 novamente dispon\u00edvel <em>Jos\u00e9 Afonso &#8211; Todas as can\u00e7\u00f5es<\/em>, para manter viva a extraordin\u00e1ria heran\u00e7a que o grande mestre nos deixou.<\/p>\n","protected":false},"featured_media":19759,"template":"","meta":[],"product_brand":[],"product_cat":[326,321,315],"product_tag":[],"class_list":{"0":"post-19754","1":"product","2":"type-product","3":"status-publish","4":"has-post-thumbnail","6":"product_cat-livros-tradisom","7":"product_cat-edicoes-especiais-tradisom","8":"product_cat-tradisom","9":"product_shipping_class-livros-europa","11":"first","12":"outofstock","13":"shipping-taxable","14":"purchasable","15":"product-type-simple"},"_links":{"self":[{"href":"https:\/\/tradisom.com\/en\/wp-json\/wp\/v2\/product\/19754","targetHints":{"allow":["GET"]}}],"collection":[{"href":"https:\/\/tradisom.com\/en\/wp-json\/wp\/v2\/product"}],"about":[{"href":"https:\/\/tradisom.com\/en\/wp-json\/wp\/v2\/types\/product"}],"wp:featuredmedia":[{"embeddable":true,"href":"https:\/\/tradisom.com\/en\/wp-json\/wp\/v2\/media\/19759"}],"wp:attachment":[{"href":"https:\/\/tradisom.com\/en\/wp-json\/wp\/v2\/media?parent=19754"}],"wp:term":[{"taxonomy":"product_brand","embeddable":true,"href":"https:\/\/tradisom.com\/en\/wp-json\/wp\/v2\/product_brand?post=19754"},{"taxonomy":"product_cat","embeddable":true,"href":"https:\/\/tradisom.com\/en\/wp-json\/wp\/v2\/product_cat?post=19754"},{"taxonomy":"product_tag","embeddable":true,"href":"https:\/\/tradisom.com\/en\/wp-json\/wp\/v2\/product_tag?post=19754"}],"curies":[{"name":"wp","href":"https:\/\/api.w.org\/{rel}","templated":true}]}}