{"id":16903,"date":"2021-08-23T16:09:11","date_gmt":"2021-08-23T15:09:11","guid":{"rendered":"https:\/\/tradisom.com\/?post_type=product&#038;p=16903"},"modified":"2025-11-18T18:13:28","modified_gmt":"2025-11-18T17:13:28","slug":"zeca-medeiros-a-duvida-soberana","status":"publish","type":"product","link":"https:\/\/tradisom.com\/en\/product\/zeca-medeiros-a-duvida-soberana\/","title":{"rendered":"Zeca Medeiros  &#8211; A D\u00favida Soberana"},"content":{"rendered":"<p><iframe loading=\"lazy\" title=\"Zeca Medeiros - A d\u00favida soberana (Pr\u00e9-venda do \u00c1lbum)\" width=\"1020\" height=\"574\" src=\"https:\/\/www.youtube.com\/embed\/9sQnPqxFDC0?feature=oembed&#038;enablejsapi=1&#038;origin=https:\/\/tradisom.com\" frameborder=\"0\" allow=\"accelerometer; autoplay; clipboard-write; encrypted-media; gyroscope; picture-in-picture; web-share\" referrerpolicy=\"strict-origin-when-cross-origin\" allowfullscreen><\/iframe><\/p>\n<div style=\"padding-right: 10%; padding-left: 10%;\">\n<p>CD (14 can\u00e7\u00f5es) + DVD (24 v\u00eddeos) &#8211; digibook 120 p\u00e1ginas<\/p>\n<p>Depois de h\u00e1 meia d\u00fazia de anos atr\u00e1s ter editado o fabuloso trabalho \u201cAprendiz de feiticeiro\u201d, o cantautor Zeca Medeiros, aproveitando o actual per\u00edodo de pandemia e de recolhimento obrigat\u00f3rio vigente h\u00e1 alguns meses, e trabalhando a fundo com tempo, dedica\u00e7\u00e3o, amor e inspira\u00e7\u00e3o, \u00a0preparou, escreveu e\u00a0 gravou uma nova obra discogr\u00e1fica (CD +DVD), que sem d\u00favida, face \u00e0 sua alt\u00edssima qualidade, quer tem\u00e1tica, quer sonora, quer \u00a0instrumental vai entrar para os anais da nossa m\u00fasica.<strong><em>\u201cA d\u00favida soberana\u201d, <\/em><\/strong>um projecto quase conceptual, onde o artista micaelense surge rodeado de uma s\u00e9rie de grandes instrumentistas e algumas brilhantes vozes do nosso panorama musical &#8211; Filipa Pais, Jo\u00e3o Afonso, Katia Guerreiro, Carlos Guerreiro, Manuel Rocha, Rafael de Carvalho, Carlos Peninha, s\u00f3 para citar alguns &#8211; abordando a tem\u00e1tica das viagens mar\u00edtimas, onde at\u00e9 na composi\u00e7\u00e3o de abertura do disco se celebra o \u201cachamento\u201d da Ilha de Sta Maria -, est\u00e1 portanto de volta, um not\u00e1vel art\u00edfice da palavra, um retratista de viagens mar\u00edtimas e um peregrino de grandes emo\u00e7\u00f5es, que mais uma vez surpreende pela sua veia criativa e pela excel\u00eancia das propostas, ao mesmo tempo que se transforma de novo num romeiro de aventuras terrenas e mar\u00edtimas e, acima de tudo, num carism\u00e1tico alquimista\u00a0 da m\u00fasica popular portuguesa&#8230;<\/p>\n<p>Jo\u00e3o Afonso de Almeida<\/p>\n<\/div>\n","protected":false},"excerpt":{"rendered":"<p><iframe loading=\"lazy\" src=\"https:\/\/w.soundcloud.com\/player\/?url=https%3A\/\/api.soundcloud.com\/playlists\/1317310351&amp;color=%2354541b&amp;auto_play=false&amp;hide_related=false&amp;show_comments=false&amp;show_user=false&amp;show_reposts=false&amp;show_teaser=false\" width=\"100%\" height=\"450\" frameborder=\"no\" scrolling=\"no\"><\/iframe><\/p>\n<div style=\"font-size: 10px; color: #cccccc; line-break: anywhere; word-break: normal; overflow: hidden; white-space: nowrap; text-overflow: ellipsis; font-family: Interstate,Lucida Grande,Lucida Sans Unicode,Lucida Sans,Garuda,Verdana,Tahoma,sans-serif; font-weight: 100;\"><a style=\"color: #cccccc; text-decoration: none;\" title=\"Tradisom\" href=\"https:\/\/soundcloud.com\/tradisom\" target=\"_blank\" rel=\"noopener\">Tradisom<\/a> \u00b7 <a style=\"color: #cccccc; text-decoration: none;\" title=\"ZECA MEDEIROS \u2013 A D\u00favida Soberana CD (14 can\u00e7\u00f5es) + DVD (24 videos)\" href=\"https:\/\/soundcloud.com\/tradisom\/sets\/zeca-medeiros-a-duvida-soberana-cd-14-cancoes-dvd-24-videos\" target=\"_blank\" rel=\"noopener\">ZECA MEDEIROS \u2013 A D\u00favida Soberana CD (14 can\u00e7\u00f5es) + DVD (24 videos)<\/a><\/div>\n","protected":false},"featured_media":16904,"template":"","meta":[],"product_brand":[],"product_cat":[316,331,323,322,315],"product_tag":[],"class_list":{"0":"post-16903","1":"product","2":"type-product","3":"status-publish","4":"has-post-thumbnail","6":"product_cat-discos-tradisom","7":"product_cat-dvd-tradisom","8":"product_cat-popular-discos-tradisom","9":"product_cat-tradicional-discos-tradisom","10":"product_cat-tradisom","12":"first","13":"instock","14":"shipping-taxable","15":"purchasable","16":"product-type-simple"},"_links":{"self":[{"href":"https:\/\/tradisom.com\/en\/wp-json\/wp\/v2\/product\/16903","targetHints":{"allow":["GET"]}}],"collection":[{"href":"https:\/\/tradisom.com\/en\/wp-json\/wp\/v2\/product"}],"about":[{"href":"https:\/\/tradisom.com\/en\/wp-json\/wp\/v2\/types\/product"}],"wp:featuredmedia":[{"embeddable":true,"href":"https:\/\/tradisom.com\/en\/wp-json\/wp\/v2\/media\/16904"}],"wp:attachment":[{"href":"https:\/\/tradisom.com\/en\/wp-json\/wp\/v2\/media?parent=16903"}],"wp:term":[{"taxonomy":"product_brand","embeddable":true,"href":"https:\/\/tradisom.com\/en\/wp-json\/wp\/v2\/product_brand?post=16903"},{"taxonomy":"product_cat","embeddable":true,"href":"https:\/\/tradisom.com\/en\/wp-json\/wp\/v2\/product_cat?post=16903"},{"taxonomy":"product_tag","embeddable":true,"href":"https:\/\/tradisom.com\/en\/wp-json\/wp\/v2\/product_tag?post=16903"}],"curies":[{"name":"wp","href":"https:\/\/api.w.org\/{rel}","templated":true}]}}