{"id":165,"date":"2014-08-10T10:06:55","date_gmt":"2014-08-10T09:06:55","guid":{"rendered":"http:\/\/uxthemes.wpengine.com\/?post_type=product&#038;p=395"},"modified":"2025-11-18T17:48:12","modified_gmt":"2025-11-18T16:48:12","slug":"memorias-do-fado-vozes-e-sons-de-coimbra","status":"publish","type":"product","link":"https:\/\/tradisom.com\/en\/product\/memorias-do-fado-vozes-e-sons-de-coimbra\/","title":{"rendered":"Mem\u00f3rias do Fado &#8211; Vozes e Sons de Coimbra"},"content":{"rendered":"<p>A Can\u00e7\u00e3o de Coimbra \u00e9 um g\u00e9nero art\u00edstico expressivo surgido no s\u00e9culo XIX e consolidado no s\u00e9culo XX, que se encontra profundamente inscrito no imagin\u00e1rio acad\u00e9mico e popular da cidade do Mondego.<br \/>\nNos meios estudantis, materializa-se atrav\u00e9s de ritos como a serenata, de recitais de palco e sal\u00e3o e de presta\u00e7\u00f5es vocais e instrumentais. Est\u00e1 associada a uma paisagem sonora fortemente delimitada por vocaliza\u00e7\u00f5es airosas e pelos sons da Guitarra de Coimbra.<br \/>\nOs cinco performers seleccionados neste CD \u2013 Ant\u00f3nio Menano, Paradela de Oliveira, Lucas Junot, Ant\u00f3nio Batoque e Edmundo Bettencourt &#8211; constituem apenas uma pequena amostra quando<br \/>\ncomparados com o elevado n\u00famero de artistas juniores e seniores que se mantinha em actividade na \u201cgal\u00e1xia sonora coimbr\u00e3\u201d dos loucos anos vinte, tendo muitos deles tamb\u00e9m protagonizado registos<br \/>\nfonogr\u00e1ficos que consideramos de interesse relevante para a constitui\u00e7\u00e3o de um arquivo sonoro<br \/>\nportugu\u00eas.<\/p>\n<p>Cole\u00e7\u00e3o de seis livro-cds (livros de capa dura) contendo registos hist\u00f3ricos extra\u00eddos da cole\u00e7\u00e3o de discos de 78 rota\u00e7\u00f5es de Jos\u00e9 Mo\u00e7as, recentemente incorporada no patrim\u00f3nio da Universidade de<br \/>\nAveiro, por doa\u00e7\u00e3o deste.<br \/>\nAs grava\u00e7\u00f5es aqui documentadas foram todas registadas nas primeiras d\u00e9cadas do s\u00e9culo XX, transcritas e remasterizadas por um dos melhores t\u00e9cnicos do mundo, o galego Jos\u00e9 Navia.<\/p>\n","protected":false},"excerpt":{"rendered":"<p><iframe loading=\"lazy\" src=\"https:\/\/w.soundcloud.com\/player\/?url=https%3A\/\/api.soundcloud.com\/playlists\/1455899068&amp;color=%23ff5500&amp;auto_play=false&amp;hide_related=false&amp;show_comments=true&amp;show_user=false&amp;show_reposts=false&amp;show_teaser=true\" width=\"100%\" height=\"450\" frameborder=\"no\" scrolling=\"no\"><\/iframe><\/p>\n<div style=\"font-size: 10px; color: #cccccc; line-break: anywhere; word-break: normal; overflow: hidden; white-space: nowrap; text-overflow: ellipsis; font-family: Interstate,Lucida Grande,Lucida Sans Unicode,Lucida Sans,Garuda,Verdana,Tahoma,sans-serif; font-weight: 100;\"><a style=\"color: #cccccc; text-decoration: none;\" title=\"Tradisom\" href=\"https:\/\/soundcloud.com\/tradisom\" target=\"_blank\" rel=\"noopener\">Tradisom<\/a> \u00b7 <a style=\"color: #cccccc; text-decoration: none;\" title=\"Mem\u00f3rias do Fado \u2013 Vozes e Sons de Coimbra\" href=\"https:\/\/soundcloud.com\/tradisom\/sets\/memorias-do-fado-vozes-e-sons-de-coimbra\" target=\"_blank\" rel=\"noopener\">Mem\u00f3rias do Fado \u2013 Vozes e Sons de Coimbra<\/a><\/div>\n","protected":false},"featured_media":16495,"template":"","meta":[],"product_brand":[],"product_cat":[316,317,315],"product_tag":[],"class_list":{"0":"post-165","1":"product","2":"type-product","3":"status-publish","4":"has-post-thumbnail","6":"product_cat-discos-tradisom","7":"product_cat-fado-discos-tradisom","8":"product_cat-tradisom","10":"first","11":"instock","12":"shipping-taxable","13":"purchasable","14":"product-type-simple"},"_links":{"self":[{"href":"https:\/\/tradisom.com\/en\/wp-json\/wp\/v2\/product\/165","targetHints":{"allow":["GET"]}}],"collection":[{"href":"https:\/\/tradisom.com\/en\/wp-json\/wp\/v2\/product"}],"about":[{"href":"https:\/\/tradisom.com\/en\/wp-json\/wp\/v2\/types\/product"}],"wp:featuredmedia":[{"embeddable":true,"href":"https:\/\/tradisom.com\/en\/wp-json\/wp\/v2\/media\/16495"}],"wp:attachment":[{"href":"https:\/\/tradisom.com\/en\/wp-json\/wp\/v2\/media?parent=165"}],"wp:term":[{"taxonomy":"product_brand","embeddable":true,"href":"https:\/\/tradisom.com\/en\/wp-json\/wp\/v2\/product_brand?post=165"},{"taxonomy":"product_cat","embeddable":true,"href":"https:\/\/tradisom.com\/en\/wp-json\/wp\/v2\/product_cat?post=165"},{"taxonomy":"product_tag","embeddable":true,"href":"https:\/\/tradisom.com\/en\/wp-json\/wp\/v2\/product_tag?post=165"}],"curies":[{"name":"wp","href":"https:\/\/api.w.org\/{rel}","templated":true}]}}