{"id":16193,"date":"2020-11-29T23:10:50","date_gmt":"2020-11-29T22:10:50","guid":{"rendered":"https:\/\/tradisom.com\/\/?post_type=product&#038;p=16193"},"modified":"2025-11-18T17:57:35","modified_gmt":"2025-11-18T16:57:35","slug":"luis-pipa","status":"publish","type":"product","link":"https:\/\/tradisom.com\/en\/product\/luis-pipa\/","title":{"rendered":"Lu\u00eds Pipa &#8211; Sonatinas"},"content":{"rendered":"<p>A sonatina para piano \u00e9 n\u00e3o infrequentemente vista como uma composi\u00e7\u00e3o de categoria menor dentro do conjunto da obra de um grande compositor, tanto pela sua reduzida dimens\u00e3o em rela\u00e7\u00e3o \u00e0 sua parente mais \u2018adulta\u2019, a sonata, como por se encontrar geralmente associada a uma etapa inicial da aprendizagem do pianista e, alegadamente por esse motivo, usar uma paleta de recursos t\u00e9cnicos e expressivos menos abrangente. Se, por um lado, alguns destes argumentos poder\u00e3o ter um fundo de verdade, tal n\u00e3o se aplica no entanto \u00e0 qualidade art\u00edstica deste g\u00e9nero composicional, muito em particular \u00e0s sonatinas dos quatro grandes compositores que integram este CD. Tal como na literatura o conto apela para um requintado e cuidadoso poder de s\u00edntese dos grandes romancistas, tamb\u00e9m estas pequenas obras musicais refletem essa capacidade de tratar o fundamental em poucas linhas, sem nunca comprometer a ess\u00eancia e profundidade da linguagem identit\u00e1ria de cada um dos compositores aqui selecionados.<\/p>\n","protected":false},"excerpt":{"rendered":"<p>CD1<br \/>\n<iframe loading=\"lazy\" src=\"https:\/\/w.soundcloud.com\/player\/?url=https%3A\/\/api.soundcloud.com\/playlists\/1456524583&amp;color=%23ff5500&amp;auto_play=false&amp;hide_related=false&amp;show_comments=true&amp;show_user=false&amp;show_reposts=false&amp;show_teaser=true\" width=\"100%\" height=\"450\" frameborder=\"no\" scrolling=\"no\"><\/iframe><\/p>\n<div style=\"font-size: 10px; color: #cccccc; line-break: anywhere; word-break: normal; overflow: hidden; white-space: nowrap; text-overflow: ellipsis; font-family: Interstate,Lucida Grande,Lucida Sans Unicode,Lucida Sans,Garuda,Verdana,Tahoma,sans-serif; font-weight: 100;\"><a style=\"color: #cccccc; text-decoration: none;\" title=\"Tradisom\" href=\"https:\/\/soundcloud.com\/tradisom\" target=\"_blank\" rel=\"noopener\">Tradisom<\/a> \u00b7 <a style=\"color: #cccccc; text-decoration: none;\" title=\"Lu\u00eds Pipa \u2013 Sonatinas\" href=\"https:\/\/soundcloud.com\/tradisom\/sets\/luis-pipa-sonatinas\" target=\"_blank\" rel=\"noopener\">Lu\u00eds Pipa \u2013 Sonatinas<\/a><\/div>\n<p>CD2<br \/>\n<iframe loading=\"lazy\" src=\"https:\/\/w.soundcloud.com\/player\/?url=https%3A\/\/api.soundcloud.com\/playlists\/1456734460&amp;color=%23ff5500&amp;auto_play=false&amp;hide_related=false&amp;show_comments=true&amp;show_user=false&amp;show_reposts=false&amp;show_teaser=true\" width=\"100%\" height=\"450\" frameborder=\"no\" scrolling=\"no\"><\/iframe><\/p>\n<div style=\"font-size: 10px; color: #cccccc; line-break: anywhere; word-break: normal; overflow: hidden; white-space: nowrap; text-overflow: ellipsis; font-family: Interstate,Lucida Grande,Lucida Sans Unicode,Lucida Sans,Garuda,Verdana,Tahoma,sans-serif; font-weight: 100;\"><a style=\"color: #cccccc; text-decoration: none;\" title=\"Tradisom\" href=\"https:\/\/soundcloud.com\/tradisom\" target=\"_blank\" rel=\"noopener\">Tradisom<\/a> \u00b7 <a style=\"color: #cccccc; text-decoration: none;\" title=\"Lu\u00eds Pipa \u2013 Sonatinas CD2\" href=\"https:\/\/soundcloud.com\/tradisom\/sets\/luis-pipa-sonatinas-cd2\" target=\"_blank\" rel=\"noopener\">Lu\u00eds Pipa \u2013 Sonatinas CD2<\/a><\/div>\n","protected":false},"featured_media":18086,"template":"","meta":[],"product_brand":[],"product_cat":[319,316,315],"product_tag":[],"class_list":{"0":"post-16193","1":"product","2":"type-product","3":"status-publish","4":"has-post-thumbnail","6":"product_cat-classica-discos-tradisom","7":"product_cat-discos-tradisom","8":"product_cat-tradisom","10":"first","11":"instock","12":"shipping-taxable","13":"purchasable","14":"product-type-simple"},"_links":{"self":[{"href":"https:\/\/tradisom.com\/en\/wp-json\/wp\/v2\/product\/16193","targetHints":{"allow":["GET"]}}],"collection":[{"href":"https:\/\/tradisom.com\/en\/wp-json\/wp\/v2\/product"}],"about":[{"href":"https:\/\/tradisom.com\/en\/wp-json\/wp\/v2\/types\/product"}],"wp:featuredmedia":[{"embeddable":true,"href":"https:\/\/tradisom.com\/en\/wp-json\/wp\/v2\/media\/18086"}],"wp:attachment":[{"href":"https:\/\/tradisom.com\/en\/wp-json\/wp\/v2\/media?parent=16193"}],"wp:term":[{"taxonomy":"product_brand","embeddable":true,"href":"https:\/\/tradisom.com\/en\/wp-json\/wp\/v2\/product_brand?post=16193"},{"taxonomy":"product_cat","embeddable":true,"href":"https:\/\/tradisom.com\/en\/wp-json\/wp\/v2\/product_cat?post=16193"},{"taxonomy":"product_tag","embeddable":true,"href":"https:\/\/tradisom.com\/en\/wp-json\/wp\/v2\/product_tag?post=16193"}],"curies":[{"name":"wp","href":"https:\/\/api.w.org\/{rel}","templated":true}]}}