{"id":16099,"date":"2020-11-29T21:36:00","date_gmt":"2020-11-29T20:36:00","guid":{"rendered":"https:\/\/tradisom.com\/\/?post_type=product&#038;p=16099"},"modified":"2025-09-01T16:27:25","modified_gmt":"2025-09-01T15:27:25","slug":"chulada-da-ponte-velha-sempre-a-ramaldar","status":"publish","type":"product","link":"https:\/\/tradisom.com\/en\/product\/chulada-da-ponte-velha-sempre-a-ramaldar\/","title":{"rendered":"Chulada da Ponte Velha &#8211; Sempre a ramaldar"},"content":{"rendered":"<p>A Chulada da Ponte Velha \u00e9 um projeto resultante do interesse de v\u00e1rios m\u00fasicos em retomar as pr\u00e1ticas musicais do Douro e do Minho, em especial as chulas dos descantes. O uso das violas tradicionais do Norte de Portugal, da rabeca chuleira e do viol\u00e3o ponteado caracterizam o som da banda, composta por Paulo Silva e Pedro Almeida nas percuss\u00f5es, Napole\u00e3o Ribeiro nas violas braguesa e amarantina, Rafael Gomes no viol\u00e3o e viola braguesa, e Nuno Dias na rabeca chuleira. A L\u00edgia Milheiro integra ainda a forma\u00e7\u00e3o enquanto convidada especial para a monitoriza\u00e7\u00e3o da dan\u00e7a.<\/p>\n","protected":false},"excerpt":{"rendered":"<p><iframe loading=\"lazy\" src=\"https:\/\/w.soundcloud.com\/player\/?url=https%3A\/\/api.soundcloud.com\/playlists\/1456519792&amp;color=%23ff5500&amp;auto_play=false&amp;hide_related=false&amp;show_comments=true&amp;show_user=false&amp;show_reposts=false&amp;show_teaser=true\" width=\"100%\" height=\"450\" frameborder=\"no\" scrolling=\"no\"><\/iframe><\/p>\n<div style=\"font-size: 10px; color: #cccccc; line-break: anywhere; word-break: normal; overflow: hidden; white-space: nowrap; text-overflow: ellipsis; font-family: Interstate,Lucida Grande,Lucida Sans Unicode,Lucida Sans,Garuda,Verdana,Tahoma,sans-serif; font-weight: 100;\"><a style=\"color: #cccccc; text-decoration: none;\" title=\"Tradisom\" href=\"https:\/\/soundcloud.com\/tradisom\" target=\"_blank\" rel=\"noopener\">Tradisom<\/a> \u00b7 <a style=\"color: #cccccc; text-decoration: none;\" title=\"Chulada da Ponte Velha - Sempre a ramaldar\" href=\"https:\/\/soundcloud.com\/tradisom\/sets\/chulada-da-ponte-velha-sempre-a-ramaldar\" target=\"_blank\" rel=\"noopener\">Chulada da Ponte Velha &#8211; Sempre a ramaldar<\/a><\/div>\n","protected":false},"featured_media":16881,"template":"","meta":[],"product_brand":[],"product_cat":[316,322,315],"product_tag":[],"class_list":{"0":"post-16099","1":"product","2":"type-product","3":"status-publish","4":"has-post-thumbnail","6":"product_cat-discos-tradisom","7":"product_cat-tradicional-discos-tradisom","8":"product_cat-tradisom","10":"first","11":"outofstock","12":"shipping-taxable","13":"purchasable","14":"product-type-simple"},"_links":{"self":[{"href":"https:\/\/tradisom.com\/en\/wp-json\/wp\/v2\/product\/16099","targetHints":{"allow":["GET"]}}],"collection":[{"href":"https:\/\/tradisom.com\/en\/wp-json\/wp\/v2\/product"}],"about":[{"href":"https:\/\/tradisom.com\/en\/wp-json\/wp\/v2\/types\/product"}],"wp:featuredmedia":[{"embeddable":true,"href":"https:\/\/tradisom.com\/en\/wp-json\/wp\/v2\/media\/16881"}],"wp:attachment":[{"href":"https:\/\/tradisom.com\/en\/wp-json\/wp\/v2\/media?parent=16099"}],"wp:term":[{"taxonomy":"product_brand","embeddable":true,"href":"https:\/\/tradisom.com\/en\/wp-json\/wp\/v2\/product_brand?post=16099"},{"taxonomy":"product_cat","embeddable":true,"href":"https:\/\/tradisom.com\/en\/wp-json\/wp\/v2\/product_cat?post=16099"},{"taxonomy":"product_tag","embeddable":true,"href":"https:\/\/tradisom.com\/en\/wp-json\/wp\/v2\/product_tag?post=16099"}],"curies":[{"name":"wp","href":"https:\/\/api.w.org\/{rel}","templated":true}]}}