{"id":16028,"date":"2020-11-29T20:31:33","date_gmt":"2020-11-29T19:31:33","guid":{"rendered":"https:\/\/tradisom.com\/\/?post_type=product&#038;p=16028"},"modified":"2025-09-01T16:27:46","modified_gmt":"2025-09-01T15:27:46","slug":"rancho-de-cantadores-de-paris-amigos-alentejo-ensemble","status":"publish","type":"product","link":"https:\/\/tradisom.com\/en\/product\/rancho-de-cantadores-de-paris-amigos-alentejo-ensemble\/","title":{"rendered":"Rancho de Cantadores de Paris &#038; Amigos &#8211; Alentejo ensemble"},"content":{"rendered":"<p>Digibook de 154 p\u00e1ginas (portugu\u00eas\/franc\u00eas)<\/p>\n<p>Ap\u00f3s tr\u00eas anos de prepara\u00e7\u00e3o, \u00e9 com enorme prazer que anunciamos que o CD digibook \u201cAlentejo ensemble\u201d j\u00e1 est\u00e1 \u00e0 venda. Para comemorar o sexto anivers\u00e1rio do Cante Alentejano como Patrim\u00f3nio Cultural e Imaterial da Humanidade pela Unesco, o grupo internacional Rancho de Cantadores de Paris edita um \u00e1lbum de introdu\u00e7\u00e3o ao Cante Alentejano contempor\u00e2neo. Este CD conta com a participa\u00e7\u00e3o de 16 artistas e grupos emblem\u00e1ticos, demonstrando a pluralidade de uma tradi\u00e7\u00e3o que vive tanto das refer\u00eancias do passado como do sincretismo cultural e art\u00edstico do presente. Introduzindo o Cante em Fran\u00e7a, os textos das 154 p\u00e1ginas do digibook foram redigidos em Portugu\u00eas por Carlos Balbino, e traduzidos em Franc\u00eas por Marie Odile Thiry-Duarte. As ilustra\u00e7\u00f5es e o desenho gr\u00e1fico foram elaborados por Anna Turtsina, e as fotografias por Ana Bai\u00e3o. O \u00e1lbum cont\u00e9m igualmente com os testemunhos dos coordenadores Mariana Cristina (Ceifeiras de Pias) e Filipe Pratas (Ganh\u00f5es de Castro Verde). O pref\u00e1cio \u00e9 assinado pela Prof. Dra. Salwa El-Shawan Castelo-Branco. Estamos eternamente gratos \u00e0 C\u00e2mara Municipal e \u00e0 Casa do Cante de Serpa, \u00e0 Direc\u00e7\u00e3o Regional da Cultura do Alentejo (Minist\u00e9rio da Cultura de Portugal), e ao Instituto Cam\u00f5es (Embaixada de Portugal em Paris). Um grande obrigado aos doadores que contribuiram nas duas campanhas de crowdfunding em 2019 e 2020. O disco \u00e9 inteiramente produzido pela Compagnie des R\u00eaves Lucides, associa\u00e7\u00e3o francesa de interesse geral.<\/p>\n","protected":false},"excerpt":{"rendered":"<p><iframe loading=\"lazy\" src=\"https:\/\/w.soundcloud.com\/player\/?url=https%3A\/\/api.soundcloud.com\/playlists\/1556565268&amp;color=%23ff5500&amp;auto_play=false&amp;hide_related=false&amp;show_comments=true&amp;show_user=false&amp;show_reposts=false&amp;show_teaser=true\" width=\"100%\" height=\"450\" frameborder=\"no\" scrolling=\"no\"><\/iframe><\/p>\n<div style=\"font-size: 10px; color: #cccccc; line-break: anywhere; word-break: normal; overflow: hidden; white-space: nowrap; text-overflow: ellipsis; font-family: Interstate,Lucida Grande,Lucida Sans Unicode,Lucida Sans,Garuda,Verdana,Tahoma,sans-serif; font-weight: 100;\"><a style=\"color: #cccccc; text-decoration: none;\" title=\"Tradisom\" href=\"https:\/\/soundcloud.com\/tradisom\" target=\"_blank\" rel=\"noopener\">Tradisom<\/a> \u00b7 <a style=\"color: #cccccc; text-decoration: none;\" title=\"Rancho de Cantadores de Paris &amp; Amigos \u2013 Alentejo ensemble\" href=\"https:\/\/soundcloud.com\/tradisom\/sets\/rancho-de-cantadores-de-paris\" target=\"_blank\" rel=\"noopener\">Rancho de Cantadores de Paris &amp; Amigos \u2013 Alentejo ensemble<\/a><\/div>\n","protected":false},"featured_media":29804,"template":"","meta":[],"product_brand":[],"product_cat":[316,322,315],"product_tag":[],"class_list":{"0":"post-16028","1":"product","2":"type-product","3":"status-publish","4":"has-post-thumbnail","6":"product_cat-discos-tradisom","7":"product_cat-tradicional-discos-tradisom","8":"product_cat-tradisom","10":"first","11":"instock","12":"shipping-taxable","13":"purchasable","14":"product-type-simple"},"_links":{"self":[{"href":"https:\/\/tradisom.com\/en\/wp-json\/wp\/v2\/product\/16028","targetHints":{"allow":["GET"]}}],"collection":[{"href":"https:\/\/tradisom.com\/en\/wp-json\/wp\/v2\/product"}],"about":[{"href":"https:\/\/tradisom.com\/en\/wp-json\/wp\/v2\/types\/product"}],"wp:featuredmedia":[{"embeddable":true,"href":"https:\/\/tradisom.com\/en\/wp-json\/wp\/v2\/media\/29804"}],"wp:attachment":[{"href":"https:\/\/tradisom.com\/en\/wp-json\/wp\/v2\/media?parent=16028"}],"wp:term":[{"taxonomy":"product_brand","embeddable":true,"href":"https:\/\/tradisom.com\/en\/wp-json\/wp\/v2\/product_brand?post=16028"},{"taxonomy":"product_cat","embeddable":true,"href":"https:\/\/tradisom.com\/en\/wp-json\/wp\/v2\/product_cat?post=16028"},{"taxonomy":"product_tag","embeddable":true,"href":"https:\/\/tradisom.com\/en\/wp-json\/wp\/v2\/product_tag?post=16028"}],"curies":[{"name":"wp","href":"https:\/\/api.w.org\/{rel}","templated":true}]}}