{"id":15914,"date":"2020-11-29T18:21:39","date_gmt":"2020-11-29T17:21:39","guid":{"rendered":"https:\/\/tradisom.com\/\/?post_type=product&#038;p=15914"},"modified":"2025-09-01T16:28:01","modified_gmt":"2025-09-01T15:28:01","slug":"cantus-dalma","status":"publish","type":"product","link":"https:\/\/tradisom.com\/en\/product\/cantus-dalma\/","title":{"rendered":"Cantus D&#8217;Alma &#8211; Discursus"},"content":{"rendered":"<p>CANTUS D\u00b4ALMA, explora a ess\u00eancia da m\u00fasica medieval atrav\u00e9s das Cantigas de Santa Maria (S\u00e9c. XIII), com um espectro mais rico de novas sonoridades.<\/p>\n<p>Centrando-se na voz de duas cantoras e no amor pela m\u00fasica, o grupo transporta para o s\u00e9culo XXI a sonoridade e musicalidade do s\u00e9culo XIII.<\/p>\n","protected":false},"excerpt":{"rendered":"<p><iframe loading=\"lazy\" src=\"https:\/\/w.soundcloud.com\/player\/?url=https%3A\/\/api.soundcloud.com\/playlists\/1456299091&amp;color=%23ff5500&amp;auto_play=false&amp;hide_related=false&amp;show_comments=true&amp;show_user=false&amp;show_reposts=false&amp;show_teaser=true\" width=\"100%\" height=\"450\" frameborder=\"no\" scrolling=\"no\"><\/iframe><\/p>\n<div style=\"font-size: 10px; color: #cccccc; line-break: anywhere; word-break: normal; overflow: hidden; white-space: nowrap; text-overflow: ellipsis; font-family: Interstate,Lucida Grande,Lucida Sans Unicode,Lucida Sans,Garuda,Verdana,Tahoma,sans-serif; font-weight: 100;\"><a style=\"color: #cccccc; text-decoration: none;\" title=\"Tradisom\" href=\"https:\/\/soundcloud.com\/tradisom\" target=\"_blank\" rel=\"noopener\">Tradisom<\/a> \u00b7 <a style=\"color: #cccccc; text-decoration: none;\" title=\"Cantus D'Alma - Discursus\" href=\"https:\/\/soundcloud.com\/tradisom\/sets\/cantus-dalma-discursus\" target=\"_blank\" rel=\"noopener\">Cantus D&#8217;Alma &#8211; Discursus<\/a><\/div>\n","protected":false},"featured_media":30202,"template":"","meta":[],"product_brand":[],"product_cat":[316,323,315],"product_tag":[],"class_list":{"0":"post-15914","1":"product","2":"type-product","3":"status-publish","4":"has-post-thumbnail","6":"product_cat-discos-tradisom","7":"product_cat-popular-discos-tradisom","8":"product_cat-tradisom","10":"first","11":"outofstock","12":"shipping-taxable","13":"purchasable","14":"product-type-simple"},"_links":{"self":[{"href":"https:\/\/tradisom.com\/en\/wp-json\/wp\/v2\/product\/15914","targetHints":{"allow":["GET"]}}],"collection":[{"href":"https:\/\/tradisom.com\/en\/wp-json\/wp\/v2\/product"}],"about":[{"href":"https:\/\/tradisom.com\/en\/wp-json\/wp\/v2\/types\/product"}],"wp:featuredmedia":[{"embeddable":true,"href":"https:\/\/tradisom.com\/en\/wp-json\/wp\/v2\/media\/30202"}],"wp:attachment":[{"href":"https:\/\/tradisom.com\/en\/wp-json\/wp\/v2\/media?parent=15914"}],"wp:term":[{"taxonomy":"product_brand","embeddable":true,"href":"https:\/\/tradisom.com\/en\/wp-json\/wp\/v2\/product_brand?post=15914"},{"taxonomy":"product_cat","embeddable":true,"href":"https:\/\/tradisom.com\/en\/wp-json\/wp\/v2\/product_cat?post=15914"},{"taxonomy":"product_tag","embeddable":true,"href":"https:\/\/tradisom.com\/en\/wp-json\/wp\/v2\/product_tag?post=15914"}],"curies":[{"name":"wp","href":"https:\/\/api.w.org\/{rel}","templated":true}]}}