{"id":12706,"date":"2018-05-03T23:53:00","date_gmt":"2018-05-03T22:53:00","guid":{"rendered":"https:\/\/tradisom.com\/\/product\/as-tradicoes-portuguesas-em-franca\/"},"modified":"2023-01-01T00:02:09","modified_gmt":"2022-12-31T23:02:09","slug":"as-tradicoes-portuguesas-em-franca","status":"publish","type":"product","link":"https:\/\/tradisom.com\/en\/product\/as-tradicoes-portuguesas-em-franca\/","title":{"rendered":"As Tradi\u00e7\u00f5es Portuguesas em Fran\u00e7a"},"content":{"rendered":"<p class=\"p1\">Profusely illustrated 256 page book, featuring pictures of 21 folk music groups and<span class=\"Apple-converted-space\">\u00a0 <\/span>2 CDs.<\/p>\n<p class=\"p1\">&#8220;That&#8217;s the way we, the Portuguese people, are. We only appreciate our country when we are away from it. When we are still at our original corner, we neglect its virtues, undervaluate its traditions, we even despise them. The book Judite da Cruz offers us is an important contribution for studying the presence of folk music groups in France. It should be complemented and developed by other authors who care to join her\u201d. Excerpt from the book&#8217;s preface, by Jos\u00e9 Alberto Sardinha<\/p>\n","protected":false},"excerpt":{"rendered":"<p>Volume 7 of SONS DA TRADI\u00c7\u00c3O collection<\/p>\n","protected":false},"featured_media":30064,"template":"","meta":[],"product_brand":[],"product_cat":[354,411,342,410],"product_tag":[],"class_list":{"0":"post-12706","1":"product","2":"type-product","3":"status-publish","4":"has-post-thumbnail","6":"product_cat-livros-tradisom-en","7":"product_cat-documentary-en","8":"product_cat-tradisom-en","9":"product_cat-traditional-en","11":"first","12":"instock","13":"shipping-taxable","14":"purchasable","15":"product-type-simple"},"_links":{"self":[{"href":"https:\/\/tradisom.com\/en\/wp-json\/wp\/v2\/product\/12706","targetHints":{"allow":["GET"]}}],"collection":[{"href":"https:\/\/tradisom.com\/en\/wp-json\/wp\/v2\/product"}],"about":[{"href":"https:\/\/tradisom.com\/en\/wp-json\/wp\/v2\/types\/product"}],"wp:featuredmedia":[{"embeddable":true,"href":"https:\/\/tradisom.com\/en\/wp-json\/wp\/v2\/media\/30064"}],"wp:attachment":[{"href":"https:\/\/tradisom.com\/en\/wp-json\/wp\/v2\/media?parent=12706"}],"wp:term":[{"taxonomy":"product_brand","embeddable":true,"href":"https:\/\/tradisom.com\/en\/wp-json\/wp\/v2\/product_brand?post=12706"},{"taxonomy":"product_cat","embeddable":true,"href":"https:\/\/tradisom.com\/en\/wp-json\/wp\/v2\/product_cat?post=12706"},{"taxonomy":"product_tag","embeddable":true,"href":"https:\/\/tradisom.com\/en\/wp-json\/wp\/v2\/product_tag?post=12706"}],"curies":[{"name":"wp","href":"https:\/\/api.w.org\/{rel}","templated":true}]}}