{"id":12692,"date":"2018-05-09T21:32:25","date_gmt":"2018-05-09T20:32:25","guid":{"rendered":"https:\/\/tradisom.com\/\/product\/por-terras-do-zeca\/"},"modified":"2023-01-01T00:02:08","modified_gmt":"2022-12-31T23:02:08","slug":"por-terras-do-zeca","status":"publish","type":"product","link":"https:\/\/tradisom.com\/en\/product\/por-terras-do-zeca\/","title":{"rendered":"Por Terras do Zeca"},"content":{"rendered":"<p class=\"p1\">Jos\u00e9 Afonso is a master, an exemplary case of an author\/writer\/interpreter, a complete and unique creative personality, a light that never goes out and enlightens even those who don&#8217;t know him or who don&#8217;t know him well. As told in Hermann Hesse&#8217;s \u201cSiddharta\u201d, masters don&#8217;t actually exist, they are but a compass. The path \u2013 right, wrong or so-so \u2013 is made by their disciples. That&#8217;s the reason why recriations, albeit inspired by the Master, are indeed the recriator&#8217;s expression \u2013 of his talents and his purposes.<\/p>\n<p class=\"p1\">JOS\u00c9 M\u00c1RIO BRANCO January 2018<\/p>\n<p>&nbsp;<\/p>\n<ol>\n<li>Por Esta Estrada<\/li>\n<li>Traz Outro Amigo Tamb\u00e9m<\/li>\n<li>Os \u00cdndios da Meia Praia<\/li>\n<li>O Que Faz Falta<\/li>\n<li>Menino do Bairro Negro<\/li>\n<li>Verdade e Mentira<\/li>\n<li>L\u00e1 no Xepangara<\/li>\n<li>Que Amor N\u00e3o Me Engana<\/li>\n<li>Os Vampiros<\/li>\n<li>No Comboio Descendente<\/li>\n<li>Verdes S\u00e3o Os Campos<\/li>\n<li>Maria Faia<\/li>\n<li>Benditos<\/li>\n<li>Ali Est\u00e1 o Rio<\/li>\n<li>Vejam Bem<\/li>\n<li>Can\u00e7\u00e3o da Paci\u00eancia<\/li>\n<li>Venham Mais Cinco<\/li>\n<li>O Cantador<\/li>\n<\/ol>\n","protected":false},"excerpt":{"rendered":"<p>Jos\u00e9 Afonso is a master, an exemplary case of an author\/writer\/interpreter, a complete and unique creative personality, a light that never goes out and enlightens even those who don&#8217;t know him or who don&#8217;t know him well. As told in Hermann Hesse&#8217;s \u201cSiddharta\u201d, masters don&#8217;t actually exist, they are but a compass. The path \u2013 [&#8230;]\n","protected":false},"featured_media":16846,"template":"","meta":[],"product_brand":[],"product_cat":[345,350,342],"product_tag":[],"class_list":{"0":"post-12692","1":"product","2":"type-product","3":"status-publish","4":"has-post-thumbnail","6":"product_cat-discos-tradisom-en","7":"product_cat-popular-discos-tradisom-en","8":"product_cat-tradisom-en","10":"first","11":"outofstock","12":"shipping-taxable","13":"purchasable","14":"product-type-simple"},"_links":{"self":[{"href":"https:\/\/tradisom.com\/en\/wp-json\/wp\/v2\/product\/12692","targetHints":{"allow":["GET"]}}],"collection":[{"href":"https:\/\/tradisom.com\/en\/wp-json\/wp\/v2\/product"}],"about":[{"href":"https:\/\/tradisom.com\/en\/wp-json\/wp\/v2\/types\/product"}],"wp:featuredmedia":[{"embeddable":true,"href":"https:\/\/tradisom.com\/en\/wp-json\/wp\/v2\/media\/16846"}],"wp:attachment":[{"href":"https:\/\/tradisom.com\/en\/wp-json\/wp\/v2\/media?parent=12692"}],"wp:term":[{"taxonomy":"product_brand","embeddable":true,"href":"https:\/\/tradisom.com\/en\/wp-json\/wp\/v2\/product_brand?post=12692"},{"taxonomy":"product_cat","embeddable":true,"href":"https:\/\/tradisom.com\/en\/wp-json\/wp\/v2\/product_cat?post=12692"},{"taxonomy":"product_tag","embeddable":true,"href":"https:\/\/tradisom.com\/en\/wp-json\/wp\/v2\/product_tag?post=12692"}],"curies":[{"name":"wp","href":"https:\/\/api.w.org\/{rel}","templated":true}]}}