{"id":12682,"date":"2018-05-03T23:30:58","date_gmt":"2018-05-03T23:30:58","guid":{"rendered":"https:\/\/tradisom.com\/\/product\/praca-do-comercio-digibooklp\/"},"modified":"2018-05-03T23:30:58","modified_gmt":"2018-05-03T22:30:58","slug":"praca-do-comercio-digibooklp","status":"publish","type":"product","link":"https:\/\/tradisom.com\/en\/product\/praca-do-comercio-digibooklp\/","title":{"rendered":"Pra\u00e7a do Com\u00e9rcio (digibook+LP)"},"content":{"rendered":"<p class=\"p1\">\u201cPra\u00e7a do Com\u00e9rcio\u201d won the PEDRO OS\u00d3RIO AWARD for best Portuguese album in 2017, awarded by the Sociedade Portuguesa de Autores.<\/p>\n<p class=\"p1\">It feautures several musicians, such as the Canadian James Hill (ukulele), Jos\u00e9 Manuel Neto (Portuguese guitar), Pedro J\u00f3ia (viola) and Norberto Gon\u00e7alves da Cruz (mandolin). Ant\u00f3nio Zambujo, Olga Cerpa (Canaries), Chney Wa Gune (Mozambique), Luanda Cozetti (Brazil) and others also lended their voices to the record.<\/p>\n<p class=\"p1\">J\u00falio Pereira has released over 20 author records and participated on about 80 records by other artists as a player, orchestrator or producer.<\/p>\n","protected":false},"excerpt":{"rendered":"[zoomsounds id=&#8221;praca-do-comercio-digibook&#8221;]\n","protected":false},"featured_media":16600,"template":"","meta":[],"product_brand":[],"product_cat":[345,353,350,352,342],"product_tag":[],"class_list":{"0":"post-12682","1":"product","2":"type-product","3":"status-publish","4":"has-post-thumbnail","6":"product_cat-discos-tradisom-en","7":"product_cat-edicoes-especiais-tradisom-en","8":"product_cat-popular-discos-tradisom-en","9":"product_cat-tradicional-en","10":"product_cat-tradisom-en","12":"first","13":"instock","14":"shipping-taxable","15":"purchasable","16":"product-type-simple"},"_links":{"self":[{"href":"https:\/\/tradisom.com\/en\/wp-json\/wp\/v2\/product\/12682","targetHints":{"allow":["GET"]}}],"collection":[{"href":"https:\/\/tradisom.com\/en\/wp-json\/wp\/v2\/product"}],"about":[{"href":"https:\/\/tradisom.com\/en\/wp-json\/wp\/v2\/types\/product"}],"wp:featuredmedia":[{"embeddable":true,"href":"https:\/\/tradisom.com\/en\/wp-json\/wp\/v2\/media\/16600"}],"wp:attachment":[{"href":"https:\/\/tradisom.com\/en\/wp-json\/wp\/v2\/media?parent=12682"}],"wp:term":[{"taxonomy":"product_brand","embeddable":true,"href":"https:\/\/tradisom.com\/en\/wp-json\/wp\/v2\/product_brand?post=12682"},{"taxonomy":"product_cat","embeddable":true,"href":"https:\/\/tradisom.com\/en\/wp-json\/wp\/v2\/product_cat?post=12682"},{"taxonomy":"product_tag","embeddable":true,"href":"https:\/\/tradisom.com\/en\/wp-json\/wp\/v2\/product_tag?post=12682"}],"curies":[{"name":"wp","href":"https:\/\/api.w.org\/{rel}","templated":true}]}}