{"id":7861,"date":"2018-07-31T11:09:12","date_gmt":"2018-07-31T11:09:12","guid":{"rendered":"https:\/\/tradisom.com\/\/?page_id=7861"},"modified":"2018-07-31T11:09:12","modified_gmt":"2018-07-31T11:09:12","slug":"a-editora","status":"publish","type":"page","link":"https:\/\/tradisom.com\/en\/a-editora\/","title":{"rendered":"A Editora"},"content":{"rendered":"\n  <div class=\"banner has-hover has-parallax\" id=\"banner-642415655\">\n          <div class=\"banner-inner fill\">\n        <div class=\"banner-bg fill\" data-parallax=\"-3\" data-parallax-container=\".banner\" data-parallax-background>\n            <img loading=\"lazy\" decoding=\"async\" width=\"1020\" height=\"574\" src=\"https:\/\/tradisom.com\/wp-content\/uploads\/2018\/03\/maxresdefault-1400x788.jpg\" class=\"bg attachment-large size-large\" alt=\"radisom\" \/>                                    \n                    <\/div>\n\t\t\n        <div class=\"banner-layers container\">\n            <div class=\"fill banner-link\"><\/div>            \n   <div id=\"text-box-417552705\" class=\"text-box banner-layer x5 md-x5 lg-x5 y25 md-y25 lg-y25 res-text\">\n                                <div class=\"text-box-content text dark\">\n              \n              <div class=\"text-inner text-center\">\n                  \n<h1 class=\"lead\" style=\"text-align: left;\"><span style=\"font-size: 200%;\"><strong>JOS\u00c9<\/strong><\/span><br \/>\n<span style=\"font-size: 200%;\"><strong>MO\u00c7AS<\/strong><\/span><\/h1>\n              <\/div>\n           <\/div>\n                            \n<style>\n#text-box-417552705 {\n  width: 60%;\n}\n#text-box-417552705 .text-box-content {\n  font-size: 100%;\n}\n<\/style>\n    <\/div>\n \n        <\/div>\n      <\/div>\n\n            \n<style>\n#banner-642415655 {\n  padding-top: 707px;\n}\n<\/style>\n  <\/div>\n\n\n<div class=\"row\"  id=\"row-1140844061\">\n\n\t<div id=\"col-488824122\" class=\"col small-12 large-12\"  >\n\t\t\t\t<div class=\"col-inner\"  >\n\t\t\t\n\t\t\t\n<p>A m\u00fasica, como fen\u00f3meno de penetra\u00e7\u00e3o cultural, espalhou ao longo dos s\u00e9culos as suas ra\u00edzes e influenciou de formas diversas a cultura dos povos. Por outro lado, a experi\u00eancia recolhida do contacto com esses povos permitiu, de certo modo, uma mais f\u00e1cil compreens\u00e3o das suas tradi\u00e7\u00f5es.<\/p>\n<p>A TRADISOM foi criada para captar e divulgar as tradi\u00e7\u00f5es musicais portuguesas, n\u00e3o s\u00f3 em Portugal, mas tamb\u00e9m nos locais onde a presen\u00e7a e as influ\u00eancias musicais dos portugueses se fazem sentir.<\/p>\n<p>Com as suas edi\u00e7\u00f5es tentar\u00e1 mostrar essas formas distintas de m\u00fatuo relacionamento musical, tendo como crit\u00e9rio fundamental a preserva\u00e7\u00e3o de certas formas de express\u00e3o aut\u00eanticas, com a preocupa\u00e7\u00e3o permanente de fazer acompanhar as grava\u00e7\u00f5es de detalhadas explica\u00e7\u00f5es de car\u00e1cter cient\u00edfico.<\/p>\n<p>Mas, a TRADISOM tem ainda importante papel na recupera\u00e7\u00e3o de todo o tipo de material fonogr\u00e1fico (e n\u00e3o s\u00f3) acumulado em arquivos e cole\u00e7\u00f5es particulares, suscept\u00edvel de ser editado.<\/p>\n<p>No ano em que se realizou a \u00faltima exposi\u00e7\u00e3o mundial do s\u00e9culo XX, a EXPO98 de Lisboa, a TRADISOM produziu uma cole\u00e7\u00e3o de 12 discos intitulada &#8220;A VIAGEM DOS SONS&#8221; , um valios\u00edssimo conjunto de grava\u00e7\u00f5es realizadas em Goa, Dam\u00e3o, Diu, Cochim, Korlai (India), Sri lanka, Malaca, Sumatra, Macau, Timor Leste, Mo\u00e7ambique, S\u00e3o Tom\u00e9, Cabo Verde e Brasil.<\/p>\n<p>Um projeto \u00fanico, de que vos falamos em pormenor em local de destaque da nossa p\u00e1gina.<\/p>\n<p>Numa parceria com a RTP e o Jornal P\u00fablico restituiu ao povo portugu\u00eas uma patrim\u00f3nio de inestim\u00e1vel valor cultural. Falamos da edi\u00e7\u00e3o da FILMOGRAFIA COMPLETA DE MICHEL GIACOMETTI, uma cole\u00e7\u00e3o de 12 livros, onde inclu\u00edmos todos as filmagens contidas na s\u00e9rie Povo que Canta e ainda as realizadas alguns anos antes retratando um conselho de aldeia em Rio de Onor e o Alar da Rede em Portim\u00e3o.<\/p>\n<p>Como denominador comum a todas as edi\u00e7\u00f5es contidas nesta p\u00e1gina o rigor cient\u00edfico e o bom gosto est\u00e9tico de todos aqueles que souberam transformar as edi\u00e7\u00f5es da Tradisom em objetos de cole\u00e7\u00e3o, alguns deles j\u00e1 esgotados.<\/p>\n<p>Para o futuro pr\u00f3ximo v\u00e1rios projetos em andamento, que a seu tempo ir\u00e3o sendo divulgados na nossa newsletter.<\/p>\n<div class=\"text-center\"><div class=\"is-divider divider clearfix\" ><\/div><\/div>\n\t\t<\/div>\n\t\t\t\t\t<\/div>\n\n\t\n<\/div>\n","protected":false},"excerpt":{"rendered":"","protected":false},"author":259,"featured_media":9612,"parent":0,"menu_order":0,"comment_status":"closed","ping_status":"closed","template":"page-blank.php","meta":{"footnotes":""},"class_list":["post-7861","page","type-page","status-publish","has-post-thumbnail","hentry"],"wps_subtitle":"","_links":{"self":[{"href":"https:\/\/tradisom.com\/en\/wp-json\/wp\/v2\/pages\/7861","targetHints":{"allow":["GET"]}}],"collection":[{"href":"https:\/\/tradisom.com\/en\/wp-json\/wp\/v2\/pages"}],"about":[{"href":"https:\/\/tradisom.com\/en\/wp-json\/wp\/v2\/types\/page"}],"author":[{"embeddable":true,"href":"https:\/\/tradisom.com\/en\/wp-json\/wp\/v2\/users\/259"}],"replies":[{"embeddable":true,"href":"https:\/\/tradisom.com\/en\/wp-json\/wp\/v2\/comments?post=7861"}],"version-history":[{"count":0,"href":"https:\/\/tradisom.com\/en\/wp-json\/wp\/v2\/pages\/7861\/revisions"}],"wp:featuredmedia":[{"embeddable":true,"href":"https:\/\/tradisom.com\/en\/wp-json\/wp\/v2\/media\/9612"}],"wp:attachment":[{"href":"https:\/\/tradisom.com\/en\/wp-json\/wp\/v2\/media?parent=7861"}],"curies":[{"name":"wp","href":"https:\/\/api.w.org\/{rel}","templated":true}]}}